{"id":18152,"date":"2025-01-02T10:59:29","date_gmt":"2025-01-02T02:59:29","guid":{"rendered":"https:\/\/www.insurepart.com\/?post_type=product&#038;p=18152"},"modified":"2025-12-30T11:10:29","modified_gmt":"2025-12-30T03:10:29","slug":"vibrant-masterpiece-for-oppo-find-x3-pro-with-mesmerizing-detail-and-true-to-life-colors","status":"publish","type":"product","link":"https:\/\/www.insurepart.com\/de\/produkt\/vibrant-masterpiece-for-oppo-find-x3-pro-with-mesmerizing-detail-and-true-to-life-colors\/","title":{"rendered":"OPPO Find X3 Pro Display-Ersatz \u2013 Brillantes Meisterwerk mit faszinierenden Details und naturgetreuen Farben \u2013 Extrem fl\u00fcssige Bedienung \u2013 Erstausr\u00fcsterqualit\u00e4t \u2013 Qualit\u00e4tsgarantie \u2013 Schneller Versand"},"content":{"rendered":"<p style=\"text-align: center;\"><img fetchpriority=\"high\" decoding=\"async\" class=\"alignnone size-full wp-image-15567\" src=\"https:\/\/www.insurepart.com\/wp-content\/uploads\/2024\/08\/\u4e3a\u4ec0\u4e48\u9009\u62e9\u6211\u4eec22.webp\" alt=\"\" width=\"1000\" height=\"786\" srcset=\"https:\/\/www.insurepart.com\/wp-content\/uploads\/2024\/08\/\u4e3a\u4ec0\u4e48\u9009\u62e9\u6211\u4eec22.webp 1000w, https:\/\/www.insurepart.com\/wp-content\/uploads\/2024\/08\/\u4e3a\u4ec0\u4e48\u9009\u62e9\u6211\u4eec22-300x236.webp 300w, https:\/\/www.insurepart.com\/wp-content\/uploads\/2024\/08\/\u4e3a\u4ec0\u4e48\u9009\u62e9\u6211\u4eec22-150x118.webp 150w, https:\/\/www.insurepart.com\/wp-content\/uploads\/2024\/08\/\u4e3a\u4ec0\u4e48\u9009\u62e9\u6211\u4eec22-800x629.webp 800w, https:\/\/www.insurepart.com\/wp-content\/uploads\/2024\/08\/\u4e3a\u4ec0\u4e48\u9009\u62e9\u6211\u4eec22-768x604.webp 768w, https:\/\/www.insurepart.com\/wp-content\/uploads\/2024\/08\/\u4e3a\u4ec0\u4e48\u9009\u62e9\u6211\u4eec22-15x12.webp 15w\" sizes=\"(max-width: 1000px) 100vw, 1000px\" \/><\/p>","protected":false},"excerpt":{"rendered":"<p><span style=\"font-size: 10pt;\">Lassen Sie sich vom Display des OPPO Find X3 Pro mit seinen lebendigen Details und naturgetreuen Farben verzaubern. Jeder Moment wirkt real, dank au\u00dfergew\u00f6hnlicher Sch\u00e4rfe und faszinierender Tiefenwirkung. Die ausgewogene Helligkeit und die fl\u00fcssigen \u00dcberg\u00e4nge machen den Bildschirm zum idealen Begleiter f\u00fcr anspruchsvolle Aufgaben und entspannte Momente und holen das Beste aus jedem Bild heraus.<\/span><\/p>","protected":false},"featured_media":18106,"comment_status":"open","ping_status":"closed","template":"","meta":[],"product_brand":[],"product_cat":[422,734],"product_tag":[],"class_list":{"0":"post-18152","1":"product","2":"type-product","3":"status-publish","4":"has-post-thumbnail","6":"product_cat-find-series","7":"product_cat-find-x3-pro-2021","9":"first","10":"instock","11":"taxable","12":"shipping-taxable","13":"purchasable","14":"product-type-simple"},"yoast_head":"<!-- This site is optimized with the Yoast SEO plugin v27.3 - https:\/\/yoast.com\/product\/yoast-seo-wordpress\/ -->\n<title>OPPO Find X3 Pro Display Replacement - Vibrant Masterpiece with Mesmerizing Detail &amp; True-to-Life Colors - Ultra-Smooth Touch - OEM Grade - Quality Guaranteed - Fast Shipping - InsurePart<\/title>\n<meta name=\"description\" content=\"OPPO Find X3 Pro Display Replacement - Vibrant Masterpiece with Mesmerizing Detail &amp; True-to-Life Colors - Ultra-Smooth Touch - OEM Grade - Quality Guaranteed - Fast Shipping\" \/>\n<meta name=\"robots\" content=\"index, follow, max-snippet:-1, max-image-preview:large, max-video-preview:-1\" \/>\n<link rel=\"canonical\" href=\"https:\/\/www.insurepart.com\/de\/produkt\/vibrant-masterpiece-for-oppo-find-x3-pro-with-mesmerizing-detail-and-true-to-life-colors\/\" \/>\n<meta property=\"og:locale\" content=\"de_DE\" \/>\n<meta property=\"og:type\" content=\"article\" \/>\n<meta property=\"og:title\" content=\"OPPO Find X3 Pro Display Replacement - Vibrant Masterpiece with Mesmerizing Detail &amp; True-to-Life Colors - Ultra-Smooth Touch - OEM Grade - Quality Guaranteed - Fast Shipping - InsurePart\" \/>\n<meta property=\"og:description\" content=\"OPPO Find X3 Pro Display Replacement - Vibrant Masterpiece with Mesmerizing Detail &amp; True-to-Life Colors - Ultra-Smooth Touch - OEM Grade - Quality Guaranteed - Fast Shipping\" \/>\n<meta property=\"og:url\" content=\"https:\/\/www.insurepart.com\/de\/produkt\/vibrant-masterpiece-for-oppo-find-x3-pro-with-mesmerizing-detail-and-true-to-life-colors\/\" \/>\n<meta property=\"og:site_name\" content=\"InsurePart\" \/>\n<meta property=\"article:publisher\" content=\"https:\/\/www.facebook.com\/anjinleeEva\" \/>\n<meta property=\"article:modified_time\" content=\"2025-12-30T03:10:29+00:00\" \/>\n<meta property=\"og:image\" content=\"https:\/\/www.insurepart.com\/wp-content\/uploads\/2025\/01\/FindX3Pro\u4e3b.webp\" \/>\n\t<meta property=\"og:image:width\" content=\"800\" \/>\n\t<meta property=\"og:image:height\" content=\"800\" \/>\n\t<meta property=\"og:image:type\" content=\"image\/webp\" \/>\n<meta name=\"twitter:card\" content=\"summary_large_image\" \/>\n<meta name=\"twitter:label1\" content=\"Gesch\u00e4tzte Lesezeit\" \/>\n\t<meta name=\"twitter:data1\" content=\"1\u00a0Minute\" \/>\n<script type=\"application\/ld+json\" class=\"yoast-schema-graph\">{\"@context\":\"https:\\\/\\\/schema.org\",\"@graph\":[{\"@type\":\"WebPage\",\"@id\":\"https:\\\/\\\/www.insurepart.com\\\/product\\\/vibrant-masterpiece-for-oppo-find-x3-pro-with-mesmerizing-detail-and-true-to-life-colors\\\/\",\"url\":\"https:\\\/\\\/www.insurepart.com\\\/product\\\/vibrant-masterpiece-for-oppo-find-x3-pro-with-mesmerizing-detail-and-true-to-life-colors\\\/\",\"name\":\"OPPO Find X3 Pro Display Replacement - Vibrant Masterpiece with Mesmerizing Detail & True-to-Life Colors - Ultra-Smooth Touch - OEM Grade - Quality Guaranteed - Fast Shipping - InsurePart\",\"isPartOf\":{\"@id\":\"https:\\\/\\\/www.insurepart.com\\\/de\\\/#website\"},\"primaryImageOfPage\":{\"@id\":\"https:\\\/\\\/www.insurepart.com\\\/product\\\/vibrant-masterpiece-for-oppo-find-x3-pro-with-mesmerizing-detail-and-true-to-life-colors\\\/#primaryimage\"},\"image\":{\"@id\":\"https:\\\/\\\/www.insurepart.com\\\/product\\\/vibrant-masterpiece-for-oppo-find-x3-pro-with-mesmerizing-detail-and-true-to-life-colors\\\/#primaryimage\"},\"thumbnailUrl\":\"https:\\\/\\\/www.insurepart.com\\\/wp-content\\\/uploads\\\/2025\\\/01\\\/FindX3Pro\u4e3b.webp\",\"datePublished\":\"2025-01-02T02:59:29+00:00\",\"dateModified\":\"2025-12-30T03:10:29+00:00\",\"description\":\"OPPO Find X3 Pro Display Replacement - Vibrant Masterpiece with Mesmerizing Detail & True-to-Life Colors - Ultra-Smooth Touch - OEM Grade - Quality Guaranteed - Fast Shipping\",\"breadcrumb\":{\"@id\":\"https:\\\/\\\/www.insurepart.com\\\/product\\\/vibrant-masterpiece-for-oppo-find-x3-pro-with-mesmerizing-detail-and-true-to-life-colors\\\/#breadcrumb\"},\"inLanguage\":\"de\",\"potentialAction\":[{\"@type\":\"ReadAction\",\"target\":[\"https:\\\/\\\/www.insurepart.com\\\/product\\\/vibrant-masterpiece-for-oppo-find-x3-pro-with-mesmerizing-detail-and-true-to-life-colors\\\/\"]}]},{\"@type\":\"ImageObject\",\"inLanguage\":\"de\",\"@id\":\"https:\\\/\\\/www.insurepart.com\\\/product\\\/vibrant-masterpiece-for-oppo-find-x3-pro-with-mesmerizing-detail-and-true-to-life-colors\\\/#primaryimage\",\"url\":\"https:\\\/\\\/www.insurepart.com\\\/wp-content\\\/uploads\\\/2025\\\/01\\\/FindX3Pro\u4e3b.webp\",\"contentUrl\":\"https:\\\/\\\/www.insurepart.com\\\/wp-content\\\/uploads\\\/2025\\\/01\\\/FindX3Pro\u4e3b.webp\",\"width\":800,\"height\":800},{\"@type\":\"BreadcrumbList\",\"@id\":\"https:\\\/\\\/www.insurepart.com\\\/product\\\/vibrant-masterpiece-for-oppo-find-x3-pro-with-mesmerizing-detail-and-true-to-life-colors\\\/#breadcrumb\",\"itemListElement\":[{\"@type\":\"ListItem\",\"position\":1,\"name\":\"Home\",\"item\":\"https:\\\/\\\/www.insurepart.com\\\/\"},{\"@type\":\"ListItem\",\"position\":2,\"name\":\"Product\",\"item\":\"https:\\\/\\\/www.insurepart.com\\\/product\\\/\"},{\"@type\":\"ListItem\",\"position\":3,\"name\":\"OPPO Find X3 Pro Display Replacement &#8211; Vibrant Masterpiece with Mesmerizing Detail &#038; True-to-Life Colors &#8211; Ultra-Smooth Touch &#8211; OEM Grade &#8211; Quality Guaranteed &#8211; Fast Shipping\"}]},{\"@type\":\"WebSite\",\"@id\":\"https:\\\/\\\/www.insurepart.com\\\/de\\\/#website\",\"url\":\"https:\\\/\\\/www.insurepart.com\\\/de\\\/\",\"name\":\"InsurePart\",\"description\":\"Cell Phone Repair Parts; iPhone Parts Wholesale;Samsung Parts Supplier\",\"potentialAction\":[{\"@type\":\"SearchAction\",\"target\":{\"@type\":\"EntryPoint\",\"urlTemplate\":\"https:\\\/\\\/www.insurepart.com\\\/de\\\/?s={search_term_string}\"},\"query-input\":{\"@type\":\"PropertyValueSpecification\",\"valueRequired\":true,\"valueName\":\"search_term_string\"}}],\"inLanguage\":\"de\"}]}<\/script>\n<!-- \/ Yoast SEO plugin. -->","yoast_head_json":{"title":"OPPO Find X3 Pro Display Replacement - Vibrant Masterpiece with Mesmerizing Detail & True-to-Life Colors - Ultra-Smooth Touch - OEM Grade - Quality Guaranteed - Fast Shipping - InsurePart","description":"OPPO Find X3 Pro Display Replacement - Vibrant Masterpiece with Mesmerizing Detail & True-to-Life Colors - Ultra-Smooth Touch - OEM Grade - Quality Guaranteed - Fast Shipping","robots":{"index":"index","follow":"follow","max-snippet":"max-snippet:-1","max-image-preview":"max-image-preview:large","max-video-preview":"max-video-preview:-1"},"canonical":"https:\/\/www.insurepart.com\/de\/produkt\/vibrant-masterpiece-for-oppo-find-x3-pro-with-mesmerizing-detail-and-true-to-life-colors\/","og_locale":"de_DE","og_type":"article","og_title":"OPPO Find X3 Pro Display Replacement - Vibrant Masterpiece with Mesmerizing Detail & True-to-Life Colors - Ultra-Smooth Touch - OEM Grade - Quality Guaranteed - Fast Shipping - InsurePart","og_description":"OPPO Find X3 Pro Display Replacement - Vibrant Masterpiece with Mesmerizing Detail & True-to-Life Colors - Ultra-Smooth Touch - OEM Grade - Quality Guaranteed - Fast Shipping","og_url":"https:\/\/www.insurepart.com\/de\/produkt\/vibrant-masterpiece-for-oppo-find-x3-pro-with-mesmerizing-detail-and-true-to-life-colors\/","og_site_name":"InsurePart","article_publisher":"https:\/\/www.facebook.com\/anjinleeEva","article_modified_time":"2025-12-30T03:10:29+00:00","og_image":[{"width":800,"height":800,"url":"https:\/\/www.insurepart.com\/wp-content\/uploads\/2025\/01\/FindX3Pro\u4e3b.webp","type":"image\/webp"}],"twitter_card":"summary_large_image","twitter_misc":{"Gesch\u00e4tzte Lesezeit":"1\u00a0Minute"},"schema":{"@context":"https:\/\/schema.org","@graph":[{"@type":"WebPage","@id":"https:\/\/www.insurepart.com\/product\/vibrant-masterpiece-for-oppo-find-x3-pro-with-mesmerizing-detail-and-true-to-life-colors\/","url":"https:\/\/www.insurepart.com\/product\/vibrant-masterpiece-for-oppo-find-x3-pro-with-mesmerizing-detail-and-true-to-life-colors\/","name":"OPPO Find X3 Pro Display Replacement - Vibrant Masterpiece with Mesmerizing Detail & True-to-Life Colors - Ultra-Smooth Touch - OEM Grade - Quality Guaranteed - Fast Shipping - InsurePart","isPartOf":{"@id":"https:\/\/www.insurepart.com\/de\/#website"},"primaryImageOfPage":{"@id":"https:\/\/www.insurepart.com\/product\/vibrant-masterpiece-for-oppo-find-x3-pro-with-mesmerizing-detail-and-true-to-life-colors\/#primaryimage"},"image":{"@id":"https:\/\/www.insurepart.com\/product\/vibrant-masterpiece-for-oppo-find-x3-pro-with-mesmerizing-detail-and-true-to-life-colors\/#primaryimage"},"thumbnailUrl":"https:\/\/www.insurepart.com\/wp-content\/uploads\/2025\/01\/FindX3Pro\u4e3b.webp","datePublished":"2025-01-02T02:59:29+00:00","dateModified":"2025-12-30T03:10:29+00:00","description":"OPPO Find X3 Pro Display Replacement - Vibrant Masterpiece with Mesmerizing Detail & True-to-Life Colors - Ultra-Smooth Touch - OEM Grade - Quality Guaranteed - Fast Shipping","breadcrumb":{"@id":"https:\/\/www.insurepart.com\/product\/vibrant-masterpiece-for-oppo-find-x3-pro-with-mesmerizing-detail-and-true-to-life-colors\/#breadcrumb"},"inLanguage":"de","potentialAction":[{"@type":"ReadAction","target":["https:\/\/www.insurepart.com\/product\/vibrant-masterpiece-for-oppo-find-x3-pro-with-mesmerizing-detail-and-true-to-life-colors\/"]}]},{"@type":"ImageObject","inLanguage":"de","@id":"https:\/\/www.insurepart.com\/product\/vibrant-masterpiece-for-oppo-find-x3-pro-with-mesmerizing-detail-and-true-to-life-colors\/#primaryimage","url":"https:\/\/www.insurepart.com\/wp-content\/uploads\/2025\/01\/FindX3Pro\u4e3b.webp","contentUrl":"https:\/\/www.insurepart.com\/wp-content\/uploads\/2025\/01\/FindX3Pro\u4e3b.webp","width":800,"height":800},{"@type":"BreadcrumbList","@id":"https:\/\/www.insurepart.com\/product\/vibrant-masterpiece-for-oppo-find-x3-pro-with-mesmerizing-detail-and-true-to-life-colors\/#breadcrumb","itemListElement":[{"@type":"ListItem","position":1,"name":"Home","item":"https:\/\/www.insurepart.com\/"},{"@type":"ListItem","position":2,"name":"Product","item":"https:\/\/www.insurepart.com\/product\/"},{"@type":"ListItem","position":3,"name":"OPPO Find X3 Pro Display Replacement &#8211; Vibrant Masterpiece with Mesmerizing Detail &#038; True-to-Life Colors &#8211; Ultra-Smooth Touch &#8211; OEM Grade &#8211; Quality Guaranteed &#8211; Fast Shipping"}]},{"@type":"WebSite","@id":"https:\/\/www.insurepart.com\/de\/#website","url":"https:\/\/www.insurepart.com\/de\/","name":"InsurePart","description":"Handy-Ersatzteile; iPhone-Ersatzteile im Gro\u00dfhandel; Samsung-Ersatzteillieferant","potentialAction":[{"@type":"SearchAction","target":{"@type":"EntryPoint","urlTemplate":"https:\/\/www.insurepart.com\/de\/?s={search_term_string}"},"query-input":{"@type":"PropertyValueSpecification","valueRequired":true,"valueName":"search_term_string"}}],"inLanguage":"de"}]}},"_links":{"self":[{"href":"https:\/\/www.insurepart.com\/de\/wp-json\/wp\/v2\/product\/18152","targetHints":{"allow":["GET"]}}],"collection":[{"href":"https:\/\/www.insurepart.com\/de\/wp-json\/wp\/v2\/product"}],"about":[{"href":"https:\/\/www.insurepart.com\/de\/wp-json\/wp\/v2\/types\/product"}],"replies":[{"embeddable":true,"href":"https:\/\/www.insurepart.com\/de\/wp-json\/wp\/v2\/comments?post=18152"}],"version-history":[{"count":3,"href":"https:\/\/www.insurepart.com\/de\/wp-json\/wp\/v2\/product\/18152\/revisions"}],"predecessor-version":[{"id":23933,"href":"https:\/\/www.insurepart.com\/de\/wp-json\/wp\/v2\/product\/18152\/revisions\/23933"}],"wp:featuredmedia":[{"embeddable":true,"href":"https:\/\/www.insurepart.com\/de\/wp-json\/wp\/v2\/media\/18106"}],"wp:attachment":[{"href":"https:\/\/www.insurepart.com\/de\/wp-json\/wp\/v2\/media?parent=18152"}],"wp:term":[{"taxonomy":"product_brand","embeddable":true,"href":"https:\/\/www.insurepart.com\/de\/wp-json\/wp\/v2\/product_brand?post=18152"},{"taxonomy":"product_cat","embeddable":true,"href":"https:\/\/www.insurepart.com\/de\/wp-json\/wp\/v2\/product_cat?post=18152"},{"taxonomy":"product_tag","embeddable":true,"href":"https:\/\/www.insurepart.com\/de\/wp-json\/wp\/v2\/product_tag?post=18152"}],"curies":[{"name":"wp","href":"https:\/\/api.w.org\/{rel}","templated":true}]}}