{"id":18154,"date":"2025-01-02T11:02:14","date_gmt":"2025-01-02T03:02:14","guid":{"rendered":"https:\/\/www.insurepart.com\/?post_type=product&#038;p=18154"},"modified":"2026-01-06T10:03:18","modified_gmt":"2026-01-06T02:03:18","slug":"stunning-display-for-oppo-find-x3-with-effortless-clarity-and-rich-visual-textures","status":"publish","type":"product","link":"https:\/\/www.insurepart.com\/de\/produkt\/stunning-display-for-oppo-find-x3-with-effortless-clarity-and-rich-visual-textures\/","title":{"rendered":"OPPO Find X3 Display-Ersatz \u2013 Brillantes Display mit gestochen scharfer Darstellung und detailreichen Texturen \u2013 Extrem fl\u00fcssige Bedienung \u2013 Erstausr\u00fcsterqualit\u00e4t \u2013 Qualit\u00e4tsgarantie \u2013 Schneller Versand"},"content":{"rendered":"<p style=\"text-align: center;\"><img fetchpriority=\"high\" decoding=\"async\" class=\"alignnone size-full wp-image-15567\" src=\"https:\/\/www.insurepart.com\/wp-content\/uploads\/2024\/08\/\u4e3a\u4ec0\u4e48\u9009\u62e9\u6211\u4eec22.webp\" alt=\"\" width=\"1000\" height=\"786\" srcset=\"https:\/\/www.insurepart.com\/wp-content\/uploads\/2024\/08\/\u4e3a\u4ec0\u4e48\u9009\u62e9\u6211\u4eec22.webp 1000w, https:\/\/www.insurepart.com\/wp-content\/uploads\/2024\/08\/\u4e3a\u4ec0\u4e48\u9009\u62e9\u6211\u4eec22-300x236.webp 300w, https:\/\/www.insurepart.com\/wp-content\/uploads\/2024\/08\/\u4e3a\u4ec0\u4e48\u9009\u62e9\u6211\u4eec22-150x118.webp 150w, https:\/\/www.insurepart.com\/wp-content\/uploads\/2024\/08\/\u4e3a\u4ec0\u4e48\u9009\u62e9\u6211\u4eec22-800x629.webp 800w, https:\/\/www.insurepart.com\/wp-content\/uploads\/2024\/08\/\u4e3a\u4ec0\u4e48\u9009\u62e9\u6211\u4eec22-768x604.webp 768w, https:\/\/www.insurepart.com\/wp-content\/uploads\/2024\/08\/\u4e3a\u4ec0\u4e48\u9009\u62e9\u6211\u4eec22-15x12.webp 15w\" sizes=\"(max-width: 1000px) 100vw, 1000px\" \/><\/p>","protected":false},"excerpt":{"rendered":"<p><span style=\"font-size: 10pt;\">Das Display des OPPO Find X3 besticht durch atemberaubende Klarheit und detailreiche Bilder. Perfekt f\u00fcr ein immersives Entertainment-Erlebnis, gibt dieser Bildschirm selbst feinste Details fl\u00fcssig und m\u00fchelos wieder. Ob beim Arbeiten oder Spielen \u2013 die stufenlose Helligkeitsanpassung sorgt in jeder Situation f\u00fcr ein angenehmes Seherlebnis.<\/span><\/p>","protected":false},"featured_media":18110,"comment_status":"open","ping_status":"closed","template":"","meta":[],"product_brand":[],"product_cat":[422,732],"product_tag":[],"class_list":{"0":"post-18154","1":"product","2":"type-product","3":"status-publish","4":"has-post-thumbnail","6":"product_cat-find-series","7":"product_cat-find-x3-2021","9":"first","10":"instock","11":"taxable","12":"shipping-taxable","13":"purchasable","14":"product-type-simple"},"yoast_head":"<!-- This site is optimized with the Yoast SEO plugin v27.3 - https:\/\/yoast.com\/product\/yoast-seo-wordpress\/ -->\n<title>OPPO Find X3 Display Replacement - Stunning Display with Effortless Clarity &amp; Rich Visual Textures - Ultra-Smooth Touch - OEM Grade - Quality Guaranteed - Fast Shipping - InsurePart<\/title>\n<meta name=\"description\" content=\"OPPO Find X3 Display Replacement - Stunning Display with Effortless Clarity &amp; Rich Visual Textures - Ultra-Smooth Touch - OEM Grade - Quality Guaranteed - Fast Shipping\" \/>\n<meta name=\"robots\" content=\"index, follow, max-snippet:-1, max-image-preview:large, max-video-preview:-1\" \/>\n<link rel=\"canonical\" href=\"https:\/\/www.insurepart.com\/de\/produkt\/stunning-display-for-oppo-find-x3-with-effortless-clarity-and-rich-visual-textures\/\" \/>\n<meta property=\"og:locale\" content=\"de_DE\" \/>\n<meta property=\"og:type\" content=\"article\" \/>\n<meta property=\"og:title\" content=\"OPPO Find X3 Display Replacement - Stunning Display with Effortless Clarity &amp; Rich Visual Textures - Ultra-Smooth Touch - OEM Grade - Quality Guaranteed - Fast Shipping - InsurePart\" \/>\n<meta property=\"og:description\" content=\"OPPO Find X3 Display Replacement - Stunning Display with Effortless Clarity &amp; Rich Visual Textures - Ultra-Smooth Touch - OEM Grade - Quality Guaranteed - Fast Shipping\" \/>\n<meta property=\"og:url\" content=\"https:\/\/www.insurepart.com\/de\/produkt\/stunning-display-for-oppo-find-x3-with-effortless-clarity-and-rich-visual-textures\/\" \/>\n<meta property=\"og:site_name\" content=\"InsurePart\" \/>\n<meta property=\"article:publisher\" content=\"https:\/\/www.facebook.com\/anjinleeEva\" \/>\n<meta property=\"article:modified_time\" content=\"2026-01-06T02:03:18+00:00\" \/>\n<meta property=\"og:image\" content=\"https:\/\/www.insurepart.com\/wp-content\/uploads\/2025\/01\/FindX3\u526f1.webp\" \/>\n\t<meta property=\"og:image:width\" content=\"800\" \/>\n\t<meta property=\"og:image:height\" content=\"800\" \/>\n\t<meta property=\"og:image:type\" content=\"image\/webp\" \/>\n<meta name=\"twitter:card\" content=\"summary_large_image\" \/>\n<meta name=\"twitter:label1\" content=\"Gesch\u00e4tzte Lesezeit\" \/>\n\t<meta name=\"twitter:data1\" content=\"1\u00a0Minute\" \/>\n<script type=\"application\/ld+json\" class=\"yoast-schema-graph\">{\"@context\":\"https:\\\/\\\/schema.org\",\"@graph\":[{\"@type\":\"WebPage\",\"@id\":\"https:\\\/\\\/www.insurepart.com\\\/product\\\/stunning-display-for-oppo-find-x3-with-effortless-clarity-and-rich-visual-textures\\\/\",\"url\":\"https:\\\/\\\/www.insurepart.com\\\/product\\\/stunning-display-for-oppo-find-x3-with-effortless-clarity-and-rich-visual-textures\\\/\",\"name\":\"OPPO Find X3 Display Replacement - Stunning Display with Effortless Clarity & Rich Visual Textures - Ultra-Smooth Touch - OEM Grade - Quality Guaranteed - Fast Shipping - InsurePart\",\"isPartOf\":{\"@id\":\"https:\\\/\\\/www.insurepart.com\\\/de\\\/#website\"},\"primaryImageOfPage\":{\"@id\":\"https:\\\/\\\/www.insurepart.com\\\/product\\\/stunning-display-for-oppo-find-x3-with-effortless-clarity-and-rich-visual-textures\\\/#primaryimage\"},\"image\":{\"@id\":\"https:\\\/\\\/www.insurepart.com\\\/product\\\/stunning-display-for-oppo-find-x3-with-effortless-clarity-and-rich-visual-textures\\\/#primaryimage\"},\"thumbnailUrl\":\"https:\\\/\\\/www.insurepart.com\\\/wp-content\\\/uploads\\\/2025\\\/01\\\/FindX3\u526f1.webp\",\"datePublished\":\"2025-01-02T03:02:14+00:00\",\"dateModified\":\"2026-01-06T02:03:18+00:00\",\"description\":\"OPPO Find X3 Display Replacement - Stunning Display with Effortless Clarity & Rich Visual Textures - Ultra-Smooth Touch - OEM Grade - Quality Guaranteed - Fast Shipping\",\"breadcrumb\":{\"@id\":\"https:\\\/\\\/www.insurepart.com\\\/product\\\/stunning-display-for-oppo-find-x3-with-effortless-clarity-and-rich-visual-textures\\\/#breadcrumb\"},\"inLanguage\":\"de\",\"potentialAction\":[{\"@type\":\"ReadAction\",\"target\":[\"https:\\\/\\\/www.insurepart.com\\\/product\\\/stunning-display-for-oppo-find-x3-with-effortless-clarity-and-rich-visual-textures\\\/\"]}]},{\"@type\":\"ImageObject\",\"inLanguage\":\"de\",\"@id\":\"https:\\\/\\\/www.insurepart.com\\\/product\\\/stunning-display-for-oppo-find-x3-with-effortless-clarity-and-rich-visual-textures\\\/#primaryimage\",\"url\":\"https:\\\/\\\/www.insurepart.com\\\/wp-content\\\/uploads\\\/2025\\\/01\\\/FindX3\u526f1.webp\",\"contentUrl\":\"https:\\\/\\\/www.insurepart.com\\\/wp-content\\\/uploads\\\/2025\\\/01\\\/FindX3\u526f1.webp\",\"width\":800,\"height\":800},{\"@type\":\"BreadcrumbList\",\"@id\":\"https:\\\/\\\/www.insurepart.com\\\/product\\\/stunning-display-for-oppo-find-x3-with-effortless-clarity-and-rich-visual-textures\\\/#breadcrumb\",\"itemListElement\":[{\"@type\":\"ListItem\",\"position\":1,\"name\":\"Home\",\"item\":\"https:\\\/\\\/www.insurepart.com\\\/\"},{\"@type\":\"ListItem\",\"position\":2,\"name\":\"Product\",\"item\":\"https:\\\/\\\/www.insurepart.com\\\/product\\\/\"},{\"@type\":\"ListItem\",\"position\":3,\"name\":\"OPPO Find X3 Display Replacement &#8211; Stunning Display with Effortless Clarity &#038; Rich Visual Textures &#8211; Ultra-Smooth Touch &#8211; OEM Grade &#8211; Quality Guaranteed &#8211; Fast Shipping\"}]},{\"@type\":\"WebSite\",\"@id\":\"https:\\\/\\\/www.insurepart.com\\\/de\\\/#website\",\"url\":\"https:\\\/\\\/www.insurepart.com\\\/de\\\/\",\"name\":\"InsurePart\",\"description\":\"Cell Phone Repair Parts; iPhone Parts Wholesale;Samsung Parts Supplier\",\"potentialAction\":[{\"@type\":\"SearchAction\",\"target\":{\"@type\":\"EntryPoint\",\"urlTemplate\":\"https:\\\/\\\/www.insurepart.com\\\/de\\\/?s={search_term_string}\"},\"query-input\":{\"@type\":\"PropertyValueSpecification\",\"valueRequired\":true,\"valueName\":\"search_term_string\"}}],\"inLanguage\":\"de\"}]}<\/script>\n<!-- \/ Yoast SEO plugin. -->","yoast_head_json":{"title":"OPPO Find X3 Display Replacement - Stunning Display with Effortless Clarity & Rich Visual Textures - Ultra-Smooth Touch - OEM Grade - Quality Guaranteed - Fast Shipping - InsurePart","description":"OPPO Find X3 Display Replacement - Stunning Display with Effortless Clarity & Rich Visual Textures - Ultra-Smooth Touch - OEM Grade - Quality Guaranteed - Fast Shipping","robots":{"index":"index","follow":"follow","max-snippet":"max-snippet:-1","max-image-preview":"max-image-preview:large","max-video-preview":"max-video-preview:-1"},"canonical":"https:\/\/www.insurepart.com\/de\/produkt\/stunning-display-for-oppo-find-x3-with-effortless-clarity-and-rich-visual-textures\/","og_locale":"de_DE","og_type":"article","og_title":"OPPO Find X3 Display Replacement - Stunning Display with Effortless Clarity & Rich Visual Textures - Ultra-Smooth Touch - OEM Grade - Quality Guaranteed - Fast Shipping - InsurePart","og_description":"OPPO Find X3 Display Replacement - Stunning Display with Effortless Clarity & Rich Visual Textures - Ultra-Smooth Touch - OEM Grade - Quality Guaranteed - Fast Shipping","og_url":"https:\/\/www.insurepart.com\/de\/produkt\/stunning-display-for-oppo-find-x3-with-effortless-clarity-and-rich-visual-textures\/","og_site_name":"InsurePart","article_publisher":"https:\/\/www.facebook.com\/anjinleeEva","article_modified_time":"2026-01-06T02:03:18+00:00","og_image":[{"width":800,"height":800,"url":"https:\/\/www.insurepart.com\/wp-content\/uploads\/2025\/01\/FindX3\u526f1.webp","type":"image\/webp"}],"twitter_card":"summary_large_image","twitter_misc":{"Gesch\u00e4tzte Lesezeit":"1\u00a0Minute"},"schema":{"@context":"https:\/\/schema.org","@graph":[{"@type":"WebPage","@id":"https:\/\/www.insurepart.com\/product\/stunning-display-for-oppo-find-x3-with-effortless-clarity-and-rich-visual-textures\/","url":"https:\/\/www.insurepart.com\/product\/stunning-display-for-oppo-find-x3-with-effortless-clarity-and-rich-visual-textures\/","name":"OPPO Find X3 Display Replacement - Stunning Display with Effortless Clarity & Rich Visual Textures - Ultra-Smooth Touch - OEM Grade - Quality Guaranteed - Fast Shipping - InsurePart","isPartOf":{"@id":"https:\/\/www.insurepart.com\/de\/#website"},"primaryImageOfPage":{"@id":"https:\/\/www.insurepart.com\/product\/stunning-display-for-oppo-find-x3-with-effortless-clarity-and-rich-visual-textures\/#primaryimage"},"image":{"@id":"https:\/\/www.insurepart.com\/product\/stunning-display-for-oppo-find-x3-with-effortless-clarity-and-rich-visual-textures\/#primaryimage"},"thumbnailUrl":"https:\/\/www.insurepart.com\/wp-content\/uploads\/2025\/01\/FindX3\u526f1.webp","datePublished":"2025-01-02T03:02:14+00:00","dateModified":"2026-01-06T02:03:18+00:00","description":"OPPO Find X3 Display Replacement - Stunning Display with Effortless Clarity & Rich Visual Textures - Ultra-Smooth Touch - OEM Grade - Quality Guaranteed - Fast Shipping","breadcrumb":{"@id":"https:\/\/www.insurepart.com\/product\/stunning-display-for-oppo-find-x3-with-effortless-clarity-and-rich-visual-textures\/#breadcrumb"},"inLanguage":"de","potentialAction":[{"@type":"ReadAction","target":["https:\/\/www.insurepart.com\/product\/stunning-display-for-oppo-find-x3-with-effortless-clarity-and-rich-visual-textures\/"]}]},{"@type":"ImageObject","inLanguage":"de","@id":"https:\/\/www.insurepart.com\/product\/stunning-display-for-oppo-find-x3-with-effortless-clarity-and-rich-visual-textures\/#primaryimage","url":"https:\/\/www.insurepart.com\/wp-content\/uploads\/2025\/01\/FindX3\u526f1.webp","contentUrl":"https:\/\/www.insurepart.com\/wp-content\/uploads\/2025\/01\/FindX3\u526f1.webp","width":800,"height":800},{"@type":"BreadcrumbList","@id":"https:\/\/www.insurepart.com\/product\/stunning-display-for-oppo-find-x3-with-effortless-clarity-and-rich-visual-textures\/#breadcrumb","itemListElement":[{"@type":"ListItem","position":1,"name":"Home","item":"https:\/\/www.insurepart.com\/"},{"@type":"ListItem","position":2,"name":"Product","item":"https:\/\/www.insurepart.com\/product\/"},{"@type":"ListItem","position":3,"name":"OPPO Find X3 Display Replacement &#8211; Stunning Display with Effortless Clarity &#038; Rich Visual Textures &#8211; Ultra-Smooth Touch &#8211; OEM Grade &#8211; Quality Guaranteed &#8211; Fast Shipping"}]},{"@type":"WebSite","@id":"https:\/\/www.insurepart.com\/de\/#website","url":"https:\/\/www.insurepart.com\/de\/","name":"InsurePart","description":"Handy-Ersatzteile; iPhone-Ersatzteile im Gro\u00dfhandel; Samsung-Ersatzteillieferant","potentialAction":[{"@type":"SearchAction","target":{"@type":"EntryPoint","urlTemplate":"https:\/\/www.insurepart.com\/de\/?s={search_term_string}"},"query-input":{"@type":"PropertyValueSpecification","valueRequired":true,"valueName":"search_term_string"}}],"inLanguage":"de"}]}},"_links":{"self":[{"href":"https:\/\/www.insurepart.com\/de\/wp-json\/wp\/v2\/product\/18154","targetHints":{"allow":["GET"]}}],"collection":[{"href":"https:\/\/www.insurepart.com\/de\/wp-json\/wp\/v2\/product"}],"about":[{"href":"https:\/\/www.insurepart.com\/de\/wp-json\/wp\/v2\/types\/product"}],"replies":[{"embeddable":true,"href":"https:\/\/www.insurepart.com\/de\/wp-json\/wp\/v2\/comments?post=18154"}],"version-history":[{"count":3,"href":"https:\/\/www.insurepart.com\/de\/wp-json\/wp\/v2\/product\/18154\/revisions"}],"predecessor-version":[{"id":23932,"href":"https:\/\/www.insurepart.com\/de\/wp-json\/wp\/v2\/product\/18154\/revisions\/23932"}],"wp:featuredmedia":[{"embeddable":true,"href":"https:\/\/www.insurepart.com\/de\/wp-json\/wp\/v2\/media\/18110"}],"wp:attachment":[{"href":"https:\/\/www.insurepart.com\/de\/wp-json\/wp\/v2\/media?parent=18154"}],"wp:term":[{"taxonomy":"product_brand","embeddable":true,"href":"https:\/\/www.insurepart.com\/de\/wp-json\/wp\/v2\/product_brand?post=18154"},{"taxonomy":"product_cat","embeddable":true,"href":"https:\/\/www.insurepart.com\/de\/wp-json\/wp\/v2\/product_cat?post=18154"},{"taxonomy":"product_tag","embeddable":true,"href":"https:\/\/www.insurepart.com\/de\/wp-json\/wp\/v2\/product_tag?post=18154"}],"curies":[{"name":"wp","href":"https:\/\/api.w.org\/{rel}","templated":true}]}}