{"id":18232,"date":"2025-01-03T14:38:31","date_gmt":"2025-01-03T06:38:31","guid":{"rendered":"https:\/\/insurepart.com\/?post_type=product&#038;p=18232"},"modified":"2026-01-12T15:18:36","modified_gmt":"2026-01-12T07:18:36","slug":"immersive-display-for-oppo-reno-9-with-balanced-brightness-and-vibrant-color-accuracy","status":"publish","type":"product","link":"https:\/\/www.insurepart.com\/de\/produkt\/immersive-display-for-oppo-reno-9-with-balanced-brightness-and-vibrant-color-accuracy\/","title":{"rendered":"OPPO Reno 9 Display-Ersatz \u2013 Brillantes Display mit ausgewogener Helligkeit und lebendigen Farben \u2013 Extrem reaktionsschneller Touchscreen \u2013 Erstausr\u00fcsterqualit\u00e4t \u2013 Qualit\u00e4tsgarantie \u2013 Schneller Versand"},"content":{"rendered":"<p style=\"text-align: center;\"><img fetchpriority=\"high\" decoding=\"async\" class=\"alignnone size-full wp-image-15567\" src=\"https:\/\/insurepart.com\/wp-content\/uploads\/2024\/08\/\u4e3a\u4ec0\u4e48\u9009\u62e9\u6211\u4eec22.webp\" alt=\"\" width=\"1000\" height=\"786\" srcset=\"https:\/\/www.insurepart.com\/wp-content\/uploads\/2024\/08\/\u4e3a\u4ec0\u4e48\u9009\u62e9\u6211\u4eec22.webp 1000w, https:\/\/www.insurepart.com\/wp-content\/uploads\/2024\/08\/\u4e3a\u4ec0\u4e48\u9009\u62e9\u6211\u4eec22-300x236.webp 300w, https:\/\/www.insurepart.com\/wp-content\/uploads\/2024\/08\/\u4e3a\u4ec0\u4e48\u9009\u62e9\u6211\u4eec22-150x118.webp 150w, https:\/\/www.insurepart.com\/wp-content\/uploads\/2024\/08\/\u4e3a\u4ec0\u4e48\u9009\u62e9\u6211\u4eec22-800x629.webp 800w, https:\/\/www.insurepart.com\/wp-content\/uploads\/2024\/08\/\u4e3a\u4ec0\u4e48\u9009\u62e9\u6211\u4eec22-768x604.webp 768w, https:\/\/www.insurepart.com\/wp-content\/uploads\/2024\/08\/\u4e3a\u4ec0\u4e48\u9009\u62e9\u6211\u4eec22-15x12.webp 15w\" sizes=\"(max-width: 1000px) 100vw, 1000px\" \/><\/p>","protected":false},"excerpt":{"rendered":"<p><span style=\"font-size: 10pt;\">Erleben Sie Ihre t\u00e4glichen Interaktionen auf einem neuen Niveau mit dem beeindruckenden Display des OPPO Reno 9, das f\u00fcr ausgewogene Helligkeit und lebendige Farbgenauigkeit sorgt. Der Bildschirm bietet in jeder Umgebung hervorragende Bildsch\u00e4rfe und eignet sich daher ideal zum Surfen, Streamen und vielem mehr. Sein leichtes Design erg\u00e4nzt die hohe Bildqualit\u00e4t und macht es zu einem zuverl\u00e4ssigen Begleiter f\u00fcr jede Situation.<\/span><\/p>","protected":false},"featured_media":18186,"comment_status":"open","ping_status":"closed","template":"","meta":[],"product_brand":[],"product_cat":[750,421],"product_tag":[],"class_list":{"0":"post-18232","1":"product","2":"type-product","3":"status-publish","4":"has-post-thumbnail","6":"product_cat-reno-9-2022","7":"product_cat-reno-series","9":"first","10":"instock","11":"taxable","12":"shipping-taxable","13":"purchasable","14":"product-type-simple"},"yoast_head":"<!-- This site is optimized with the Yoast SEO plugin v27.4 - https:\/\/yoast.com\/product\/yoast-seo-wordpress\/ -->\n<title>OPPO Reno 9 Display Replacement - Immersive Display with Balanced Brightness &amp; Vibrant Color Accuracy - Ultra-Responsive Touch - OEM Grade - Quality Guaranteed - Fast Shipping - InsurePart<\/title>\n<meta name=\"description\" content=\"OPPO Reno 9 Display Replacement - Immersive Display with Balanced Brightness &amp; Vibrant Color Accuracy - Ultra-Responsive Touch - OEM Grade - Quality Guaranteed - Fast Shipping\" \/>\n<meta name=\"robots\" content=\"index, follow, max-snippet:-1, max-image-preview:large, max-video-preview:-1\" \/>\n<link rel=\"canonical\" href=\"https:\/\/www.insurepart.com\/de\/produkt\/immersive-display-for-oppo-reno-9-with-balanced-brightness-and-vibrant-color-accuracy\/\" \/>\n<meta property=\"og:locale\" content=\"de_DE\" \/>\n<meta property=\"og:type\" content=\"article\" \/>\n<meta property=\"og:title\" content=\"OPPO Reno 9 Display Replacement - Immersive Display with Balanced Brightness &amp; Vibrant Color Accuracy - Ultra-Responsive Touch - OEM Grade - Quality Guaranteed - Fast Shipping - InsurePart\" \/>\n<meta property=\"og:description\" content=\"OPPO Reno 9 Display Replacement - Immersive Display with Balanced Brightness &amp; Vibrant Color Accuracy - Ultra-Responsive Touch - OEM Grade - Quality Guaranteed - Fast Shipping\" \/>\n<meta property=\"og:url\" content=\"https:\/\/www.insurepart.com\/de\/produkt\/immersive-display-for-oppo-reno-9-with-balanced-brightness-and-vibrant-color-accuracy\/\" \/>\n<meta property=\"og:site_name\" content=\"InsurePart\" \/>\n<meta property=\"article:publisher\" content=\"https:\/\/www.facebook.com\/anjinleeEva\" \/>\n<meta property=\"article:modified_time\" content=\"2026-01-12T07:18:36+00:00\" \/>\n<meta property=\"og:image\" content=\"https:\/\/www.insurepart.com\/wp-content\/uploads\/2025\/01\/Reno9Pro\u4e3b-1.webp\" \/>\n\t<meta property=\"og:image:width\" content=\"800\" \/>\n\t<meta property=\"og:image:height\" content=\"800\" \/>\n\t<meta property=\"og:image:type\" content=\"image\/webp\" \/>\n<meta name=\"twitter:card\" content=\"summary_large_image\" \/>\n<meta name=\"twitter:label1\" content=\"Gesch\u00e4tzte Lesezeit\" \/>\n\t<meta name=\"twitter:data1\" content=\"1\u00a0Minute\" \/>\n<script type=\"application\/ld+json\" class=\"yoast-schema-graph\">{\"@context\":\"https:\\\/\\\/schema.org\",\"@graph\":[{\"@type\":\"WebPage\",\"@id\":\"https:\\\/\\\/www.insurepart.com\\\/product\\\/immersive-display-for-oppo-reno-9-with-balanced-brightness-and-vibrant-color-accuracy\\\/\",\"url\":\"https:\\\/\\\/www.insurepart.com\\\/product\\\/immersive-display-for-oppo-reno-9-with-balanced-brightness-and-vibrant-color-accuracy\\\/\",\"name\":\"OPPO Reno 9 Display Replacement - Immersive Display with Balanced Brightness & Vibrant Color Accuracy - Ultra-Responsive Touch - OEM Grade - Quality Guaranteed - Fast Shipping - InsurePart\",\"isPartOf\":{\"@id\":\"https:\\\/\\\/www.insurepart.com\\\/de\\\/#website\"},\"primaryImageOfPage\":{\"@id\":\"https:\\\/\\\/www.insurepart.com\\\/product\\\/immersive-display-for-oppo-reno-9-with-balanced-brightness-and-vibrant-color-accuracy\\\/#primaryimage\"},\"image\":{\"@id\":\"https:\\\/\\\/www.insurepart.com\\\/product\\\/immersive-display-for-oppo-reno-9-with-balanced-brightness-and-vibrant-color-accuracy\\\/#primaryimage\"},\"thumbnailUrl\":\"https:\\\/\\\/www.insurepart.com\\\/wp-content\\\/uploads\\\/2025\\\/01\\\/Reno9Pro\u4e3b-1.webp\",\"datePublished\":\"2025-01-03T06:38:31+00:00\",\"dateModified\":\"2026-01-12T07:18:36+00:00\",\"description\":\"OPPO Reno 9 Display Replacement - Immersive Display with Balanced Brightness & Vibrant Color Accuracy - Ultra-Responsive Touch - OEM Grade - Quality Guaranteed - Fast Shipping\",\"breadcrumb\":{\"@id\":\"https:\\\/\\\/www.insurepart.com\\\/product\\\/immersive-display-for-oppo-reno-9-with-balanced-brightness-and-vibrant-color-accuracy\\\/#breadcrumb\"},\"inLanguage\":\"de\",\"potentialAction\":[{\"@type\":\"ReadAction\",\"target\":[\"https:\\\/\\\/www.insurepart.com\\\/product\\\/immersive-display-for-oppo-reno-9-with-balanced-brightness-and-vibrant-color-accuracy\\\/\"]}]},{\"@type\":\"ImageObject\",\"inLanguage\":\"de\",\"@id\":\"https:\\\/\\\/www.insurepart.com\\\/product\\\/immersive-display-for-oppo-reno-9-with-balanced-brightness-and-vibrant-color-accuracy\\\/#primaryimage\",\"url\":\"https:\\\/\\\/www.insurepart.com\\\/wp-content\\\/uploads\\\/2025\\\/01\\\/Reno9Pro\u4e3b-1.webp\",\"contentUrl\":\"https:\\\/\\\/www.insurepart.com\\\/wp-content\\\/uploads\\\/2025\\\/01\\\/Reno9Pro\u4e3b-1.webp\",\"width\":800,\"height\":800},{\"@type\":\"BreadcrumbList\",\"@id\":\"https:\\\/\\\/www.insurepart.com\\\/product\\\/immersive-display-for-oppo-reno-9-with-balanced-brightness-and-vibrant-color-accuracy\\\/#breadcrumb\",\"itemListElement\":[{\"@type\":\"ListItem\",\"position\":1,\"name\":\"Home\",\"item\":\"https:\\\/\\\/www.insurepart.com\\\/\"},{\"@type\":\"ListItem\",\"position\":2,\"name\":\"Product\",\"item\":\"https:\\\/\\\/www.insurepart.com\\\/product\\\/\"},{\"@type\":\"ListItem\",\"position\":3,\"name\":\"OPPO Reno 9 Display Replacement &#8211; Immersive Display with Balanced Brightness &#038; Vibrant Color Accuracy &#8211; Ultra-Responsive Touch &#8211; OEM Grade &#8211; Quality Guaranteed &#8211; Fast Shipping\"}]},{\"@type\":\"WebSite\",\"@id\":\"https:\\\/\\\/www.insurepart.com\\\/de\\\/#website\",\"url\":\"https:\\\/\\\/www.insurepart.com\\\/de\\\/\",\"name\":\"InsurePart\",\"description\":\"Cell Phone Repair Parts; iPhone Parts Wholesale;Samsung Parts Supplier\",\"potentialAction\":[{\"@type\":\"SearchAction\",\"target\":{\"@type\":\"EntryPoint\",\"urlTemplate\":\"https:\\\/\\\/www.insurepart.com\\\/de\\\/?s={search_term_string}\"},\"query-input\":{\"@type\":\"PropertyValueSpecification\",\"valueRequired\":true,\"valueName\":\"search_term_string\"}}],\"inLanguage\":\"de\"}]}<\/script>\n<!-- \/ Yoast SEO plugin. -->","yoast_head_json":{"title":"OPPO Reno 9 Display Replacement - Immersive Display with Balanced Brightness & Vibrant Color Accuracy - Ultra-Responsive Touch - OEM Grade - Quality Guaranteed - Fast Shipping - InsurePart","description":"OPPO Reno 9 Display-Ersatz \u2013 Brillantes Display mit ausgewogener Helligkeit und lebendigen Farben \u2013 Extrem reaktionsschneller Touchscreen \u2013 Erstausr\u00fcsterqualit\u00e4t \u2013 Qualit\u00e4tsgarantie \u2013 Schneller Versand","robots":{"index":"index","follow":"follow","max-snippet":"max-snippet:-1","max-image-preview":"max-image-preview:large","max-video-preview":"max-video-preview:-1"},"canonical":"https:\/\/www.insurepart.com\/de\/produkt\/immersive-display-for-oppo-reno-9-with-balanced-brightness-and-vibrant-color-accuracy\/","og_locale":"de_DE","og_type":"article","og_title":"OPPO Reno 9 Display Replacement - Immersive Display with Balanced Brightness & Vibrant Color Accuracy - Ultra-Responsive Touch - OEM Grade - Quality Guaranteed - Fast Shipping - InsurePart","og_description":"OPPO Reno 9 Display Replacement - Immersive Display with Balanced Brightness & Vibrant Color Accuracy - Ultra-Responsive Touch - OEM Grade - Quality Guaranteed - Fast Shipping","og_url":"https:\/\/www.insurepart.com\/de\/produkt\/immersive-display-for-oppo-reno-9-with-balanced-brightness-and-vibrant-color-accuracy\/","og_site_name":"InsurePart","article_publisher":"https:\/\/www.facebook.com\/anjinleeEva","article_modified_time":"2026-01-12T07:18:36+00:00","og_image":[{"width":800,"height":800,"url":"https:\/\/www.insurepart.com\/wp-content\/uploads\/2025\/01\/Reno9Pro\u4e3b-1.webp","type":"image\/webp"}],"twitter_card":"summary_large_image","twitter_misc":{"Gesch\u00e4tzte Lesezeit":"1\u00a0Minute"},"schema":{"@context":"https:\/\/schema.org","@graph":[{"@type":"WebPage","@id":"https:\/\/www.insurepart.com\/product\/immersive-display-for-oppo-reno-9-with-balanced-brightness-and-vibrant-color-accuracy\/","url":"https:\/\/www.insurepart.com\/product\/immersive-display-for-oppo-reno-9-with-balanced-brightness-and-vibrant-color-accuracy\/","name":"OPPO Reno 9 Display Replacement - Immersive Display with Balanced Brightness & Vibrant Color Accuracy - Ultra-Responsive Touch - OEM Grade - Quality Guaranteed - Fast Shipping - InsurePart","isPartOf":{"@id":"https:\/\/www.insurepart.com\/de\/#website"},"primaryImageOfPage":{"@id":"https:\/\/www.insurepart.com\/product\/immersive-display-for-oppo-reno-9-with-balanced-brightness-and-vibrant-color-accuracy\/#primaryimage"},"image":{"@id":"https:\/\/www.insurepart.com\/product\/immersive-display-for-oppo-reno-9-with-balanced-brightness-and-vibrant-color-accuracy\/#primaryimage"},"thumbnailUrl":"https:\/\/www.insurepart.com\/wp-content\/uploads\/2025\/01\/Reno9Pro\u4e3b-1.webp","datePublished":"2025-01-03T06:38:31+00:00","dateModified":"2026-01-12T07:18:36+00:00","description":"OPPO Reno 9 Display-Ersatz \u2013 Brillantes Display mit ausgewogener Helligkeit und lebendigen Farben \u2013 Extrem reaktionsschneller Touchscreen \u2013 Erstausr\u00fcsterqualit\u00e4t \u2013 Qualit\u00e4tsgarantie \u2013 Schneller Versand","breadcrumb":{"@id":"https:\/\/www.insurepart.com\/product\/immersive-display-for-oppo-reno-9-with-balanced-brightness-and-vibrant-color-accuracy\/#breadcrumb"},"inLanguage":"de","potentialAction":[{"@type":"ReadAction","target":["https:\/\/www.insurepart.com\/product\/immersive-display-for-oppo-reno-9-with-balanced-brightness-and-vibrant-color-accuracy\/"]}]},{"@type":"ImageObject","inLanguage":"de","@id":"https:\/\/www.insurepart.com\/product\/immersive-display-for-oppo-reno-9-with-balanced-brightness-and-vibrant-color-accuracy\/#primaryimage","url":"https:\/\/www.insurepart.com\/wp-content\/uploads\/2025\/01\/Reno9Pro\u4e3b-1.webp","contentUrl":"https:\/\/www.insurepart.com\/wp-content\/uploads\/2025\/01\/Reno9Pro\u4e3b-1.webp","width":800,"height":800},{"@type":"BreadcrumbList","@id":"https:\/\/www.insurepart.com\/product\/immersive-display-for-oppo-reno-9-with-balanced-brightness-and-vibrant-color-accuracy\/#breadcrumb","itemListElement":[{"@type":"ListItem","position":1,"name":"Home","item":"https:\/\/www.insurepart.com\/"},{"@type":"ListItem","position":2,"name":"Product","item":"https:\/\/www.insurepart.com\/product\/"},{"@type":"ListItem","position":3,"name":"OPPO Reno 9 Display Replacement &#8211; Immersive Display with Balanced Brightness &#038; Vibrant Color Accuracy &#8211; Ultra-Responsive Touch &#8211; OEM Grade &#8211; Quality Guaranteed &#8211; Fast Shipping"}]},{"@type":"WebSite","@id":"https:\/\/www.insurepart.com\/de\/#website","url":"https:\/\/www.insurepart.com\/de\/","name":"InsurePart","description":"Handy-Ersatzteile; iPhone-Ersatzteile im Gro\u00dfhandel; Samsung-Ersatzteillieferant","potentialAction":[{"@type":"SearchAction","target":{"@type":"EntryPoint","urlTemplate":"https:\/\/www.insurepart.com\/de\/?s={search_term_string}"},"query-input":{"@type":"PropertyValueSpecification","valueRequired":true,"valueName":"search_term_string"}}],"inLanguage":"de"}]}},"_links":{"self":[{"href":"https:\/\/www.insurepart.com\/de\/wp-json\/wp\/v2\/product\/18232","targetHints":{"allow":["GET"]}}],"collection":[{"href":"https:\/\/www.insurepart.com\/de\/wp-json\/wp\/v2\/product"}],"about":[{"href":"https:\/\/www.insurepart.com\/de\/wp-json\/wp\/v2\/types\/product"}],"replies":[{"embeddable":true,"href":"https:\/\/www.insurepart.com\/de\/wp-json\/wp\/v2\/comments?post=18232"}],"version-history":[{"count":4,"href":"https:\/\/www.insurepart.com\/de\/wp-json\/wp\/v2\/product\/18232\/revisions"}],"predecessor-version":[{"id":24543,"href":"https:\/\/www.insurepart.com\/de\/wp-json\/wp\/v2\/product\/18232\/revisions\/24543"}],"wp:featuredmedia":[{"embeddable":true,"href":"https:\/\/www.insurepart.com\/de\/wp-json\/wp\/v2\/media\/18186"}],"wp:attachment":[{"href":"https:\/\/www.insurepart.com\/de\/wp-json\/wp\/v2\/media?parent=18232"}],"wp:term":[{"taxonomy":"product_brand","embeddable":true,"href":"https:\/\/www.insurepart.com\/de\/wp-json\/wp\/v2\/product_brand?post=18232"},{"taxonomy":"product_cat","embeddable":true,"href":"https:\/\/www.insurepart.com\/de\/wp-json\/wp\/v2\/product_cat?post=18232"},{"taxonomy":"product_tag","embeddable":true,"href":"https:\/\/www.insurepart.com\/de\/wp-json\/wp\/v2\/product_tag?post=18232"}],"curies":[{"name":"wp","href":"https:\/\/api.w.org\/{rel}","templated":true}]}}