{"id":21825,"date":"2025-08-20T16:14:42","date_gmt":"2025-08-20T08:14:42","guid":{"rendered":"https:\/\/www.insurepart.com\/?post_type=product&#038;p=21825"},"modified":"2026-01-06T11:05:45","modified_gmt":"2026-01-06T03:05:45","slug":"high-quality-vibration-motor-taptic-engine-replacement-for-iphone-13-offering-durable-construction-accurate-connector-alignment-and-long-term-stable-operation","status":"publish","type":"product","link":"https:\/\/www.insurepart.com\/de\/produkt\/high-quality-vibration-motor-taptic-engine-replacement-for-iphone-13-offering-durable-construction-accurate-connector-alignment-and-long-term-stable-operation\/","title":{"rendered":"Ersatz-Vibrationsmotor (Taptic Engine) f\u00fcr iPhone 13 \u2013 Robuste Konstruktion, pr\u00e4ziser Anschluss, dauerhaft stabiler Betrieb \u2013 Erstausr\u00fcsterqualit\u00e4t \u2013 Schneller Versand"},"content":{"rendered":"<p style=\"text-align: center;\"><img fetchpriority=\"high\" decoding=\"async\" class=\"alignnone size-full wp-image-15567\" src=\"https:\/\/www.insurepart.com\/wp-content\/uploads\/2024\/08\/\u4e3a\u4ec0\u4e48\u9009\u62e9\u6211\u4eec22.webp\" alt=\"\" width=\"1000\" height=\"786\" srcset=\"https:\/\/www.insurepart.com\/wp-content\/uploads\/2024\/08\/\u4e3a\u4ec0\u4e48\u9009\u62e9\u6211\u4eec22.webp 1000w, https:\/\/www.insurepart.com\/wp-content\/uploads\/2024\/08\/\u4e3a\u4ec0\u4e48\u9009\u62e9\u6211\u4eec22-300x236.webp 300w, https:\/\/www.insurepart.com\/wp-content\/uploads\/2024\/08\/\u4e3a\u4ec0\u4e48\u9009\u62e9\u6211\u4eec22-150x118.webp 150w, https:\/\/www.insurepart.com\/wp-content\/uploads\/2024\/08\/\u4e3a\u4ec0\u4e48\u9009\u62e9\u6211\u4eec22-800x629.webp 800w, https:\/\/www.insurepart.com\/wp-content\/uploads\/2024\/08\/\u4e3a\u4ec0\u4e48\u9009\u62e9\u6211\u4eec22-768x604.webp 768w, https:\/\/www.insurepart.com\/wp-content\/uploads\/2024\/08\/\u4e3a\u4ec0\u4e48\u9009\u62e9\u6211\u4eec22-15x12.webp 15w\" sizes=\"(max-width: 1000px) 100vw, 1000px\" \/><\/p>","protected":false},"excerpt":{"rendered":"<p><span style=\"font-size: 10pt;\">Dieser speziell f\u00fcr das iPhone 13 entwickelte Vibrationsmotor stellt die zuverl\u00e4ssige Haptik wieder her, wenn das Originalteil ausf\u00e4llt. Dank seiner robusten und flexiblen Materialien ist er im t\u00e4glichen Gebrauch \u00e4u\u00dferst zuverl\u00e4ssig. Der pr\u00e4zise gefertigte Anschluss gew\u00e4hrleistet eine exakte Ausrichtung und sichere Integration w\u00e4hrend der Reparatur. Durch seine kompakte Bauweise f\u00fcgt er sich nahtlos in das Design des iPhones ein. F\u00fcr den Einbau sind geeignetes Werkzeug und technisches Know-how erforderlich; wir empfehlen die Durchf\u00fchrung durch Techniker oder erfahrene Reparaturfachkr\u00e4fte. Durch den Austausch des defekten Teils k\u00f6nnen Nutzer Vibrationsprobleme wie schwache Reaktion oder vollst\u00e4ndigen Ausfall beheben. Diese Komponente bietet eine praktische und kosteng\u00fcnstige Reparaturl\u00f6sung.<\/span><\/p>","protected":false},"featured_media":21797,"comment_status":"open","ping_status":"closed","template":"","meta":[],"product_brand":[],"product_cat":[42,95],"product_tag":[],"class_list":{"0":"post-21825","1":"product","2":"type-product","3":"status-publish","4":"has-post-thumbnail","6":"product_cat-iphone","7":"product_cat-iphone-13","9":"first","10":"instock","11":"taxable","12":"shipping-taxable","13":"purchasable","14":"product-type-simple"},"yoast_head":"<!-- This site is optimized with the Yoast SEO plugin v27.3 - https:\/\/yoast.com\/product\/yoast-seo-wordpress\/ -->\n<title>iPhone 13 Vibration Motor (Taptic Engine) Replacement - Durable Construction, Accurate Connector Alignment, Long-Term Stable Operation - OEM Quality - Fast Shipping - InsurePart<\/title>\n<meta name=\"description\" content=\"iPhone 13 Vibration Motor (Taptic Engine) Replacement - Durable Construction, Accurate Connector Alignment, Long-Term Stable Operation - OEM Quality - Fast Shipping\" \/>\n<meta name=\"robots\" content=\"index, follow, max-snippet:-1, max-image-preview:large, max-video-preview:-1\" \/>\n<link rel=\"canonical\" href=\"https:\/\/www.insurepart.com\/de\/produkt\/high-quality-vibration-motor-taptic-engine-replacement-for-iphone-13-offering-durable-construction-accurate-connector-alignment-and-long-term-stable-operation\/\" \/>\n<meta property=\"og:locale\" content=\"de_DE\" \/>\n<meta property=\"og:type\" content=\"article\" \/>\n<meta property=\"og:title\" content=\"iPhone 13 Vibration Motor (Taptic Engine) Replacement - Durable Construction, Accurate Connector Alignment, Long-Term Stable Operation - OEM Quality - Fast Shipping - InsurePart\" \/>\n<meta property=\"og:description\" content=\"iPhone 13 Vibration Motor (Taptic Engine) Replacement - Durable Construction, Accurate Connector Alignment, Long-Term Stable Operation - OEM Quality - Fast Shipping\" \/>\n<meta property=\"og:url\" content=\"https:\/\/www.insurepart.com\/de\/produkt\/high-quality-vibration-motor-taptic-engine-replacement-for-iphone-13-offering-durable-construction-accurate-connector-alignment-and-long-term-stable-operation\/\" \/>\n<meta property=\"og:site_name\" content=\"InsurePart\" \/>\n<meta property=\"article:publisher\" content=\"https:\/\/www.facebook.com\/anjinleeEva\" \/>\n<meta property=\"article:modified_time\" content=\"2026-01-06T03:05:45+00:00\" \/>\n<meta property=\"og:image\" content=\"https:\/\/www.insurepart.com\/wp-content\/uploads\/2025\/08\/13Pro-2-1.webp\" \/>\n\t<meta property=\"og:image:width\" content=\"800\" \/>\n\t<meta property=\"og:image:height\" content=\"800\" \/>\n\t<meta property=\"og:image:type\" content=\"image\/webp\" \/>\n<meta name=\"twitter:card\" content=\"summary_large_image\" \/>\n<meta name=\"twitter:label1\" content=\"Gesch\u00e4tzte Lesezeit\" \/>\n\t<meta name=\"twitter:data1\" content=\"1\u00a0Minute\" \/>\n<script type=\"application\/ld+json\" class=\"yoast-schema-graph\">{\"@context\":\"https:\\\/\\\/schema.org\",\"@graph\":[{\"@type\":\"WebPage\",\"@id\":\"https:\\\/\\\/www.insurepart.com\\\/product\\\/high-quality-vibration-motor-taptic-engine-replacement-for-iphone-13-offering-durable-construction-accurate-connector-alignment-and-long-term-stable-operation\\\/\",\"url\":\"https:\\\/\\\/www.insurepart.com\\\/product\\\/high-quality-vibration-motor-taptic-engine-replacement-for-iphone-13-offering-durable-construction-accurate-connector-alignment-and-long-term-stable-operation\\\/\",\"name\":\"iPhone 13 Vibration Motor (Taptic Engine) Replacement - Durable Construction, Accurate Connector Alignment, Long-Term Stable Operation - OEM Quality - Fast Shipping - InsurePart\",\"isPartOf\":{\"@id\":\"https:\\\/\\\/www.insurepart.com\\\/de\\\/#website\"},\"primaryImageOfPage\":{\"@id\":\"https:\\\/\\\/www.insurepart.com\\\/product\\\/high-quality-vibration-motor-taptic-engine-replacement-for-iphone-13-offering-durable-construction-accurate-connector-alignment-and-long-term-stable-operation\\\/#primaryimage\"},\"image\":{\"@id\":\"https:\\\/\\\/www.insurepart.com\\\/product\\\/high-quality-vibration-motor-taptic-engine-replacement-for-iphone-13-offering-durable-construction-accurate-connector-alignment-and-long-term-stable-operation\\\/#primaryimage\"},\"thumbnailUrl\":\"https:\\\/\\\/www.insurepart.com\\\/wp-content\\\/uploads\\\/2025\\\/08\\\/13Pro-2-1.webp\",\"datePublished\":\"2025-08-20T08:14:42+00:00\",\"dateModified\":\"2026-01-06T03:05:45+00:00\",\"description\":\"iPhone 13 Vibration Motor (Taptic Engine) Replacement - Durable Construction, Accurate Connector Alignment, Long-Term Stable Operation - OEM Quality - Fast Shipping\",\"breadcrumb\":{\"@id\":\"https:\\\/\\\/www.insurepart.com\\\/product\\\/high-quality-vibration-motor-taptic-engine-replacement-for-iphone-13-offering-durable-construction-accurate-connector-alignment-and-long-term-stable-operation\\\/#breadcrumb\"},\"inLanguage\":\"de\",\"potentialAction\":[{\"@type\":\"ReadAction\",\"target\":[\"https:\\\/\\\/www.insurepart.com\\\/product\\\/high-quality-vibration-motor-taptic-engine-replacement-for-iphone-13-offering-durable-construction-accurate-connector-alignment-and-long-term-stable-operation\\\/\"]}]},{\"@type\":\"ImageObject\",\"inLanguage\":\"de\",\"@id\":\"https:\\\/\\\/www.insurepart.com\\\/product\\\/high-quality-vibration-motor-taptic-engine-replacement-for-iphone-13-offering-durable-construction-accurate-connector-alignment-and-long-term-stable-operation\\\/#primaryimage\",\"url\":\"https:\\\/\\\/www.insurepart.com\\\/wp-content\\\/uploads\\\/2025\\\/08\\\/13Pro-2-1.webp\",\"contentUrl\":\"https:\\\/\\\/www.insurepart.com\\\/wp-content\\\/uploads\\\/2025\\\/08\\\/13Pro-2-1.webp\",\"width\":800,\"height\":800},{\"@type\":\"BreadcrumbList\",\"@id\":\"https:\\\/\\\/www.insurepart.com\\\/product\\\/high-quality-vibration-motor-taptic-engine-replacement-for-iphone-13-offering-durable-construction-accurate-connector-alignment-and-long-term-stable-operation\\\/#breadcrumb\",\"itemListElement\":[{\"@type\":\"ListItem\",\"position\":1,\"name\":\"Home\",\"item\":\"https:\\\/\\\/www.insurepart.com\\\/\"},{\"@type\":\"ListItem\",\"position\":2,\"name\":\"Product\",\"item\":\"https:\\\/\\\/www.insurepart.com\\\/product\\\/\"},{\"@type\":\"ListItem\",\"position\":3,\"name\":\"iPhone 13 Vibration Motor (Taptic Engine) Replacement &#8211; Durable Construction, Accurate Connector Alignment, Long-Term Stable Operation &#8211; OEM Quality &#8211; Fast Shipping\"}]},{\"@type\":\"WebSite\",\"@id\":\"https:\\\/\\\/www.insurepart.com\\\/de\\\/#website\",\"url\":\"https:\\\/\\\/www.insurepart.com\\\/de\\\/\",\"name\":\"InsurePart\",\"description\":\"Cell Phone Repair Parts; iPhone Parts Wholesale;Samsung Parts Supplier\",\"potentialAction\":[{\"@type\":\"SearchAction\",\"target\":{\"@type\":\"EntryPoint\",\"urlTemplate\":\"https:\\\/\\\/www.insurepart.com\\\/de\\\/?s={search_term_string}\"},\"query-input\":{\"@type\":\"PropertyValueSpecification\",\"valueRequired\":true,\"valueName\":\"search_term_string\"}}],\"inLanguage\":\"de\"}]}<\/script>\n<!-- \/ Yoast SEO plugin. -->","yoast_head_json":{"title":"iPhone 13 Vibration Motor (Taptic Engine) Replacement - Durable Construction, Accurate Connector Alignment, Long-Term Stable Operation - OEM Quality - Fast Shipping - InsurePart","description":"Ersatz-Vibrationsmotor (Taptic Engine) f\u00fcr iPhone 13 \u2013 Robuste Konstruktion, pr\u00e4ziser Anschluss, dauerhaft stabiler Betrieb \u2013 Erstausr\u00fcsterqualit\u00e4t \u2013 Schneller Versand","robots":{"index":"index","follow":"follow","max-snippet":"max-snippet:-1","max-image-preview":"max-image-preview:large","max-video-preview":"max-video-preview:-1"},"canonical":"https:\/\/www.insurepart.com\/de\/produkt\/high-quality-vibration-motor-taptic-engine-replacement-for-iphone-13-offering-durable-construction-accurate-connector-alignment-and-long-term-stable-operation\/","og_locale":"de_DE","og_type":"article","og_title":"iPhone 13 Vibration Motor (Taptic Engine) Replacement - Durable Construction, Accurate Connector Alignment, Long-Term Stable Operation - OEM Quality - Fast Shipping - InsurePart","og_description":"iPhone 13 Vibration Motor (Taptic Engine) Replacement - Durable Construction, Accurate Connector Alignment, Long-Term Stable Operation - OEM Quality - Fast Shipping","og_url":"https:\/\/www.insurepart.com\/de\/produkt\/high-quality-vibration-motor-taptic-engine-replacement-for-iphone-13-offering-durable-construction-accurate-connector-alignment-and-long-term-stable-operation\/","og_site_name":"InsurePart","article_publisher":"https:\/\/www.facebook.com\/anjinleeEva","article_modified_time":"2026-01-06T03:05:45+00:00","og_image":[{"width":800,"height":800,"url":"https:\/\/www.insurepart.com\/wp-content\/uploads\/2025\/08\/13Pro-2-1.webp","type":"image\/webp"}],"twitter_card":"summary_large_image","twitter_misc":{"Gesch\u00e4tzte Lesezeit":"1\u00a0Minute"},"schema":{"@context":"https:\/\/schema.org","@graph":[{"@type":"WebPage","@id":"https:\/\/www.insurepart.com\/product\/high-quality-vibration-motor-taptic-engine-replacement-for-iphone-13-offering-durable-construction-accurate-connector-alignment-and-long-term-stable-operation\/","url":"https:\/\/www.insurepart.com\/product\/high-quality-vibration-motor-taptic-engine-replacement-for-iphone-13-offering-durable-construction-accurate-connector-alignment-and-long-term-stable-operation\/","name":"iPhone 13 Vibration Motor (Taptic Engine) Replacement - Durable Construction, Accurate Connector Alignment, Long-Term Stable Operation - OEM Quality - Fast Shipping - InsurePart","isPartOf":{"@id":"https:\/\/www.insurepart.com\/de\/#website"},"primaryImageOfPage":{"@id":"https:\/\/www.insurepart.com\/product\/high-quality-vibration-motor-taptic-engine-replacement-for-iphone-13-offering-durable-construction-accurate-connector-alignment-and-long-term-stable-operation\/#primaryimage"},"image":{"@id":"https:\/\/www.insurepart.com\/product\/high-quality-vibration-motor-taptic-engine-replacement-for-iphone-13-offering-durable-construction-accurate-connector-alignment-and-long-term-stable-operation\/#primaryimage"},"thumbnailUrl":"https:\/\/www.insurepart.com\/wp-content\/uploads\/2025\/08\/13Pro-2-1.webp","datePublished":"2025-08-20T08:14:42+00:00","dateModified":"2026-01-06T03:05:45+00:00","description":"Ersatz-Vibrationsmotor (Taptic Engine) f\u00fcr iPhone 13 \u2013 Robuste Konstruktion, pr\u00e4ziser Anschluss, dauerhaft stabiler Betrieb \u2013 Erstausr\u00fcsterqualit\u00e4t \u2013 Schneller Versand","breadcrumb":{"@id":"https:\/\/www.insurepart.com\/product\/high-quality-vibration-motor-taptic-engine-replacement-for-iphone-13-offering-durable-construction-accurate-connector-alignment-and-long-term-stable-operation\/#breadcrumb"},"inLanguage":"de","potentialAction":[{"@type":"ReadAction","target":["https:\/\/www.insurepart.com\/product\/high-quality-vibration-motor-taptic-engine-replacement-for-iphone-13-offering-durable-construction-accurate-connector-alignment-and-long-term-stable-operation\/"]}]},{"@type":"ImageObject","inLanguage":"de","@id":"https:\/\/www.insurepart.com\/product\/high-quality-vibration-motor-taptic-engine-replacement-for-iphone-13-offering-durable-construction-accurate-connector-alignment-and-long-term-stable-operation\/#primaryimage","url":"https:\/\/www.insurepart.com\/wp-content\/uploads\/2025\/08\/13Pro-2-1.webp","contentUrl":"https:\/\/www.insurepart.com\/wp-content\/uploads\/2025\/08\/13Pro-2-1.webp","width":800,"height":800},{"@type":"BreadcrumbList","@id":"https:\/\/www.insurepart.com\/product\/high-quality-vibration-motor-taptic-engine-replacement-for-iphone-13-offering-durable-construction-accurate-connector-alignment-and-long-term-stable-operation\/#breadcrumb","itemListElement":[{"@type":"ListItem","position":1,"name":"Home","item":"https:\/\/www.insurepart.com\/"},{"@type":"ListItem","position":2,"name":"Product","item":"https:\/\/www.insurepart.com\/product\/"},{"@type":"ListItem","position":3,"name":"iPhone 13 Vibration Motor (Taptic Engine) Replacement &#8211; Durable Construction, Accurate Connector Alignment, Long-Term Stable Operation &#8211; OEM Quality &#8211; Fast Shipping"}]},{"@type":"WebSite","@id":"https:\/\/www.insurepart.com\/de\/#website","url":"https:\/\/www.insurepart.com\/de\/","name":"InsurePart","description":"Handy-Ersatzteile; iPhone-Ersatzteile im Gro\u00dfhandel; Samsung-Ersatzteillieferant","potentialAction":[{"@type":"SearchAction","target":{"@type":"EntryPoint","urlTemplate":"https:\/\/www.insurepart.com\/de\/?s={search_term_string}"},"query-input":{"@type":"PropertyValueSpecification","valueRequired":true,"valueName":"search_term_string"}}],"inLanguage":"de"}]}},"_links":{"self":[{"href":"https:\/\/www.insurepart.com\/de\/wp-json\/wp\/v2\/product\/21825","targetHints":{"allow":["GET"]}}],"collection":[{"href":"https:\/\/www.insurepart.com\/de\/wp-json\/wp\/v2\/product"}],"about":[{"href":"https:\/\/www.insurepart.com\/de\/wp-json\/wp\/v2\/types\/product"}],"replies":[{"embeddable":true,"href":"https:\/\/www.insurepart.com\/de\/wp-json\/wp\/v2\/comments?post=21825"}],"version-history":[{"count":3,"href":"https:\/\/www.insurepart.com\/de\/wp-json\/wp\/v2\/product\/21825\/revisions"}],"predecessor-version":[{"id":24213,"href":"https:\/\/www.insurepart.com\/de\/wp-json\/wp\/v2\/product\/21825\/revisions\/24213"}],"wp:featuredmedia":[{"embeddable":true,"href":"https:\/\/www.insurepart.com\/de\/wp-json\/wp\/v2\/media\/21797"}],"wp:attachment":[{"href":"https:\/\/www.insurepart.com\/de\/wp-json\/wp\/v2\/media?parent=21825"}],"wp:term":[{"taxonomy":"product_brand","embeddable":true,"href":"https:\/\/www.insurepart.com\/de\/wp-json\/wp\/v2\/product_brand?post=21825"},{"taxonomy":"product_cat","embeddable":true,"href":"https:\/\/www.insurepart.com\/de\/wp-json\/wp\/v2\/product_cat?post=21825"},{"taxonomy":"product_tag","embeddable":true,"href":"https:\/\/www.insurepart.com\/de\/wp-json\/wp\/v2\/product_tag?post=21825"}],"curies":[{"name":"wp","href":"https:\/\/api.w.org\/{rel}","templated":true}]}}