{"id":6484,"date":"2023-11-17T12:04:29","date_gmt":"2023-11-17T04:04:29","guid":{"rendered":"https:\/\/dt-smart.com\/?post_type=product&#038;p=6484"},"modified":"2026-01-09T15:16:43","modified_gmt":"2026-01-09T07:16:43","slug":"for-samsung-galaxy-a03s-lcd","status":"publish","type":"product","link":"https:\/\/www.insurepart.com\/de\/produkt\/for-samsung-galaxy-a03s-lcd\/","title":{"rendered":"Samsung Galaxy A03S Display-Austausch \u2013 Brillante und kristallklare Darstellung \u2013 Originalmaterialien, Servicepaket und OLED-Qualit\u00e4t \u2013 Qualit\u00e4tsgarantie \u2013 Schneller Versand"},"content":{"rendered":"<p style=\"text-align: center;\"><img fetchpriority=\"high\" decoding=\"async\" class=\"alignnone size-full wp-image-15567\" src=\"https:\/\/insurepart.com\/wp-content\/uploads\/2024\/08\/\u4e3a\u4ec0\u4e48\u9009\u62e9\u6211\u4eec22.webp\" alt=\"\" width=\"1000\" height=\"786\" srcset=\"https:\/\/www.insurepart.com\/wp-content\/uploads\/2024\/08\/\u4e3a\u4ec0\u4e48\u9009\u62e9\u6211\u4eec22.webp 1000w, https:\/\/www.insurepart.com\/wp-content\/uploads\/2024\/08\/\u4e3a\u4ec0\u4e48\u9009\u62e9\u6211\u4eec22-300x236.webp 300w, https:\/\/www.insurepart.com\/wp-content\/uploads\/2024\/08\/\u4e3a\u4ec0\u4e48\u9009\u62e9\u6211\u4eec22-150x118.webp 150w, https:\/\/www.insurepart.com\/wp-content\/uploads\/2024\/08\/\u4e3a\u4ec0\u4e48\u9009\u62e9\u6211\u4eec22-800x629.webp 800w, https:\/\/www.insurepart.com\/wp-content\/uploads\/2024\/08\/\u4e3a\u4ec0\u4e48\u9009\u62e9\u6211\u4eec22-768x604.webp 768w, https:\/\/www.insurepart.com\/wp-content\/uploads\/2024\/08\/\u4e3a\u4ec0\u4e48\u9009\u62e9\u6211\u4eec22-15x12.webp 15w\" sizes=\"(max-width: 1000px) 100vw, 1000px\" \/><\/p>","protected":false},"excerpt":{"rendered":"<p><span style=\"font-family: arial, helvetica, sans-serif;\"><span style=\"font-size: 8pt;\">AUS MASSIVEM GLAS HERGESTELLT, LANGLEBIG: Unsere Bildschirme bestehen aus massivem Glasmaterial und verleihen Ihrem Ger\u00e4t Haltbarkeit und Festigkeit. Machen Sie sich keine Sorgen mehr \u00fcber Kratzer und Schrammen.<\/span><\/span><br \/>\n<span style=\"font-family: arial, helvetica, sans-serif; font-size: 8pt;\">Un\u00fcbertroffene Aufl\u00f6sung: Erleben Sie jedes Pixel in seiner ganzen Pracht dank der \u00fcberragenden Aufl\u00f6sung unserer Bildschirme, die einen neuen Standard f\u00fcr Klarheit und Pr\u00e4zision in der Displaytechnologie setzen.<\/span><br \/>\n<span style=\"font-family: arial, helvetica, sans-serif; font-size: 8pt;\">Brillante Farbwiedergabe: Erleben Sie das Farbspektrum wie nie zuvor. Unsere Bildschirme bieten eine au\u00dfergew\u00f6hnliche Farbwiedergabe und sorgen so f\u00fcr satte, lebendige und realistische Bilder.<\/span><br \/>\n<span style=\"font-family: arial, helvetica, sans-serif; font-size: 8pt;\">Hervorragende Helligkeit: Treten Sie ins Licht und der Bildschirm wird heller! Unsere hohe Helligkeit garantiert klare Sichtbarkeit auch an sonnigen Tagen.<\/span><br \/>\n<span style=\"font-family: arial, helvetica, sans-serif; font-size: 8pt;\">\u00dcberragender Kontrast: Tauchen Sie ein in die Tiefe jeder Szene. Unsere Bildschirme bieten \u00fcberragenden Kontrast und erwecken Bilder mit atemberaubender Klarheit zum Leben.<\/span><br \/>\n<span style=\"font-family: arial, helvetica, sans-serif; font-size: 8pt;\">Nahtlose Bildwiederholfrequenz: Fl\u00fcssige Bewegungen sind unser Versprechen! Genie\u00dfen Sie sanfte \u00dcberg\u00e4nge und Animationen mit einer Bildwiederholfrequenz, die mit Ihrem dynamischen Lebensstil Schritt h\u00e4lt.<\/span><br \/>\n<span style=\"font-family: arial, helvetica, sans-serif; font-size: 8pt;\">Un\u00fcbertroffene Empfindlichkeit: Erleben Sie die Magie der sofortigen Ber\u00fchrungsreaktion. Der DT-Smart-Bildschirm ist f\u00fcr eine nahtlose Interaktion konzipiert und sorgt daf\u00fcr, dass sich jede Ber\u00fchrung und Wischgeste nat\u00fcrlich und fl\u00fcssig anf\u00fchlt.<\/span><br \/>\n<span style=\"font-family: arial, helvetica, sans-serif; font-size: 8pt;\">\u00d6l- und fingerabdruckabweisend: Dank unseres \u00f6l- und fingerabdruckabweisenden Bildschirms bleibt Ihre Anzeige stets klar und sauber. Schluss mit Flecken \u2013 Ihr Display bleibt sauber und klar.<\/span><br \/>\n<span style=\"font-family: arial, helvetica, sans-serif; font-size: 8pt;\">Einfache Installation: Schluss mit der Komplexit\u00e4t! Unsere Siebe sind f\u00fcr eine einfache Installation konzipiert und garantieren so ein sorgenfreies Erlebnis f\u00fcr Profis und Hobbybastler gleicherma\u00dfen.<\/span><br \/>\n<span style=\"font-family: arial, helvetica, sans-serif; font-size: 8pt;\">Energieeinsparung und Umweltschutz: Tragen Sie zu einer gr\u00fcneren Zukunft bei, indem Sie Bildschirme entwickeln und produzieren, die nicht nur energiesparend, sondern auch umweltfreundlich sind.<\/span><\/p>","protected":false},"featured_media":6387,"comment_status":"open","ping_status":"closed","template":"","meta":[],"product_brand":[],"product_cat":[1020,1119],"product_tag":[],"class_list":{"0":"post-6484","1":"product","2":"type-product","3":"status-publish","4":"has-post-thumbnail","6":"product_cat-all-a-series-lcd","7":"product_cat-a03s","9":"first","10":"instock","11":"taxable","12":"shipping-taxable","13":"purchasable","14":"product-type-variable"},"yoast_head":"<!-- This site is optimized with the Yoast SEO plugin v27.3 - https:\/\/yoast.com\/product\/yoast-seo-wordpress\/ -->\n<title>Samsung Galaxy A03S Display Replacement - Vibrant View for Crystal Clarity - Original Materials &amp; Service Pack &amp; OLED Quality - Quality Guaranteed - Fast Shipping - InsurePart<\/title>\n<meta name=\"description\" content=\"Samsung Galaxy A03S Display Replacement - Vibrant View for Crystal Clarity - Original Materials &amp; Service Pack &amp; OLED Quality - Quality Guaranteed - Fast Shipping\" \/>\n<meta name=\"robots\" content=\"index, follow, max-snippet:-1, max-image-preview:large, max-video-preview:-1\" \/>\n<link rel=\"canonical\" href=\"https:\/\/www.insurepart.com\/de\/produkt\/for-samsung-galaxy-a03s-lcd\/\" \/>\n<meta property=\"og:locale\" content=\"de_DE\" \/>\n<meta property=\"og:type\" content=\"article\" \/>\n<meta property=\"og:title\" content=\"Samsung Galaxy A03S Display Replacement - Vibrant View for Crystal Clarity - Original Materials &amp; Service Pack &amp; OLED Quality - Quality Guaranteed - Fast Shipping - InsurePart\" \/>\n<meta property=\"og:description\" content=\"Samsung Galaxy A03S Display Replacement - Vibrant View for Crystal Clarity - Original Materials &amp; Service Pack &amp; OLED Quality - Quality Guaranteed - Fast Shipping\" \/>\n<meta property=\"og:url\" content=\"https:\/\/www.insurepart.com\/de\/produkt\/for-samsung-galaxy-a03s-lcd\/\" \/>\n<meta property=\"og:site_name\" content=\"InsurePart\" \/>\n<meta property=\"article:publisher\" content=\"https:\/\/www.facebook.com\/anjinleeEva\" \/>\n<meta property=\"article:modified_time\" content=\"2026-01-09T07:16:43+00:00\" \/>\n<meta property=\"og:image\" content=\"https:\/\/www.insurepart.com\/wp-content\/uploads\/2023\/11\/2-76.png\" \/>\n\t<meta property=\"og:image:width\" content=\"1000\" \/>\n\t<meta property=\"og:image:height\" content=\"1000\" \/>\n\t<meta property=\"og:image:type\" content=\"image\/png\" \/>\n<meta name=\"twitter:card\" content=\"summary_large_image\" \/>\n<meta name=\"twitter:label1\" content=\"Gesch\u00e4tzte Lesezeit\" \/>\n\t<meta name=\"twitter:data1\" content=\"1\u00a0Minute\" \/>\n<script type=\"application\/ld+json\" class=\"yoast-schema-graph\">{\"@context\":\"https:\\\/\\\/schema.org\",\"@graph\":[{\"@type\":\"WebPage\",\"@id\":\"https:\\\/\\\/www.insurepart.com\\\/product\\\/for-samsung-galaxy-a03s-lcd\\\/\",\"url\":\"https:\\\/\\\/www.insurepart.com\\\/product\\\/for-samsung-galaxy-a03s-lcd\\\/\",\"name\":\"Samsung Galaxy A03S Display Replacement - Vibrant View for Crystal Clarity - Original Materials & Service Pack & OLED Quality - Quality Guaranteed - Fast Shipping - InsurePart\",\"isPartOf\":{\"@id\":\"https:\\\/\\\/www.insurepart.com\\\/de\\\/#website\"},\"primaryImageOfPage\":{\"@id\":\"https:\\\/\\\/www.insurepart.com\\\/product\\\/for-samsung-galaxy-a03s-lcd\\\/#primaryimage\"},\"image\":{\"@id\":\"https:\\\/\\\/www.insurepart.com\\\/product\\\/for-samsung-galaxy-a03s-lcd\\\/#primaryimage\"},\"thumbnailUrl\":\"https:\\\/\\\/www.insurepart.com\\\/wp-content\\\/uploads\\\/2023\\\/11\\\/2-76.png\",\"datePublished\":\"2023-11-17T04:04:29+00:00\",\"dateModified\":\"2026-01-09T07:16:43+00:00\",\"description\":\"Samsung Galaxy A03S Display Replacement - Vibrant View for Crystal Clarity - Original Materials & Service Pack & OLED Quality - Quality Guaranteed - Fast Shipping\",\"breadcrumb\":{\"@id\":\"https:\\\/\\\/www.insurepart.com\\\/product\\\/for-samsung-galaxy-a03s-lcd\\\/#breadcrumb\"},\"inLanguage\":\"de\",\"potentialAction\":[{\"@type\":\"ReadAction\",\"target\":[\"https:\\\/\\\/www.insurepart.com\\\/product\\\/for-samsung-galaxy-a03s-lcd\\\/\"]}]},{\"@type\":\"ImageObject\",\"inLanguage\":\"de\",\"@id\":\"https:\\\/\\\/www.insurepart.com\\\/product\\\/for-samsung-galaxy-a03s-lcd\\\/#primaryimage\",\"url\":\"https:\\\/\\\/www.insurepart.com\\\/wp-content\\\/uploads\\\/2023\\\/11\\\/2-76.png\",\"contentUrl\":\"https:\\\/\\\/www.insurepart.com\\\/wp-content\\\/uploads\\\/2023\\\/11\\\/2-76.png\",\"width\":1000,\"height\":1000},{\"@type\":\"BreadcrumbList\",\"@id\":\"https:\\\/\\\/www.insurepart.com\\\/product\\\/for-samsung-galaxy-a03s-lcd\\\/#breadcrumb\",\"itemListElement\":[{\"@type\":\"ListItem\",\"position\":1,\"name\":\"Home\",\"item\":\"https:\\\/\\\/www.insurepart.com\\\/\"},{\"@type\":\"ListItem\",\"position\":2,\"name\":\"Product\",\"item\":\"https:\\\/\\\/www.insurepart.com\\\/product\\\/\"},{\"@type\":\"ListItem\",\"position\":3,\"name\":\"Samsung Galaxy A03S Display Replacement &#8211; Vibrant View for Crystal Clarity &#8211; Original Materials &#038; Service Pack &#038; OLED Quality &#8211; Quality Guaranteed &#8211; Fast Shipping\"}]},{\"@type\":\"WebSite\",\"@id\":\"https:\\\/\\\/www.insurepart.com\\\/de\\\/#website\",\"url\":\"https:\\\/\\\/www.insurepart.com\\\/de\\\/\",\"name\":\"InsurePart\",\"description\":\"Cell Phone Repair Parts; iPhone Parts Wholesale;Samsung Parts Supplier\",\"potentialAction\":[{\"@type\":\"SearchAction\",\"target\":{\"@type\":\"EntryPoint\",\"urlTemplate\":\"https:\\\/\\\/www.insurepart.com\\\/de\\\/?s={search_term_string}\"},\"query-input\":{\"@type\":\"PropertyValueSpecification\",\"valueRequired\":true,\"valueName\":\"search_term_string\"}}],\"inLanguage\":\"de\"}]}<\/script>\n<!-- \/ Yoast SEO plugin. -->","yoast_head_json":{"title":"Samsung Galaxy A03S Display Replacement - Vibrant View for Crystal Clarity - Original Materials & Service Pack & OLED Quality - Quality Guaranteed - Fast Shipping - InsurePart","description":"Samsung Galaxy A03S Display-Austausch \u2013 Brillante und kristallklare Darstellung \u2013 Originalmaterialien, Servicepaket und OLED-Qualit\u00e4t \u2013 Qualit\u00e4tsgarantie \u2013 Schneller Versand","robots":{"index":"index","follow":"follow","max-snippet":"max-snippet:-1","max-image-preview":"max-image-preview:large","max-video-preview":"max-video-preview:-1"},"canonical":"https:\/\/www.insurepart.com\/de\/produkt\/for-samsung-galaxy-a03s-lcd\/","og_locale":"de_DE","og_type":"article","og_title":"Samsung Galaxy A03S Display Replacement - Vibrant View for Crystal Clarity - Original Materials & Service Pack & OLED Quality - Quality Guaranteed - Fast Shipping - InsurePart","og_description":"Samsung Galaxy A03S Display Replacement - Vibrant View for Crystal Clarity - Original Materials & Service Pack & OLED Quality - Quality Guaranteed - Fast Shipping","og_url":"https:\/\/www.insurepart.com\/de\/produkt\/for-samsung-galaxy-a03s-lcd\/","og_site_name":"InsurePart","article_publisher":"https:\/\/www.facebook.com\/anjinleeEva","article_modified_time":"2026-01-09T07:16:43+00:00","og_image":[{"width":1000,"height":1000,"url":"https:\/\/www.insurepart.com\/wp-content\/uploads\/2023\/11\/2-76.png","type":"image\/png"}],"twitter_card":"summary_large_image","twitter_misc":{"Gesch\u00e4tzte Lesezeit":"1\u00a0Minute"},"schema":{"@context":"https:\/\/schema.org","@graph":[{"@type":"WebPage","@id":"https:\/\/www.insurepart.com\/product\/for-samsung-galaxy-a03s-lcd\/","url":"https:\/\/www.insurepart.com\/product\/for-samsung-galaxy-a03s-lcd\/","name":"Samsung Galaxy A03S Display Replacement - Vibrant View for Crystal Clarity - Original Materials & Service Pack & OLED Quality - Quality Guaranteed - Fast Shipping - InsurePart","isPartOf":{"@id":"https:\/\/www.insurepart.com\/de\/#website"},"primaryImageOfPage":{"@id":"https:\/\/www.insurepart.com\/product\/for-samsung-galaxy-a03s-lcd\/#primaryimage"},"image":{"@id":"https:\/\/www.insurepart.com\/product\/for-samsung-galaxy-a03s-lcd\/#primaryimage"},"thumbnailUrl":"https:\/\/www.insurepart.com\/wp-content\/uploads\/2023\/11\/2-76.png","datePublished":"2023-11-17T04:04:29+00:00","dateModified":"2026-01-09T07:16:43+00:00","description":"Samsung Galaxy A03S Display-Austausch \u2013 Brillante und kristallklare Darstellung \u2013 Originalmaterialien, Servicepaket und OLED-Qualit\u00e4t \u2013 Qualit\u00e4tsgarantie \u2013 Schneller Versand","breadcrumb":{"@id":"https:\/\/www.insurepart.com\/product\/for-samsung-galaxy-a03s-lcd\/#breadcrumb"},"inLanguage":"de","potentialAction":[{"@type":"ReadAction","target":["https:\/\/www.insurepart.com\/product\/for-samsung-galaxy-a03s-lcd\/"]}]},{"@type":"ImageObject","inLanguage":"de","@id":"https:\/\/www.insurepart.com\/product\/for-samsung-galaxy-a03s-lcd\/#primaryimage","url":"https:\/\/www.insurepart.com\/wp-content\/uploads\/2023\/11\/2-76.png","contentUrl":"https:\/\/www.insurepart.com\/wp-content\/uploads\/2023\/11\/2-76.png","width":1000,"height":1000},{"@type":"BreadcrumbList","@id":"https:\/\/www.insurepart.com\/product\/for-samsung-galaxy-a03s-lcd\/#breadcrumb","itemListElement":[{"@type":"ListItem","position":1,"name":"Home","item":"https:\/\/www.insurepart.com\/"},{"@type":"ListItem","position":2,"name":"Product","item":"https:\/\/www.insurepart.com\/product\/"},{"@type":"ListItem","position":3,"name":"Samsung Galaxy A03S Display Replacement &#8211; Vibrant View for Crystal Clarity &#8211; Original Materials &#038; Service Pack &#038; OLED Quality &#8211; Quality Guaranteed &#8211; Fast Shipping"}]},{"@type":"WebSite","@id":"https:\/\/www.insurepart.com\/de\/#website","url":"https:\/\/www.insurepart.com\/de\/","name":"InsurePart","description":"Handy-Ersatzteile; iPhone-Ersatzteile im Gro\u00dfhandel; Samsung-Ersatzteillieferant","potentialAction":[{"@type":"SearchAction","target":{"@type":"EntryPoint","urlTemplate":"https:\/\/www.insurepart.com\/de\/?s={search_term_string}"},"query-input":{"@type":"PropertyValueSpecification","valueRequired":true,"valueName":"search_term_string"}}],"inLanguage":"de"}]}},"_links":{"self":[{"href":"https:\/\/www.insurepart.com\/de\/wp-json\/wp\/v2\/product\/6484","targetHints":{"allow":["GET"]}}],"collection":[{"href":"https:\/\/www.insurepart.com\/de\/wp-json\/wp\/v2\/product"}],"about":[{"href":"https:\/\/www.insurepart.com\/de\/wp-json\/wp\/v2\/types\/product"}],"replies":[{"embeddable":true,"href":"https:\/\/www.insurepart.com\/de\/wp-json\/wp\/v2\/comments?post=6484"}],"version-history":[{"count":9,"href":"https:\/\/www.insurepart.com\/de\/wp-json\/wp\/v2\/product\/6484\/revisions"}],"predecessor-version":[{"id":23208,"href":"https:\/\/www.insurepart.com\/de\/wp-json\/wp\/v2\/product\/6484\/revisions\/23208"}],"wp:featuredmedia":[{"embeddable":true,"href":"https:\/\/www.insurepart.com\/de\/wp-json\/wp\/v2\/media\/6387"}],"wp:attachment":[{"href":"https:\/\/www.insurepart.com\/de\/wp-json\/wp\/v2\/media?parent=6484"}],"wp:term":[{"taxonomy":"product_brand","embeddable":true,"href":"https:\/\/www.insurepart.com\/de\/wp-json\/wp\/v2\/product_brand?post=6484"},{"taxonomy":"product_cat","embeddable":true,"href":"https:\/\/www.insurepart.com\/de\/wp-json\/wp\/v2\/product_cat?post=6484"},{"taxonomy":"product_tag","embeddable":true,"href":"https:\/\/www.insurepart.com\/de\/wp-json\/wp\/v2\/product_tag?post=6484"}],"curies":[{"name":"wp","href":"https:\/\/api.w.org\/{rel}","templated":true}]}}