{"id":13417,"date":"2024-02-29T10:24:17","date_gmt":"2024-02-29T02:24:17","guid":{"rendered":"https:\/\/dt-smart.com\/?post_type=product&#038;p=13417"},"modified":"2026-01-16T10:34:23","modified_gmt":"2026-01-16T02:34:23","slug":"for-iphone-7-back-cover-assembly","status":"publish","type":"product","link":"https:\/\/www.insurepart.com\/es\/producto\/for-iphone-7-back-cover-assembly\/","title":{"rendered":"Carcasa trasera de pol\u00edmero resistente a impactos para iPhone 7: protecci\u00f3n robusta con dise\u00f1o elegante, protecci\u00f3n de \u00faltima generaci\u00f3n y agarre c\u00f3modo, calidad OEM, env\u00edo r\u00e1pido."},"content":{"rendered":"<p style=\"text-align: center;\"><img fetchpriority=\"high\" decoding=\"async\" class=\"alignnone size-full wp-image-15567\" src=\"https:\/\/www.insurepart.com\/wp-content\/uploads\/2024\/08\/\u4e3a\u4ec0\u4e48\u9009\u62e9\u6211\u4eec22.webp\" alt=\"\" width=\"1000\" height=\"786\" srcset=\"https:\/\/www.insurepart.com\/wp-content\/uploads\/2024\/08\/\u4e3a\u4ec0\u4e48\u9009\u62e9\u6211\u4eec22.webp 1000w, https:\/\/www.insurepart.com\/wp-content\/uploads\/2024\/08\/\u4e3a\u4ec0\u4e48\u9009\u62e9\u6211\u4eec22-300x236.webp 300w, https:\/\/www.insurepart.com\/wp-content\/uploads\/2024\/08\/\u4e3a\u4ec0\u4e48\u9009\u62e9\u6211\u4eec22-150x118.webp 150w, https:\/\/www.insurepart.com\/wp-content\/uploads\/2024\/08\/\u4e3a\u4ec0\u4e48\u9009\u62e9\u6211\u4eec22-800x629.webp 800w, https:\/\/www.insurepart.com\/wp-content\/uploads\/2024\/08\/\u4e3a\u4ec0\u4e48\u9009\u62e9\u6211\u4eec22-768x604.webp 768w, https:\/\/www.insurepart.com\/wp-content\/uploads\/2024\/08\/\u4e3a\u4ec0\u4e48\u9009\u62e9\u6211\u4eec22-15x12.webp 15w\" sizes=\"(max-width: 1000px) 100vw, 1000px\" \/><\/p>","protected":false},"excerpt":{"rendered":"<p><span style=\"font-family: arial, helvetica, sans-serif;\"><span style=\"font-size: 8pt;\">CONSTRUCCI\u00d3N DURADERA: Fabricado con tecnolog\u00eda y materiales avanzados DT-Smart para una resistencia superior a los rayones, brindando una protecci\u00f3n duradera.<\/span><\/span><br \/>\n<span style=\"font-family: arial, helvetica, sans-serif; font-size: 8pt;\">AJUSTE PERFECTO: Los recortes y la alineaci\u00f3n precisos garantizan un ajuste firme y seguro para un f\u00e1cil acceso a todas las funciones del dispositivo.<\/span><br \/>\n<span style=\"font-family: arial, helvetica, sans-serif; font-size: 8pt;\">SEGURIDAD Y PROTECCI\u00d3N: Esta funda no solo mejora su apariencia sino que tambi\u00e9n brinda protecci\u00f3n confiable para su iPhone.<\/span><br \/>\n<span style=\"font-family: arial, helvetica, sans-serif; font-size: 8pt;\">COMPATIBILIDAD: Dise\u00f1ado espec\u00edficamente para su modelo de iPhone de Apple, garantizando un ajuste perfecto y una compatibilidad total con su dispositivo.<\/span><br \/>\n<span style=\"font-family: arial, helvetica, sans-serif; font-size: 8pt;\">Resistencia al impacto: proporciona protecci\u00f3n confiable contra ca\u00eddas e impactos accidentales, protegiendo su iPhone contra da\u00f1os.<\/span><br \/>\n<span style=\"font-family: arial, helvetica, sans-serif; font-size: 8pt;\">F\u00e1cil de mantener: La cubierta est\u00e1 dise\u00f1ada para un f\u00e1cil mantenimiento, lo que le permite reemplazarla o limpiarla f\u00e1cilmente.<\/span><br \/>\n<span style=\"font-family: arial, helvetica, sans-serif; font-size: 8pt;\">F\u00e1cil instalaci\u00f3n: Instalar la funda es muy f\u00e1cil y puede proteger f\u00e1cilmente su iPhone.<\/span><br \/>\n<span style=\"font-family: arial, helvetica, sans-serif; font-size: 8pt;\">CALIDAD GARANTIZADA: Respaldado por el compromiso de DT-Smart con la calidad, garantizando que los productos premium cumplan con los m\u00e1s altos est\u00e1ndares.<\/span><\/p>","protected":false},"featured_media":12537,"comment_status":"open","ping_status":"closed","template":"","meta":[],"product_brand":[],"product_cat":[112],"product_tag":[],"class_list":{"0":"post-13417","1":"product","2":"type-product","3":"status-publish","4":"has-post-thumbnail","6":"product_cat-iphone-7","8":"first","9":"instock","10":"taxable","11":"shipping-taxable","12":"purchasable","13":"product-type-variable"},"yoast_head":"<!-- This site is optimized with the Yoast SEO plugin v27.3 - https:\/\/yoast.com\/product\/yoast-seo-wordpress\/ -->\n<title>iPhone 7 Impact-Resistant Polymer Back Cover Housing - Rugged Protection with Sleek Design - Next-Gen Defense &amp; Comfort Grip - OEM Quality - Fast Shipping - InsurePart<\/title>\n<meta name=\"description\" content=\"iPhone 7 Impact-Resistant Polymer Back Cover Housing - Rugged Protection with Sleek Design - Next-Gen Defense &amp; Comfort Grip - OEM Quality - Fast Shipping\" \/>\n<meta name=\"robots\" content=\"index, follow, max-snippet:-1, max-image-preview:large, max-video-preview:-1\" \/>\n<link rel=\"canonical\" href=\"https:\/\/www.insurepart.com\/es\/producto\/for-iphone-7-back-cover-assembly\/\" \/>\n<meta property=\"og:locale\" content=\"es_ES\" \/>\n<meta property=\"og:type\" content=\"article\" \/>\n<meta property=\"og:title\" content=\"iPhone 7 Impact-Resistant Polymer Back Cover Housing - Rugged Protection with Sleek Design - Next-Gen Defense &amp; Comfort Grip - OEM Quality - Fast Shipping - InsurePart\" \/>\n<meta property=\"og:description\" content=\"iPhone 7 Impact-Resistant Polymer Back Cover Housing - Rugged Protection with Sleek Design - Next-Gen Defense &amp; Comfort Grip - OEM Quality - Fast Shipping\" \/>\n<meta property=\"og:url\" content=\"https:\/\/www.insurepart.com\/es\/producto\/for-iphone-7-back-cover-assembly\/\" \/>\n<meta property=\"og:site_name\" content=\"InsurePart\" \/>\n<meta property=\"article:publisher\" content=\"https:\/\/www.facebook.com\/anjinleeEva\" \/>\n<meta property=\"article:modified_time\" content=\"2026-01-16T02:34:23+00:00\" \/>\n<meta property=\"og:image\" content=\"https:\/\/www.insurepart.com\/wp-content\/uploads\/2024\/02\/13.jpg\" \/>\n\t<meta property=\"og:image:width\" content=\"800\" \/>\n\t<meta property=\"og:image:height\" content=\"800\" \/>\n\t<meta property=\"og:image:type\" content=\"image\/jpeg\" \/>\n<meta name=\"twitter:card\" content=\"summary_large_image\" \/>\n<meta name=\"twitter:label1\" content=\"Tiempo de lectura\" \/>\n\t<meta name=\"twitter:data1\" content=\"1 minuto\" \/>\n<script type=\"application\/ld+json\" class=\"yoast-schema-graph\">{\"@context\":\"https:\\\/\\\/schema.org\",\"@graph\":[{\"@type\":\"WebPage\",\"@id\":\"https:\\\/\\\/www.insurepart.com\\\/product\\\/for-iphone-7-back-cover-assembly\\\/\",\"url\":\"https:\\\/\\\/www.insurepart.com\\\/product\\\/for-iphone-7-back-cover-assembly\\\/\",\"name\":\"iPhone 7 Impact-Resistant Polymer Back Cover Housing - Rugged Protection with Sleek Design - Next-Gen Defense & Comfort Grip - OEM Quality - Fast Shipping - InsurePart\",\"isPartOf\":{\"@id\":\"https:\\\/\\\/www.insurepart.com\\\/de\\\/#website\"},\"primaryImageOfPage\":{\"@id\":\"https:\\\/\\\/www.insurepart.com\\\/product\\\/for-iphone-7-back-cover-assembly\\\/#primaryimage\"},\"image\":{\"@id\":\"https:\\\/\\\/www.insurepart.com\\\/product\\\/for-iphone-7-back-cover-assembly\\\/#primaryimage\"},\"thumbnailUrl\":\"https:\\\/\\\/www.insurepart.com\\\/wp-content\\\/uploads\\\/2024\\\/02\\\/13.jpg\",\"datePublished\":\"2024-02-29T02:24:17+00:00\",\"dateModified\":\"2026-01-16T02:34:23+00:00\",\"description\":\"iPhone 7 Impact-Resistant Polymer Back Cover Housing - Rugged Protection with Sleek Design - Next-Gen Defense & Comfort Grip - OEM Quality - Fast Shipping\",\"breadcrumb\":{\"@id\":\"https:\\\/\\\/www.insurepart.com\\\/product\\\/for-iphone-7-back-cover-assembly\\\/#breadcrumb\"},\"inLanguage\":\"es\",\"potentialAction\":[{\"@type\":\"ReadAction\",\"target\":[\"https:\\\/\\\/www.insurepart.com\\\/product\\\/for-iphone-7-back-cover-assembly\\\/\"]}]},{\"@type\":\"ImageObject\",\"inLanguage\":\"es\",\"@id\":\"https:\\\/\\\/www.insurepart.com\\\/product\\\/for-iphone-7-back-cover-assembly\\\/#primaryimage\",\"url\":\"https:\\\/\\\/www.insurepart.com\\\/wp-content\\\/uploads\\\/2024\\\/02\\\/13.jpg\",\"contentUrl\":\"https:\\\/\\\/www.insurepart.com\\\/wp-content\\\/uploads\\\/2024\\\/02\\\/13.jpg\",\"width\":800,\"height\":800},{\"@type\":\"BreadcrumbList\",\"@id\":\"https:\\\/\\\/www.insurepart.com\\\/product\\\/for-iphone-7-back-cover-assembly\\\/#breadcrumb\",\"itemListElement\":[{\"@type\":\"ListItem\",\"position\":1,\"name\":\"Home\",\"item\":\"https:\\\/\\\/www.insurepart.com\\\/\"},{\"@type\":\"ListItem\",\"position\":2,\"name\":\"Product\",\"item\":\"https:\\\/\\\/www.insurepart.com\\\/product\\\/\"},{\"@type\":\"ListItem\",\"position\":3,\"name\":\"iPhone 7 Impact-Resistant Polymer Back Cover Housing &#8211; Rugged Protection with Sleek Design &#8211; Next-Gen Defense &#038; Comfort Grip &#8211; OEM Quality &#8211; Fast Shipping\"}]},{\"@type\":\"WebSite\",\"@id\":\"https:\\\/\\\/www.insurepart.com\\\/de\\\/#website\",\"url\":\"https:\\\/\\\/www.insurepart.com\\\/de\\\/\",\"name\":\"InsurePart\",\"description\":\"Cell Phone Repair Parts; iPhone Parts Wholesale;Samsung Parts Supplier\",\"potentialAction\":[{\"@type\":\"SearchAction\",\"target\":{\"@type\":\"EntryPoint\",\"urlTemplate\":\"https:\\\/\\\/www.insurepart.com\\\/de\\\/?s={search_term_string}\"},\"query-input\":{\"@type\":\"PropertyValueSpecification\",\"valueRequired\":true,\"valueName\":\"search_term_string\"}}],\"inLanguage\":\"es\"}]}<\/script>\n<!-- \/ Yoast SEO plugin. -->","yoast_head_json":{"title":"iPhone 7 Impact-Resistant Polymer Back Cover Housing - Rugged Protection with Sleek Design - Next-Gen Defense & Comfort Grip - OEM Quality - Fast Shipping - InsurePart","description":"iPhone 7 Impact-Resistant Polymer Back Cover Housing - Rugged Protection with Sleek Design - Next-Gen Defense & Comfort Grip - OEM Quality - Fast Shipping","robots":{"index":"index","follow":"follow","max-snippet":"max-snippet:-1","max-image-preview":"max-image-preview:large","max-video-preview":"max-video-preview:-1"},"canonical":"https:\/\/www.insurepart.com\/es\/producto\/for-iphone-7-back-cover-assembly\/","og_locale":"es_ES","og_type":"article","og_title":"iPhone 7 Impact-Resistant Polymer Back Cover Housing - Rugged Protection with Sleek Design - Next-Gen Defense & Comfort Grip - OEM Quality - Fast Shipping - InsurePart","og_description":"iPhone 7 Impact-Resistant Polymer Back Cover Housing - Rugged Protection with Sleek Design - Next-Gen Defense & Comfort Grip - OEM Quality - Fast Shipping","og_url":"https:\/\/www.insurepart.com\/es\/producto\/for-iphone-7-back-cover-assembly\/","og_site_name":"InsurePart","article_publisher":"https:\/\/www.facebook.com\/anjinleeEva","article_modified_time":"2026-01-16T02:34:23+00:00","og_image":[{"width":800,"height":800,"url":"https:\/\/www.insurepart.com\/wp-content\/uploads\/2024\/02\/13.jpg","type":"image\/jpeg"}],"twitter_card":"summary_large_image","twitter_misc":{"Tiempo de lectura":"1 minuto"},"schema":{"@context":"https:\/\/schema.org","@graph":[{"@type":"WebPage","@id":"https:\/\/www.insurepart.com\/product\/for-iphone-7-back-cover-assembly\/","url":"https:\/\/www.insurepart.com\/product\/for-iphone-7-back-cover-assembly\/","name":"iPhone 7 Impact-Resistant Polymer Back Cover Housing - Rugged Protection with Sleek Design - Next-Gen Defense & Comfort Grip - OEM Quality - Fast Shipping - InsurePart","isPartOf":{"@id":"https:\/\/www.insurepart.com\/de\/#website"},"primaryImageOfPage":{"@id":"https:\/\/www.insurepart.com\/product\/for-iphone-7-back-cover-assembly\/#primaryimage"},"image":{"@id":"https:\/\/www.insurepart.com\/product\/for-iphone-7-back-cover-assembly\/#primaryimage"},"thumbnailUrl":"https:\/\/www.insurepart.com\/wp-content\/uploads\/2024\/02\/13.jpg","datePublished":"2024-02-29T02:24:17+00:00","dateModified":"2026-01-16T02:34:23+00:00","description":"iPhone 7 Impact-Resistant Polymer Back Cover Housing - Rugged Protection with Sleek Design - Next-Gen Defense & Comfort Grip - OEM Quality - Fast Shipping","breadcrumb":{"@id":"https:\/\/www.insurepart.com\/product\/for-iphone-7-back-cover-assembly\/#breadcrumb"},"inLanguage":"es","potentialAction":[{"@type":"ReadAction","target":["https:\/\/www.insurepart.com\/product\/for-iphone-7-back-cover-assembly\/"]}]},{"@type":"ImageObject","inLanguage":"es","@id":"https:\/\/www.insurepart.com\/product\/for-iphone-7-back-cover-assembly\/#primaryimage","url":"https:\/\/www.insurepart.com\/wp-content\/uploads\/2024\/02\/13.jpg","contentUrl":"https:\/\/www.insurepart.com\/wp-content\/uploads\/2024\/02\/13.jpg","width":800,"height":800},{"@type":"BreadcrumbList","@id":"https:\/\/www.insurepart.com\/product\/for-iphone-7-back-cover-assembly\/#breadcrumb","itemListElement":[{"@type":"ListItem","position":1,"name":"Home","item":"https:\/\/www.insurepart.com\/"},{"@type":"ListItem","position":2,"name":"Product","item":"https:\/\/www.insurepart.com\/product\/"},{"@type":"ListItem","position":3,"name":"iPhone 7 Impact-Resistant Polymer Back Cover Housing &#8211; Rugged Protection with Sleek Design &#8211; Next-Gen Defense &#038; Comfort Grip &#8211; OEM Quality &#8211; Fast Shipping"}]},{"@type":"WebSite","@id":"https:\/\/www.insurepart.com\/de\/#website","url":"https:\/\/www.insurepart.com\/de\/","name":"Asegurar parte","description":"Repuestos para celulares; Venta al por mayor de repuestos para iPhone; Proveedor de repuestos para Samsung","potentialAction":[{"@type":"SearchAction","target":{"@type":"EntryPoint","urlTemplate":"https:\/\/www.insurepart.com\/de\/?s={search_term_string}"},"query-input":{"@type":"PropertyValueSpecification","valueRequired":true,"valueName":"search_term_string"}}],"inLanguage":"es"}]}},"_links":{"self":[{"href":"https:\/\/www.insurepart.com\/es\/wp-json\/wp\/v2\/product\/13417","targetHints":{"allow":["GET"]}}],"collection":[{"href":"https:\/\/www.insurepart.com\/es\/wp-json\/wp\/v2\/product"}],"about":[{"href":"https:\/\/www.insurepart.com\/es\/wp-json\/wp\/v2\/types\/product"}],"replies":[{"embeddable":true,"href":"https:\/\/www.insurepart.com\/es\/wp-json\/wp\/v2\/comments?post=13417"}],"version-history":[{"count":8,"href":"https:\/\/www.insurepart.com\/es\/wp-json\/wp\/v2\/product\/13417\/revisions"}],"predecessor-version":[{"id":23966,"href":"https:\/\/www.insurepart.com\/es\/wp-json\/wp\/v2\/product\/13417\/revisions\/23966"}],"wp:featuredmedia":[{"embeddable":true,"href":"https:\/\/www.insurepart.com\/es\/wp-json\/wp\/v2\/media\/12537"}],"wp:attachment":[{"href":"https:\/\/www.insurepart.com\/es\/wp-json\/wp\/v2\/media?parent=13417"}],"wp:term":[{"taxonomy":"product_brand","embeddable":true,"href":"https:\/\/www.insurepart.com\/es\/wp-json\/wp\/v2\/product_brand?post=13417"},{"taxonomy":"product_cat","embeddable":true,"href":"https:\/\/www.insurepart.com\/es\/wp-json\/wp\/v2\/product_cat?post=13417"},{"taxonomy":"product_tag","embeddable":true,"href":"https:\/\/www.insurepart.com\/es\/wp-json\/wp\/v2\/product_tag?post=13417"}],"curies":[{"name":"wp","href":"https:\/\/api.w.org\/{rel}","templated":true}]}}