{"id":2648,"date":"2023-11-01T09:50:47","date_gmt":"2023-11-01T01:50:47","guid":{"rendered":"https:\/\/dt-smart.com\/?post_type=product&#038;p=2648"},"modified":"2026-01-12T17:00:34","modified_gmt":"2026-01-12T09:00:34","slug":"iphone-13-pro-max-lcd","status":"publish","type":"product","link":"https:\/\/www.insurepart.com\/es\/producto\/iphone-13-pro-max-lcd\/","title":{"rendered":"Pantalla LCD para iPhone 13 Pro Max: Alto brillo y amplia gama de colores, brillo m\u00e1ximo, calidad superior y entrega r\u00e1pida."},"content":{"rendered":"<p style=\"text-align: center;\"><img fetchpriority=\"high\" decoding=\"async\" class=\"alignnone wp-image-15812\" src=\"https:\/\/insurepart.com\/wp-content\/uploads\/2024\/09\/13PM-scaled.webp\" alt=\"\" width=\"1000\" height=\"1120\" srcset=\"https:\/\/www.insurepart.com\/wp-content\/uploads\/2024\/09\/13PM-scaled.webp 2286w, https:\/\/www.insurepart.com\/wp-content\/uploads\/2024\/09\/13PM-scaled-300x336.webp 300w, https:\/\/www.insurepart.com\/wp-content\/uploads\/2024\/09\/13PM-scaled-150x168.webp 150w, https:\/\/www.insurepart.com\/wp-content\/uploads\/2024\/09\/13PM-scaled-800x896.webp 800w, https:\/\/www.insurepart.com\/wp-content\/uploads\/2024\/09\/13PM-268x300.webp 268w, https:\/\/www.insurepart.com\/wp-content\/uploads\/2024\/09\/13PM-914x1024.webp 914w, https:\/\/www.insurepart.com\/wp-content\/uploads\/2024\/09\/13PM-768x860.webp 768w, https:\/\/www.insurepart.com\/wp-content\/uploads\/2024\/09\/13PM-1371x1536.webp 1371w, https:\/\/www.insurepart.com\/wp-content\/uploads\/2024\/09\/13PM-1829x2048.webp 1829w, https:\/\/www.insurepart.com\/wp-content\/uploads\/2024\/09\/13PM-11x12.webp 11w, https:\/\/www.insurepart.com\/wp-content\/uploads\/2024\/09\/13PM-1320x1478.webp 1320w\" sizes=\"(max-width: 1000px) 100vw, 1000px\" \/><\/p>\n<p style=\"text-align: center;\"><img decoding=\"async\" class=\"alignnone size-full wp-image-15567\" src=\"https:\/\/insurepart.com\/wp-content\/uploads\/2024\/08\/\u4e3a\u4ec0\u4e48\u9009\u62e9\u6211\u4eec22.webp\" alt=\"\" width=\"1000\" height=\"786\" srcset=\"https:\/\/www.insurepart.com\/wp-content\/uploads\/2024\/08\/\u4e3a\u4ec0\u4e48\u9009\u62e9\u6211\u4eec22.webp 1000w, https:\/\/www.insurepart.com\/wp-content\/uploads\/2024\/08\/\u4e3a\u4ec0\u4e48\u9009\u62e9\u6211\u4eec22-300x236.webp 300w, https:\/\/www.insurepart.com\/wp-content\/uploads\/2024\/08\/\u4e3a\u4ec0\u4e48\u9009\u62e9\u6211\u4eec22-150x118.webp 150w, https:\/\/www.insurepart.com\/wp-content\/uploads\/2024\/08\/\u4e3a\u4ec0\u4e48\u9009\u62e9\u6211\u4eec22-800x629.webp 800w, https:\/\/www.insurepart.com\/wp-content\/uploads\/2024\/08\/\u4e3a\u4ec0\u4e48\u9009\u62e9\u6211\u4eec22-768x604.webp 768w, https:\/\/www.insurepart.com\/wp-content\/uploads\/2024\/08\/\u4e3a\u4ec0\u4e48\u9009\u62e9\u6211\u4eec22-15x12.webp 15w\" sizes=\"(max-width: 1000px) 100vw, 1000px\" \/><\/p>","protected":false},"excerpt":{"rendered":"<p><span style=\"font-family: arial, helvetica, sans-serif;\"><span style=\"font-size: 8pt;\">Duradero: Vidrio indestructible: Dile adi\u00f3s a las pantallas fr\u00e1giles. El material de vidrio ultraduradero de DT-Smart garantiza una resistencia incomparable a rayones e impactos, protegiendo su dispositivo.<\/span><\/span><br \/>\n<span style=\"font-family: arial, helvetica, sans-serif; font-size: 8pt;\">Resoluci\u00f3n y frecuencia de actualizaci\u00f3n ultraaltas: la pantalla DT-Smart cuenta con una resoluci\u00f3n y frecuencia de actualizaci\u00f3n ultraaltas, lo que brinda a cada imagen y video una claridad y fluidez sorprendentes.<\/span><br \/>\n<span style=\"font-family: arial, helvetica, sans-serif; font-size: 8pt;\">Gama crom\u00e1tica HDR m\u00e1s amplia: Experimenta los colores como nunca antes. Nuestras pantallas ofrecen una gama crom\u00e1tica m\u00e1s amplia con tecnolog\u00eda HDR, ofreciendo im\u00e1genes vibrantes y realistas que capturan cada tono y matiz.<\/span><br \/>\n<span style=\"font-family: arial, helvetica, sans-serif; font-size: 8pt;\">Sensibilidad inigualable: Disfruta de una respuesta t\u00e1ctil instant\u00e1nea. La pantalla DT-Smart est\u00e1 dise\u00f1ada para interacciones fluidas y precisas, garantizando que cada gesto y clic se sienta natural y sin esfuerzo.<\/span><br \/>\n<span style=\"font-family: arial, helvetica, sans-serif; font-size: 8pt;\">Resistente a manchas y huellas dactilares: Mantenga su pantalla limpia. Nuestras pantallas est\u00e1n dise\u00f1adas para resistir aceite, manchas y huellas dactilares, lo que garantiza una visualizaci\u00f3n impecable y un f\u00e1cil mantenimiento.<\/span><br \/>\n<span style=\"font-family: arial, helvetica, sans-serif; font-size: 8pt;\">F\u00e1cil instalaci\u00f3n: Simplifique el reemplazo de la pantalla con DT-Smart. Nuestros componentes est\u00e1n dise\u00f1ados para una f\u00e1cil instalaci\u00f3n, para que pueda volver a usar su equipo enseguida.<\/span><br \/>\n<span style=\"font-family: arial, helvetica, sans-serif; font-size: 8pt;\">Protecci\u00f3n del medio ambiente y ahorro energ\u00e9tico: Nos comprometemos con la responsabilidad ambiental. Las pantallas DT-Smart son respetuosas con el medio ambiente y ahorran energ\u00eda, contribuyendo a un futuro sostenible y ecol\u00f3gico.<\/span><\/p>","protected":false},"featured_media":10329,"comment_status":"open","ping_status":"closed","template":"","meta":[],"product_brand":[],"product_cat":[466,93],"product_tag":[],"class_list":{"0":"post-2648","1":"product","2":"type-product","3":"status-publish","4":"has-post-thumbnail","6":"product_cat-all-iphone-lcds","7":"product_cat-iphone-13-pro-max","9":"first","10":"instock","11":"taxable","12":"shipping-taxable","13":"purchasable","14":"product-type-variable"},"yoast_head":"<!-- This site is optimized with the Yoast SEO plugin v27.3 - https:\/\/yoast.com\/product\/yoast-seo-wordpress\/ -->\n<title>iPhone 13 Pro Max LCD Screen Assembly - High Brightness &amp; Wide Color Gamut Display - Maximized Brilliance - Premium Quality &amp; Fast Delivery - InsurePart<\/title>\n<meta name=\"description\" content=\"iPhone 13 Pro Max LCD Screen Assembly - High Brightness &amp; Wide Color Gamut Display - Maximized Brilliance - Premium Quality &amp; Fast Delivery\" \/>\n<meta name=\"robots\" content=\"index, follow, max-snippet:-1, max-image-preview:large, max-video-preview:-1\" \/>\n<link rel=\"canonical\" href=\"https:\/\/www.insurepart.com\/es\/producto\/iphone-13-pro-max-lcd\/\" \/>\n<meta property=\"og:locale\" content=\"es_ES\" \/>\n<meta property=\"og:type\" content=\"article\" \/>\n<meta property=\"og:title\" content=\"iPhone 13 Pro Max LCD Screen Assembly - High Brightness &amp; Wide Color Gamut Display - Maximized Brilliance - Premium Quality &amp; Fast Delivery - InsurePart\" \/>\n<meta property=\"og:description\" content=\"iPhone 13 Pro Max LCD Screen Assembly - High Brightness &amp; Wide Color Gamut Display - Maximized Brilliance - Premium Quality &amp; Fast Delivery\" \/>\n<meta property=\"og:url\" content=\"https:\/\/www.insurepart.com\/es\/producto\/iphone-13-pro-max-lcd\/\" \/>\n<meta property=\"og:site_name\" content=\"InsurePart\" \/>\n<meta property=\"article:publisher\" content=\"https:\/\/www.facebook.com\/anjinleeEva\" \/>\n<meta property=\"article:modified_time\" content=\"2026-01-12T09:00:34+00:00\" \/>\n<meta property=\"og:image\" content=\"https:\/\/www.insurepart.com\/wp-content\/uploads\/2023\/12\/OLED-24.png\" \/>\n\t<meta property=\"og:image:width\" content=\"1000\" \/>\n\t<meta property=\"og:image:height\" content=\"1000\" \/>\n\t<meta property=\"og:image:type\" content=\"image\/png\" \/>\n<meta name=\"twitter:card\" content=\"summary_large_image\" \/>\n<meta name=\"twitter:label1\" content=\"Tiempo de lectura\" \/>\n\t<meta name=\"twitter:data1\" content=\"1 minuto\" \/>\n<script type=\"application\/ld+json\" class=\"yoast-schema-graph\">{\"@context\":\"https:\\\/\\\/schema.org\",\"@graph\":[{\"@type\":\"WebPage\",\"@id\":\"https:\\\/\\\/www.insurepart.com\\\/product\\\/iphone-13-pro-max-lcd\\\/\",\"url\":\"https:\\\/\\\/www.insurepart.com\\\/product\\\/iphone-13-pro-max-lcd\\\/\",\"name\":\"iPhone 13 Pro Max LCD Screen Assembly - High Brightness & Wide Color Gamut Display - Maximized Brilliance - Premium Quality & Fast Delivery - InsurePart\",\"isPartOf\":{\"@id\":\"https:\\\/\\\/www.insurepart.com\\\/de\\\/#website\"},\"primaryImageOfPage\":{\"@id\":\"https:\\\/\\\/www.insurepart.com\\\/product\\\/iphone-13-pro-max-lcd\\\/#primaryimage\"},\"image\":{\"@id\":\"https:\\\/\\\/www.insurepart.com\\\/product\\\/iphone-13-pro-max-lcd\\\/#primaryimage\"},\"thumbnailUrl\":\"https:\\\/\\\/www.insurepart.com\\\/wp-content\\\/uploads\\\/2023\\\/12\\\/OLED-24.png\",\"datePublished\":\"2023-11-01T01:50:47+00:00\",\"dateModified\":\"2026-01-12T09:00:34+00:00\",\"description\":\"iPhone 13 Pro Max LCD Screen Assembly - High Brightness & Wide Color Gamut Display - Maximized Brilliance - Premium Quality & Fast Delivery\",\"breadcrumb\":{\"@id\":\"https:\\\/\\\/www.insurepart.com\\\/product\\\/iphone-13-pro-max-lcd\\\/#breadcrumb\"},\"inLanguage\":\"es\",\"potentialAction\":[{\"@type\":\"ReadAction\",\"target\":[\"https:\\\/\\\/www.insurepart.com\\\/product\\\/iphone-13-pro-max-lcd\\\/\"]}]},{\"@type\":\"ImageObject\",\"inLanguage\":\"es\",\"@id\":\"https:\\\/\\\/www.insurepart.com\\\/product\\\/iphone-13-pro-max-lcd\\\/#primaryimage\",\"url\":\"https:\\\/\\\/www.insurepart.com\\\/wp-content\\\/uploads\\\/2023\\\/12\\\/OLED-24.png\",\"contentUrl\":\"https:\\\/\\\/www.insurepart.com\\\/wp-content\\\/uploads\\\/2023\\\/12\\\/OLED-24.png\",\"width\":1000,\"height\":1000},{\"@type\":\"BreadcrumbList\",\"@id\":\"https:\\\/\\\/www.insurepart.com\\\/product\\\/iphone-13-pro-max-lcd\\\/#breadcrumb\",\"itemListElement\":[{\"@type\":\"ListItem\",\"position\":1,\"name\":\"Home\",\"item\":\"https:\\\/\\\/www.insurepart.com\\\/\"},{\"@type\":\"ListItem\",\"position\":2,\"name\":\"Product\",\"item\":\"https:\\\/\\\/www.insurepart.com\\\/product\\\/\"},{\"@type\":\"ListItem\",\"position\":3,\"name\":\"iPhone 13 Pro Max LCD Screen Assembly &#8211; High Brightness &#038; Wide Color Gamut Display &#8211; Maximized Brilliance &#8211; Premium Quality &#038; Fast Delivery\"}]},{\"@type\":\"WebSite\",\"@id\":\"https:\\\/\\\/www.insurepart.com\\\/de\\\/#website\",\"url\":\"https:\\\/\\\/www.insurepart.com\\\/de\\\/\",\"name\":\"InsurePart\",\"description\":\"Cell Phone Repair Parts; iPhone Parts Wholesale;Samsung Parts Supplier\",\"potentialAction\":[{\"@type\":\"SearchAction\",\"target\":{\"@type\":\"EntryPoint\",\"urlTemplate\":\"https:\\\/\\\/www.insurepart.com\\\/de\\\/?s={search_term_string}\"},\"query-input\":{\"@type\":\"PropertyValueSpecification\",\"valueRequired\":true,\"valueName\":\"search_term_string\"}}],\"inLanguage\":\"es\"}]}<\/script>\n<!-- \/ Yoast SEO plugin. -->","yoast_head_json":{"title":"iPhone 13 Pro Max LCD Screen Assembly - High Brightness & Wide Color Gamut Display - Maximized Brilliance - Premium Quality & Fast Delivery - InsurePart","description":"iPhone 13 Pro Max LCD Screen Assembly - High Brightness & Wide Color Gamut Display - Maximized Brilliance - Premium Quality & Fast Delivery","robots":{"index":"index","follow":"follow","max-snippet":"max-snippet:-1","max-image-preview":"max-image-preview:large","max-video-preview":"max-video-preview:-1"},"canonical":"https:\/\/www.insurepart.com\/es\/producto\/iphone-13-pro-max-lcd\/","og_locale":"es_ES","og_type":"article","og_title":"iPhone 13 Pro Max LCD Screen Assembly - High Brightness & Wide Color Gamut Display - Maximized Brilliance - Premium Quality & Fast Delivery - InsurePart","og_description":"iPhone 13 Pro Max LCD Screen Assembly - High Brightness & Wide Color Gamut Display - Maximized Brilliance - Premium Quality & Fast Delivery","og_url":"https:\/\/www.insurepart.com\/es\/producto\/iphone-13-pro-max-lcd\/","og_site_name":"InsurePart","article_publisher":"https:\/\/www.facebook.com\/anjinleeEva","article_modified_time":"2026-01-12T09:00:34+00:00","og_image":[{"width":1000,"height":1000,"url":"https:\/\/www.insurepart.com\/wp-content\/uploads\/2023\/12\/OLED-24.png","type":"image\/png"}],"twitter_card":"summary_large_image","twitter_misc":{"Tiempo de lectura":"1 minuto"},"schema":{"@context":"https:\/\/schema.org","@graph":[{"@type":"WebPage","@id":"https:\/\/www.insurepart.com\/product\/iphone-13-pro-max-lcd\/","url":"https:\/\/www.insurepart.com\/product\/iphone-13-pro-max-lcd\/","name":"iPhone 13 Pro Max LCD Screen Assembly - High Brightness & Wide Color Gamut Display - Maximized Brilliance - Premium Quality & Fast Delivery - InsurePart","isPartOf":{"@id":"https:\/\/www.insurepart.com\/de\/#website"},"primaryImageOfPage":{"@id":"https:\/\/www.insurepart.com\/product\/iphone-13-pro-max-lcd\/#primaryimage"},"image":{"@id":"https:\/\/www.insurepart.com\/product\/iphone-13-pro-max-lcd\/#primaryimage"},"thumbnailUrl":"https:\/\/www.insurepart.com\/wp-content\/uploads\/2023\/12\/OLED-24.png","datePublished":"2023-11-01T01:50:47+00:00","dateModified":"2026-01-12T09:00:34+00:00","description":"iPhone 13 Pro Max LCD Screen Assembly - High Brightness & Wide Color Gamut Display - Maximized Brilliance - Premium Quality & Fast Delivery","breadcrumb":{"@id":"https:\/\/www.insurepart.com\/product\/iphone-13-pro-max-lcd\/#breadcrumb"},"inLanguage":"es","potentialAction":[{"@type":"ReadAction","target":["https:\/\/www.insurepart.com\/product\/iphone-13-pro-max-lcd\/"]}]},{"@type":"ImageObject","inLanguage":"es","@id":"https:\/\/www.insurepart.com\/product\/iphone-13-pro-max-lcd\/#primaryimage","url":"https:\/\/www.insurepart.com\/wp-content\/uploads\/2023\/12\/OLED-24.png","contentUrl":"https:\/\/www.insurepart.com\/wp-content\/uploads\/2023\/12\/OLED-24.png","width":1000,"height":1000},{"@type":"BreadcrumbList","@id":"https:\/\/www.insurepart.com\/product\/iphone-13-pro-max-lcd\/#breadcrumb","itemListElement":[{"@type":"ListItem","position":1,"name":"Home","item":"https:\/\/www.insurepart.com\/"},{"@type":"ListItem","position":2,"name":"Product","item":"https:\/\/www.insurepart.com\/product\/"},{"@type":"ListItem","position":3,"name":"iPhone 13 Pro Max LCD Screen Assembly &#8211; High Brightness &#038; Wide Color Gamut Display &#8211; Maximized Brilliance &#8211; Premium Quality &#038; Fast Delivery"}]},{"@type":"WebSite","@id":"https:\/\/www.insurepart.com\/de\/#website","url":"https:\/\/www.insurepart.com\/de\/","name":"Asegurar parte","description":"Repuestos para celulares; Venta al por mayor de repuestos para iPhone; Proveedor de repuestos para Samsung","potentialAction":[{"@type":"SearchAction","target":{"@type":"EntryPoint","urlTemplate":"https:\/\/www.insurepart.com\/de\/?s={search_term_string}"},"query-input":{"@type":"PropertyValueSpecification","valueRequired":true,"valueName":"search_term_string"}}],"inLanguage":"es"}]}},"_links":{"self":[{"href":"https:\/\/www.insurepart.com\/es\/wp-json\/wp\/v2\/product\/2648","targetHints":{"allow":["GET"]}}],"collection":[{"href":"https:\/\/www.insurepart.com\/es\/wp-json\/wp\/v2\/product"}],"about":[{"href":"https:\/\/www.insurepart.com\/es\/wp-json\/wp\/v2\/types\/product"}],"replies":[{"embeddable":true,"href":"https:\/\/www.insurepart.com\/es\/wp-json\/wp\/v2\/comments?post=2648"}],"version-history":[{"count":8,"href":"https:\/\/www.insurepart.com\/es\/wp-json\/wp\/v2\/product\/2648\/revisions"}],"predecessor-version":[{"id":23858,"href":"https:\/\/www.insurepart.com\/es\/wp-json\/wp\/v2\/product\/2648\/revisions\/23858"}],"wp:featuredmedia":[{"embeddable":true,"href":"https:\/\/www.insurepart.com\/es\/wp-json\/wp\/v2\/media\/10329"}],"wp:attachment":[{"href":"https:\/\/www.insurepart.com\/es\/wp-json\/wp\/v2\/media?parent=2648"}],"wp:term":[{"taxonomy":"product_brand","embeddable":true,"href":"https:\/\/www.insurepart.com\/es\/wp-json\/wp\/v2\/product_brand?post=2648"},{"taxonomy":"product_cat","embeddable":true,"href":"https:\/\/www.insurepart.com\/es\/wp-json\/wp\/v2\/product_cat?post=2648"},{"taxonomy":"product_tag","embeddable":true,"href":"https:\/\/www.insurepart.com\/es\/wp-json\/wp\/v2\/product_tag?post=2648"}],"curies":[{"name":"wp","href":"https:\/\/api.w.org\/{rel}","templated":true}]}}