{"id":2683,"date":"2023-10-28T16:32:22","date_gmt":"2023-10-28T08:32:22","guid":{"rendered":"https:\/\/dt-smart.com\/?post_type=product&#038;p=2683"},"modified":"2026-03-06T14:41:32","modified_gmt":"2026-03-06T06:41:32","slug":"for-iphone-13-battery","status":"publish","type":"product","link":"https:\/\/www.insurepart.com\/es\/producto\/for-iphone-13-battery\/","title":{"rendered":"Bater\u00eda para iPhone 13: Rendimiento duradero (RC A+ y grado de diagn\u00f3stico), potencia duradera y confiable, calidad OEM, env\u00edo r\u00e1pido"},"content":{"rendered":"<p><img fetchpriority=\"high\" decoding=\"async\" class=\"aligncenter size-full wp-image-4169\" src=\"https:\/\/dt-smart.com\/wp-content\/uploads\/2023\/11\/\u53c2\u6570-7.jpg\" alt=\"\" width=\"1000\" height=\"1015\" srcset=\"\" sizes=\"(max-width: 1000px) 100vw, 1000px\" data-srcset=\"\" \/> <img decoding=\"async\" class=\"aligncenter size-full wp-image-4193\" src=\"https:\/\/dt-smart.com\/wp-content\/uploads\/2023\/11\/\u672a\u6807\u9898-2_02-2.jpg\" alt=\"\" width=\"1000\" height=\"998\" srcset=\"\" sizes=\"(max-width: 1000px) 100vw, 1000px\" data-srcset=\"\" \/> <img decoding=\"async\" class=\"aligncenter size-full wp-image-4194\" src=\"https:\/\/dt-smart.com\/wp-content\/uploads\/2023\/11\/\u672a\u6807\u9898-2_03-2.jpg\" alt=\"\" width=\"1000\" height=\"1052\" srcset=\"\" sizes=\"(max-width: 1000px) 100vw, 1000px\" data-srcset=\"\" \/> <img loading=\"lazy\" decoding=\"async\" class=\"aligncenter size-full wp-image-4195\" src=\"https:\/\/dt-smart.com\/wp-content\/uploads\/2023\/11\/\u672a\u6807\u9898-2_04-2.jpg\" alt=\"\" width=\"1000\" height=\"887\" srcset=\"\" sizes=\"(max-width: 1000px) 100vw, 1000px\" data-srcset=\"\" \/> <img loading=\"lazy\" decoding=\"async\" class=\"aligncenter size-full wp-image-4196\" src=\"https:\/\/dt-smart.com\/wp-content\/uploads\/2023\/11\/\u672a\u6807\u9898-2_05-2.jpg\" alt=\"\" width=\"1000\" height=\"973\" srcset=\"\" sizes=\"(max-width: 1000px) 100vw, 1000px\" data-srcset=\"\" \/> <img loading=\"lazy\" decoding=\"async\" class=\"aligncenter size-full wp-image-4197\" src=\"https:\/\/dt-smart.com\/wp-content\/uploads\/2023\/11\/\u672a\u6807\u9898-2_06-2.jpg\" alt=\"\" width=\"1000\" height=\"906\" srcset=\"\" sizes=\"(max-width: 1000px) 100vw, 1000px\" data-srcset=\"\" \/> <img loading=\"lazy\" decoding=\"async\" class=\"aligncenter size-full wp-image-4198\" src=\"https:\/\/dt-smart.com\/wp-content\/uploads\/2023\/11\/\u672a\u6807\u9898-2_07-2.jpg\" alt=\"\" width=\"1000\" height=\"1009\" srcset=\"\" sizes=\"(max-width: 1000px) 100vw, 1000px\" data-srcset=\"\" \/><\/p>","protected":false},"excerpt":{"rendered":"<p><span style=\"font-family: arial, helvetica, sans-serif; font-size: 8pt;\">Seguridad inigualable: Su seguridad es nuestra prioridad. Las bater\u00edas DT-Smart est\u00e1n dise\u00f1adas meticulosamente para brindar confiabilidad y son resistentes a la hinchaz\u00f3n y al fuego, lo que garantiza una carga sin preocupaciones en todo momento.<\/span><br \/>\n<span style=\"font-family: arial, helvetica, sans-serif; font-size: 8pt;\">Excelencia Ecol\u00f3gica: \u00danase al movimiento de sostenibilidad con nuestras bater\u00edas respetuosas con el medio ambiente. Reduzca los residuos y contribuya a un mundo m\u00e1s verde con nuestras soluciones energ\u00e9ticas ecol\u00f3gicas.<\/span><br \/>\n<span style=\"font-family: arial, helvetica, sans-serif; font-size: 8pt;\">Durabilidad excepcional: Dise\u00f1adas para una larga vida \u00fatil, las bater\u00edas DT-Smart est\u00e1n dise\u00f1adas para resistir el paso del tiempo. Olv\u00eddese de los reemplazos frecuentes y disfrute de un rendimiento y una resistencia duraderos.<\/span><br \/>\n<span style=\"font-family: arial, helvetica, sans-serif; font-size: 8pt;\">Degradaci\u00f3n m\u00ednima de la bater\u00eda: experimente un desgaste m\u00ednimo de la bater\u00eda a lo largo del tiempo, lo que garantiza una energ\u00eda constante y confiable, incluso despu\u00e9s de innumerables ciclos de carga.<\/span><br \/>\n<span style=\"font-family: arial, helvetica, sans-serif; font-size: 8pt;\">Baja emisi\u00f3n de calor: nuestra tecnolog\u00eda de vanguardia reduce la producci\u00f3n de calor durante la carga, lo que evita el sobrecalentamiento y mejora la seguridad general de su dispositivo.<\/span><br \/>\n<span style=\"font-family: arial, helvetica, sans-serif; font-size: 8pt;\">Rendimiento inigualable: disfrute de un rendimiento superior con las bater\u00edas DT-Smart, que brindan energ\u00eda confiable y eficiente d\u00eda tras d\u00eda, lo que le permite aprovechar al m\u00e1ximo su iPhone.<\/span><br \/>\n<span style=\"font-family: arial, helvetica, sans-serif; font-size: 8pt;\">Instalaci\u00f3n sencilla: Reemplazar la bater\u00eda de tu iPhone ahora es facil\u00edsimo. Con nuestras gu\u00edas intuitivas, puedes cambiar f\u00e1cilmente tu bater\u00eda vieja por una DT-Smart, ahorrando tiempo y esfuerzo.<\/span><\/p>","protected":false},"featured_media":2138,"comment_status":"open","ping_status":"closed","template":"","meta":[],"product_brand":[],"product_cat":[25,521,95],"product_tag":[],"class_list":{"0":"post-2683","1":"product","2":"type-product","3":"status-publish","4":"has-post-thumbnail","6":"product_cat-battery","7":"product_cat-iphone-apple-battery","8":"product_cat-iphone-13","10":"first","11":"instock","12":"taxable","13":"shipping-taxable","14":"purchasable","15":"product-type-variable"},"yoast_head":"<!-- This site is optimized with the Yoast SEO plugin v27.3 - https:\/\/yoast.com\/product\/yoast-seo-wordpress\/ -->\n<title>iPhone 13 Battery - Enduring Performance (RC A+ &amp; Diagnore Grade) - Long-Lasting &amp; Reliable Power - OEM Quality - Fast Shipping - InsurePart<\/title>\n<meta name=\"description\" content=\"iPhone 13 Battery - Enduring Performance (RC A+ &amp; Diagnore Grade) - Long-Lasting &amp; Reliable Power - OEM Quality - Fast Shipping\" \/>\n<meta name=\"robots\" content=\"index, follow, max-snippet:-1, max-image-preview:large, max-video-preview:-1\" \/>\n<link rel=\"canonical\" href=\"https:\/\/www.insurepart.com\/es\/producto\/for-iphone-13-battery\/\" \/>\n<meta property=\"og:locale\" content=\"es_ES\" \/>\n<meta property=\"og:type\" content=\"article\" \/>\n<meta property=\"og:title\" content=\"iPhone 13 Battery - Enduring Performance (RC A+ &amp; Diagnore Grade) - Long-Lasting &amp; Reliable Power - OEM Quality - Fast Shipping - InsurePart\" \/>\n<meta property=\"og:description\" content=\"iPhone 13 Battery - Enduring Performance (RC A+ &amp; Diagnore Grade) - Long-Lasting &amp; Reliable Power - OEM Quality - Fast Shipping\" \/>\n<meta property=\"og:url\" content=\"https:\/\/www.insurepart.com\/es\/producto\/for-iphone-13-battery\/\" \/>\n<meta property=\"og:site_name\" content=\"InsurePart\" \/>\n<meta property=\"article:publisher\" content=\"https:\/\/www.facebook.com\/anjinleeEva\" \/>\n<meta property=\"article:modified_time\" content=\"2026-03-06T06:41:32+00:00\" \/>\n<meta property=\"og:image\" content=\"https:\/\/www.insurepart.com\/wp-content\/uploads\/2023\/10\/1-5.jpg\" \/>\n\t<meta property=\"og:image:width\" content=\"2000\" \/>\n\t<meta property=\"og:image:height\" content=\"2000\" \/>\n\t<meta property=\"og:image:type\" content=\"image\/jpeg\" \/>\n<meta name=\"twitter:card\" content=\"summary_large_image\" \/>\n<meta name=\"twitter:label1\" content=\"Tiempo de lectura\" \/>\n\t<meta name=\"twitter:data1\" content=\"2 minutos\" \/>\n<script type=\"application\/ld+json\" class=\"yoast-schema-graph\">{\"@context\":\"https:\\\/\\\/schema.org\",\"@graph\":[{\"@type\":\"WebPage\",\"@id\":\"https:\\\/\\\/www.insurepart.com\\\/product\\\/for-iphone-13-battery\\\/\",\"url\":\"https:\\\/\\\/www.insurepart.com\\\/product\\\/for-iphone-13-battery\\\/\",\"name\":\"iPhone 13 Battery - Enduring Performance (RC A+ & Diagnore Grade) - Long-Lasting & Reliable Power - OEM Quality - Fast Shipping - InsurePart\",\"isPartOf\":{\"@id\":\"https:\\\/\\\/www.insurepart.com\\\/de\\\/#website\"},\"primaryImageOfPage\":{\"@id\":\"https:\\\/\\\/www.insurepart.com\\\/product\\\/for-iphone-13-battery\\\/#primaryimage\"},\"image\":{\"@id\":\"https:\\\/\\\/www.insurepart.com\\\/product\\\/for-iphone-13-battery\\\/#primaryimage\"},\"thumbnailUrl\":\"https:\\\/\\\/www.insurepart.com\\\/wp-content\\\/uploads\\\/2023\\\/10\\\/1-5.jpg\",\"datePublished\":\"2023-10-28T08:32:22+00:00\",\"dateModified\":\"2026-03-06T06:41:32+00:00\",\"description\":\"iPhone 13 Battery - Enduring Performance (RC A+ & Diagnore Grade) - Long-Lasting & Reliable Power - OEM Quality - Fast Shipping\",\"breadcrumb\":{\"@id\":\"https:\\\/\\\/www.insurepart.com\\\/product\\\/for-iphone-13-battery\\\/#breadcrumb\"},\"inLanguage\":\"es\",\"potentialAction\":[{\"@type\":\"ReadAction\",\"target\":[\"https:\\\/\\\/www.insurepart.com\\\/product\\\/for-iphone-13-battery\\\/\"]}]},{\"@type\":\"ImageObject\",\"inLanguage\":\"es\",\"@id\":\"https:\\\/\\\/www.insurepart.com\\\/product\\\/for-iphone-13-battery\\\/#primaryimage\",\"url\":\"https:\\\/\\\/www.insurepart.com\\\/wp-content\\\/uploads\\\/2023\\\/10\\\/1-5.jpg\",\"contentUrl\":\"https:\\\/\\\/www.insurepart.com\\\/wp-content\\\/uploads\\\/2023\\\/10\\\/1-5.jpg\",\"width\":2000,\"height\":2000},{\"@type\":\"BreadcrumbList\",\"@id\":\"https:\\\/\\\/www.insurepart.com\\\/product\\\/for-iphone-13-battery\\\/#breadcrumb\",\"itemListElement\":[{\"@type\":\"ListItem\",\"position\":1,\"name\":\"Home\",\"item\":\"https:\\\/\\\/www.insurepart.com\\\/\"},{\"@type\":\"ListItem\",\"position\":2,\"name\":\"Product\",\"item\":\"https:\\\/\\\/www.insurepart.com\\\/product\\\/\"},{\"@type\":\"ListItem\",\"position\":3,\"name\":\"iPhone 13 Battery &#8211; Enduring Performance (RC A+ &#038; Diagnore Grade) &#8211; Long-Lasting &#038; Reliable Power &#8211; OEM Quality &#8211; Fast Shipping\"}]},{\"@type\":\"WebSite\",\"@id\":\"https:\\\/\\\/www.insurepart.com\\\/de\\\/#website\",\"url\":\"https:\\\/\\\/www.insurepart.com\\\/de\\\/\",\"name\":\"InsurePart\",\"description\":\"Cell Phone Repair Parts; iPhone Parts Wholesale;Samsung Parts Supplier\",\"potentialAction\":[{\"@type\":\"SearchAction\",\"target\":{\"@type\":\"EntryPoint\",\"urlTemplate\":\"https:\\\/\\\/www.insurepart.com\\\/de\\\/?s={search_term_string}\"},\"query-input\":{\"@type\":\"PropertyValueSpecification\",\"valueRequired\":true,\"valueName\":\"search_term_string\"}}],\"inLanguage\":\"es\"}]}<\/script>\n<!-- \/ Yoast SEO plugin. -->","yoast_head_json":{"title":"iPhone 13 Battery - Enduring Performance (RC A+ & Diagnore Grade) - Long-Lasting & Reliable Power - OEM Quality - Fast Shipping - InsurePart","description":"iPhone 13 Battery - Enduring Performance (RC A+ & Diagnore Grade) - Long-Lasting & Reliable Power - OEM Quality - Fast Shipping","robots":{"index":"index","follow":"follow","max-snippet":"max-snippet:-1","max-image-preview":"max-image-preview:large","max-video-preview":"max-video-preview:-1"},"canonical":"https:\/\/www.insurepart.com\/es\/producto\/for-iphone-13-battery\/","og_locale":"es_ES","og_type":"article","og_title":"iPhone 13 Battery - Enduring Performance (RC A+ & Diagnore Grade) - Long-Lasting & Reliable Power - OEM Quality - Fast Shipping - InsurePart","og_description":"iPhone 13 Battery - Enduring Performance (RC A+ & Diagnore Grade) - Long-Lasting & Reliable Power - OEM Quality - Fast Shipping","og_url":"https:\/\/www.insurepart.com\/es\/producto\/for-iphone-13-battery\/","og_site_name":"InsurePart","article_publisher":"https:\/\/www.facebook.com\/anjinleeEva","article_modified_time":"2026-03-06T06:41:32+00:00","og_image":[{"width":2000,"height":2000,"url":"https:\/\/www.insurepart.com\/wp-content\/uploads\/2023\/10\/1-5.jpg","type":"image\/jpeg"}],"twitter_card":"summary_large_image","twitter_misc":{"Tiempo de lectura":"2 minutos"},"schema":{"@context":"https:\/\/schema.org","@graph":[{"@type":"WebPage","@id":"https:\/\/www.insurepart.com\/product\/for-iphone-13-battery\/","url":"https:\/\/www.insurepart.com\/product\/for-iphone-13-battery\/","name":"iPhone 13 Battery - Enduring Performance (RC A+ & Diagnore Grade) - Long-Lasting & Reliable Power - OEM Quality - Fast Shipping - InsurePart","isPartOf":{"@id":"https:\/\/www.insurepart.com\/de\/#website"},"primaryImageOfPage":{"@id":"https:\/\/www.insurepart.com\/product\/for-iphone-13-battery\/#primaryimage"},"image":{"@id":"https:\/\/www.insurepart.com\/product\/for-iphone-13-battery\/#primaryimage"},"thumbnailUrl":"https:\/\/www.insurepart.com\/wp-content\/uploads\/2023\/10\/1-5.jpg","datePublished":"2023-10-28T08:32:22+00:00","dateModified":"2026-03-06T06:41:32+00:00","description":"iPhone 13 Battery - Enduring Performance (RC A+ & Diagnore Grade) - Long-Lasting & Reliable Power - OEM Quality - Fast Shipping","breadcrumb":{"@id":"https:\/\/www.insurepart.com\/product\/for-iphone-13-battery\/#breadcrumb"},"inLanguage":"es","potentialAction":[{"@type":"ReadAction","target":["https:\/\/www.insurepart.com\/product\/for-iphone-13-battery\/"]}]},{"@type":"ImageObject","inLanguage":"es","@id":"https:\/\/www.insurepart.com\/product\/for-iphone-13-battery\/#primaryimage","url":"https:\/\/www.insurepart.com\/wp-content\/uploads\/2023\/10\/1-5.jpg","contentUrl":"https:\/\/www.insurepart.com\/wp-content\/uploads\/2023\/10\/1-5.jpg","width":2000,"height":2000},{"@type":"BreadcrumbList","@id":"https:\/\/www.insurepart.com\/product\/for-iphone-13-battery\/#breadcrumb","itemListElement":[{"@type":"ListItem","position":1,"name":"Home","item":"https:\/\/www.insurepart.com\/"},{"@type":"ListItem","position":2,"name":"Product","item":"https:\/\/www.insurepart.com\/product\/"},{"@type":"ListItem","position":3,"name":"iPhone 13 Battery &#8211; Enduring Performance (RC A+ &#038; Diagnore Grade) &#8211; Long-Lasting &#038; Reliable Power &#8211; OEM Quality &#8211; Fast Shipping"}]},{"@type":"WebSite","@id":"https:\/\/www.insurepart.com\/de\/#website","url":"https:\/\/www.insurepart.com\/de\/","name":"Asegurar parte","description":"Repuestos para celulares; Venta al por mayor de repuestos para iPhone; Proveedor de repuestos para Samsung","potentialAction":[{"@type":"SearchAction","target":{"@type":"EntryPoint","urlTemplate":"https:\/\/www.insurepart.com\/de\/?s={search_term_string}"},"query-input":{"@type":"PropertyValueSpecification","valueRequired":true,"valueName":"search_term_string"}}],"inLanguage":"es"}]}},"_links":{"self":[{"href":"https:\/\/www.insurepart.com\/es\/wp-json\/wp\/v2\/product\/2683","targetHints":{"allow":["GET"]}}],"collection":[{"href":"https:\/\/www.insurepart.com\/es\/wp-json\/wp\/v2\/product"}],"about":[{"href":"https:\/\/www.insurepart.com\/es\/wp-json\/wp\/v2\/types\/product"}],"replies":[{"embeddable":true,"href":"https:\/\/www.insurepart.com\/es\/wp-json\/wp\/v2\/comments?post=2683"}],"version-history":[{"count":6,"href":"https:\/\/www.insurepart.com\/es\/wp-json\/wp\/v2\/product\/2683\/revisions"}],"predecessor-version":[{"id":19692,"href":"https:\/\/www.insurepart.com\/es\/wp-json\/wp\/v2\/product\/2683\/revisions\/19692"}],"wp:featuredmedia":[{"embeddable":true,"href":"https:\/\/www.insurepart.com\/es\/wp-json\/wp\/v2\/media\/2138"}],"wp:attachment":[{"href":"https:\/\/www.insurepart.com\/es\/wp-json\/wp\/v2\/media?parent=2683"}],"wp:term":[{"taxonomy":"product_brand","embeddable":true,"href":"https:\/\/www.insurepart.com\/es\/wp-json\/wp\/v2\/product_brand?post=2683"},{"taxonomy":"product_cat","embeddable":true,"href":"https:\/\/www.insurepart.com\/es\/wp-json\/wp\/v2\/product_cat?post=2683"},{"taxonomy":"product_tag","embeddable":true,"href":"https:\/\/www.insurepart.com\/es\/wp-json\/wp\/v2\/product_tag?post=2683"}],"curies":[{"name":"wp","href":"https:\/\/api.w.org\/{rel}","templated":true}]}}