{"id":3902,"date":"2023-11-02T15:02:14","date_gmt":"2023-11-02T07:02:14","guid":{"rendered":"https:\/\/dt-smart.com\/?post_type=product&#038;p=3902"},"modified":"2025-12-20T12:02:32","modified_gmt":"2025-12-20T04:02:32","slug":"for-ipad-pro-11-1st-gen-lcd","status":"publish","type":"product","link":"https:\/\/www.insurepart.com\/es\/producto\/for-ipad-pro-11-1st-gen-lcd\/","title":{"rendered":"Reemplazo de digitalizador de pantalla t\u00e1ctil y pantalla LCD para iPad Pro de 11\u2033 (1.\u00aa generaci\u00f3n) \u2013 Pantalla Liquid Retina con ProMotion de 120 Hz \u2013 True Tone y P3 Wide Color \u2013 Dise\u00f1o de bisel delgado \u2013 Calidad OEM \u2013 Garant\u00eda de calidad \u2013 Env\u00edo r\u00e1pido"},"content":{"rendered":"<p><img fetchpriority=\"high\" decoding=\"async\" class=\"aligncenter size-full wp-image-4206\" src=\"https:\/\/dt-smart.com\/wp-content\/uploads\/2023\/11\/\u53c2\u6570-30.jpg\" alt=\"\" width=\"1000\" height=\"1143\" srcset=\"https:\/\/www.insurepart.com\/wp-content\/uploads\/2023\/11\/\u53c2\u6570-30.jpg 1000w, https:\/\/www.insurepart.com\/wp-content\/uploads\/2023\/11\/\u53c2\u6570-30-300x343.jpg 300w, https:\/\/www.insurepart.com\/wp-content\/uploads\/2023\/11\/\u53c2\u6570-30-150x171.jpg 150w, https:\/\/www.insurepart.com\/wp-content\/uploads\/2023\/11\/\u53c2\u6570-30-800x914.jpg 800w, https:\/\/www.insurepart.com\/wp-content\/uploads\/2023\/11\/\u53c2\u6570-30-262x300.jpg 262w, https:\/\/www.insurepart.com\/wp-content\/uploads\/2023\/11\/\u53c2\u6570-30-896x1024.jpg 896w, https:\/\/www.insurepart.com\/wp-content\/uploads\/2023\/11\/\u53c2\u6570-30-768x878.jpg 768w, https:\/\/www.insurepart.com\/wp-content\/uploads\/2023\/11\/\u53c2\u6570-30-10x12.jpg 10w\" sizes=\"(max-width: 1000px) 100vw, 1000px\" \/><img decoding=\"async\" class=\"aligncenter size-full wp-image-4230\" src=\"https:\/\/dt-smart.com\/wp-content\/uploads\/2023\/11\/\u8be6\u60c5\u56fe2.jpg\" alt=\"\" width=\"1000\" height=\"1848\" srcset=\"https:\/\/www.insurepart.com\/wp-content\/uploads\/2023\/11\/\u8be6\u60c5\u56fe2.jpg 1000w, https:\/\/www.insurepart.com\/wp-content\/uploads\/2023\/11\/\u8be6\u60c5\u56fe2-300x554.jpg 300w, https:\/\/www.insurepart.com\/wp-content\/uploads\/2023\/11\/\u8be6\u60c5\u56fe2-150x277.jpg 150w, https:\/\/www.insurepart.com\/wp-content\/uploads\/2023\/11\/\u8be6\u60c5\u56fe2-800x1478.jpg 800w, https:\/\/www.insurepart.com\/wp-content\/uploads\/2023\/11\/\u8be6\u60c5\u56fe2-162x300.jpg 162w, https:\/\/www.insurepart.com\/wp-content\/uploads\/2023\/11\/\u8be6\u60c5\u56fe2-554x1024.jpg 554w, https:\/\/www.insurepart.com\/wp-content\/uploads\/2023\/11\/\u8be6\u60c5\u56fe2-768x1419.jpg 768w, https:\/\/www.insurepart.com\/wp-content\/uploads\/2023\/11\/\u8be6\u60c5\u56fe2-831x1536.jpg 831w, https:\/\/www.insurepart.com\/wp-content\/uploads\/2023\/11\/\u8be6\u60c5\u56fe2-6x12.jpg 6w\" sizes=\"(max-width: 1000px) 100vw, 1000px\" \/> <img decoding=\"async\" class=\"aligncenter size-full wp-image-4231\" src=\"https:\/\/dt-smart.com\/wp-content\/uploads\/2023\/11\/\u8be6\u60c5\u56fe.jpg\" alt=\"\" width=\"1000\" height=\"1994\" srcset=\"https:\/\/www.insurepart.com\/wp-content\/uploads\/2023\/11\/\u8be6\u60c5\u56fe.jpg 1000w, https:\/\/www.insurepart.com\/wp-content\/uploads\/2023\/11\/\u8be6\u60c5\u56fe-300x598.jpg 300w, https:\/\/www.insurepart.com\/wp-content\/uploads\/2023\/11\/\u8be6\u60c5\u56fe-150x300.jpg 150w, https:\/\/www.insurepart.com\/wp-content\/uploads\/2023\/11\/\u8be6\u60c5\u56fe-800x1595.jpg 800w, https:\/\/www.insurepart.com\/wp-content\/uploads\/2023\/11\/\u8be6\u60c5\u56fe-514x1024.jpg 514w, https:\/\/www.insurepart.com\/wp-content\/uploads\/2023\/11\/\u8be6\u60c5\u56fe-768x1531.jpg 768w, https:\/\/www.insurepart.com\/wp-content\/uploads\/2023\/11\/\u8be6\u60c5\u56fe-770x1536.jpg 770w, https:\/\/www.insurepart.com\/wp-content\/uploads\/2023\/11\/\u8be6\u60c5\u56fe-6x12.jpg 6w\" sizes=\"(max-width: 1000px) 100vw, 1000px\" \/><\/p>","protected":false},"excerpt":{"rendered":"<ul class=\"description\">\n<li><span style=\"font-family: arial, helvetica, sans-serif; font-size: 8pt;\">? Calidad incomparable: los accesorios de pantalla para iPad de DT-Smart est\u00e1n meticulosamente dise\u00f1ados para brindar la m\u00e1s alta calidad y confiabilidad, lo que garantiza una experiencia visual excepcional.<\/span><br \/>\n<span style=\"font-family: arial, helvetica, sans-serif; font-size: 8pt;\">? Respuesta t\u00e1ctil ultrarr\u00e1pida: experimente una capacidad de respuesta de pantalla t\u00e1ctil ultrarr\u00e1pida, haciendo que cada interacci\u00f3n con su iPad sea fluida y precisa sin esfuerzo.<\/span><br \/>\n<span style=\"font-family: arial, helvetica, sans-serif; font-size: 8pt;\">? Dureza y durabilidad inigualables: nuestros accesorios est\u00e1n dise\u00f1ados para soportar los rigores del uso diario, ofreciendo una dureza y protecci\u00f3n impresionantes para la pantalla de su iPad.<\/span><br \/>\n<span style=\"font-family: arial, helvetica, sans-serif; font-size: 8pt;\">? Resistencia a huellas dactilares y manchas: los revestimientos avanzados de nuestras pantallas resisten las huellas dactilares y repelen las manchas, manteniendo la pantalla de su iPad limpia y sin manchas.<\/span><br \/>\n<span style=\"font-family: arial, helvetica, sans-serif; font-size: 8pt;\">? Multit\u00e1ctil: la pantalla t\u00e1ctil del iPad admite la funci\u00f3n multit\u00e1ctil, lo que permite a los usuarios usar varios dedos para realizar diversas operaciones de gestos, como acercar, alejar, rotar y deslizar, para interactuar con aplicaciones y contenido de manera m\u00e1s intuitiva.<\/span><br \/>\n<span style=\"font-family: arial, helvetica, sans-serif; font-size: 8pt;\">?Revestimiento antirreflectante: las pantallas t\u00e1ctiles del iPad tambi\u00e9n pueden incluir revestimientos antirreflectantes para reducir los reflejos y el deslumbramiento y mejorar la visibilidad cuando se usan en exteriores.<\/span><br \/>\n<span style=\"font-family: arial, helvetica, sans-serif; font-size: 8pt;\">?\ufe0f Modo de protecci\u00f3n ocular: reduzca la fatiga visual y mejore la comodidad con nuestro modo de protecci\u00f3n ocular integrado, brindando una experiencia de visualizaci\u00f3n m\u00e1s segura y c\u00f3moda.<\/span><br \/>\n<span style=\"font-family: arial, helvetica, sans-serif; font-size: 8pt;\">?\ufe0f F\u00e1cil instalaci\u00f3n: Di adi\u00f3s a las instalaciones complejas. Nuestras gu\u00edas f\u00e1ciles de usar garantizan un proceso sin complicaciones, lo que facilita la actualizaci\u00f3n de la pantalla de su iPad.<\/span><br \/>\n<span style=\"font-family: arial, helvetica, sans-serif; font-size: 8pt;\">? Respetuoso con el medio ambiente: Estamos comprometidos con la sostenibilidad y nuestros productos est\u00e1n dise\u00f1ados con materiales y procesos ecol\u00f3gicos, reduciendo el impacto ambiental.<\/span><\/li>\n<\/ul>","protected":false},"featured_media":5815,"comment_status":"open","ping_status":"closed","template":"","meta":[],"product_brand":[],"product_cat":[596,113],"product_tag":[],"class_list":{"0":"post-3902","1":"product","2":"type-product","3":"status-publish","4":"has-post-thumbnail","6":"product_cat-all-ipad-tplcd","7":"product_cat-ipad-pro-11-1st-gen-2018","9":"first","10":"instock","11":"taxable","12":"shipping-taxable","13":"purchasable","14":"product-type-simple"},"yoast_head":"<!-- This site is optimized with the Yoast SEO plugin v27.3 - https:\/\/yoast.com\/product\/yoast-seo-wordpress\/ -->\n<title>iPad Pro 11\u2033 1st Gen Touch Screen Digitizer &amp; LCD Display Assembly Replacement - Liquid Retina Display with ProMotion 120Hz - True Tone &amp; P3 Wide Color - Slim Bezel Design - OEM Grade - Quality Guaranteed - Fast Shipping - InsurePart<\/title>\n<meta name=\"robots\" content=\"index, follow, max-snippet:-1, max-image-preview:large, max-video-preview:-1\" \/>\n<link rel=\"canonical\" href=\"https:\/\/www.insurepart.com\/es\/producto\/for-ipad-pro-11-1st-gen-lcd\/\" \/>\n<meta property=\"og:locale\" content=\"es_ES\" \/>\n<meta property=\"og:type\" content=\"article\" \/>\n<meta property=\"og:title\" content=\"iPad Pro 11\u2033 1st Gen Touch Screen Digitizer &amp; LCD Display Assembly Replacement - Liquid Retina Display with ProMotion 120Hz - True Tone &amp; P3 Wide Color - Slim Bezel Design - OEM Grade - Quality Guaranteed - Fast Shipping - InsurePart\" \/>\n<meta property=\"og:description\" content=\"? Unparalleled Quality: DT-Smart&#039;s iPad screen accessories are meticulously crafted for the highest quality and reliability, ensuring an exceptional visual experience. ? Lightning-Fast Touch Response: Experience lightning-quick touchscreen responsiveness, making every interaction with your iPad effortlessly smooth and precise. ? Unmatched Hardness and Durability: Our accessories are built to withstand the rigors of daily use, offering impressive toughness and protection for your iPad&#039;s screen. ? Fingerprint and Stain Resistance: Advanced coatings on our screens resist fingerprints and repel stains, keeping your iPad screen clean and smudge-free. ? Multi-touch: The iPad touch screen supports multi-touch, allowing users to use multiple fingers to perform various gesture operations, such as zooming in, zooming out, rotating and sliding, to interact with apps and content more intuitively. ?Anti-reflective coating: iPad touch screens may also include anti-reflective coatings to reduce reflections and glare and improve visibility when used outdoors ?\ufe0f Eye Protection Mode: Reduce eye strain and enhance comfort with our integrated eye protection mode, providing a safer and more comfortable viewing experience. ?\ufe0f Easy Installation: Say goodbye to complex installations. Our user-friendly guides ensure a hassle-free process, making it a breeze to upgrade your iPad screen. ? Environmentally Friendly: We are committed to sustainability, and our products are designed with eco-friendly materials and processes, reducing environmental impact.\" \/>\n<meta property=\"og:url\" content=\"https:\/\/www.insurepart.com\/es\/producto\/for-ipad-pro-11-1st-gen-lcd\/\" \/>\n<meta property=\"og:site_name\" content=\"InsurePart\" \/>\n<meta property=\"article:publisher\" content=\"https:\/\/www.facebook.com\/anjinleeEva\" \/>\n<meta property=\"article:modified_time\" content=\"2025-12-20T04:02:32+00:00\" \/>\n<meta property=\"og:image\" content=\"https:\/\/www.insurepart.com\/wp-content\/uploads\/2023\/11\/10-13.jpg\" \/>\n\t<meta property=\"og:image:width\" content=\"1000\" \/>\n\t<meta property=\"og:image:height\" content=\"1000\" \/>\n\t<meta property=\"og:image:type\" content=\"image\/jpeg\" \/>\n<meta name=\"twitter:card\" content=\"summary_large_image\" \/>\n<meta name=\"twitter:label1\" content=\"Tiempo de lectura\" \/>\n\t<meta name=\"twitter:data1\" content=\"1 minuto\" \/>\n<script type=\"application\/ld+json\" class=\"yoast-schema-graph\">{\"@context\":\"https:\\\/\\\/schema.org\",\"@graph\":[{\"@type\":\"WebPage\",\"@id\":\"https:\\\/\\\/www.insurepart.com\\\/product\\\/for-ipad-pro-11-1st-gen-lcd\\\/\",\"url\":\"https:\\\/\\\/www.insurepart.com\\\/product\\\/for-ipad-pro-11-1st-gen-lcd\\\/\",\"name\":\"iPad Pro 11\u2033 1st Gen Touch Screen Digitizer & LCD Display Assembly Replacement - Liquid Retina Display with ProMotion 120Hz - True Tone & P3 Wide Color - Slim Bezel Design - OEM Grade - Quality Guaranteed - Fast Shipping - InsurePart\",\"isPartOf\":{\"@id\":\"https:\\\/\\\/www.insurepart.com\\\/de\\\/#website\"},\"primaryImageOfPage\":{\"@id\":\"https:\\\/\\\/www.insurepart.com\\\/product\\\/for-ipad-pro-11-1st-gen-lcd\\\/#primaryimage\"},\"image\":{\"@id\":\"https:\\\/\\\/www.insurepart.com\\\/product\\\/for-ipad-pro-11-1st-gen-lcd\\\/#primaryimage\"},\"thumbnailUrl\":\"https:\\\/\\\/www.insurepart.com\\\/wp-content\\\/uploads\\\/2023\\\/11\\\/10-13.jpg\",\"datePublished\":\"2023-11-02T07:02:14+00:00\",\"dateModified\":\"2025-12-20T04:02:32+00:00\",\"breadcrumb\":{\"@id\":\"https:\\\/\\\/www.insurepart.com\\\/product\\\/for-ipad-pro-11-1st-gen-lcd\\\/#breadcrumb\"},\"inLanguage\":\"es\",\"potentialAction\":[{\"@type\":\"ReadAction\",\"target\":[\"https:\\\/\\\/www.insurepart.com\\\/product\\\/for-ipad-pro-11-1st-gen-lcd\\\/\"]}]},{\"@type\":\"ImageObject\",\"inLanguage\":\"es\",\"@id\":\"https:\\\/\\\/www.insurepart.com\\\/product\\\/for-ipad-pro-11-1st-gen-lcd\\\/#primaryimage\",\"url\":\"https:\\\/\\\/www.insurepart.com\\\/wp-content\\\/uploads\\\/2023\\\/11\\\/10-13.jpg\",\"contentUrl\":\"https:\\\/\\\/www.insurepart.com\\\/wp-content\\\/uploads\\\/2023\\\/11\\\/10-13.jpg\",\"width\":1000,\"height\":1000},{\"@type\":\"BreadcrumbList\",\"@id\":\"https:\\\/\\\/www.insurepart.com\\\/product\\\/for-ipad-pro-11-1st-gen-lcd\\\/#breadcrumb\",\"itemListElement\":[{\"@type\":\"ListItem\",\"position\":1,\"name\":\"Home\",\"item\":\"https:\\\/\\\/www.insurepart.com\\\/\"},{\"@type\":\"ListItem\",\"position\":2,\"name\":\"Product\",\"item\":\"https:\\\/\\\/www.insurepart.com\\\/product\\\/\"},{\"@type\":\"ListItem\",\"position\":3,\"name\":\"iPad Pro 11\u2033 1st Gen Touch Screen Digitizer &#038; LCD Display Assembly Replacement &#8211; Liquid Retina Display with ProMotion 120Hz &#8211; True Tone &#038; P3 Wide Color &#8211; Slim Bezel Design &#8211; OEM Grade &#8211; Quality Guaranteed &#8211; Fast Shipping\"}]},{\"@type\":\"WebSite\",\"@id\":\"https:\\\/\\\/www.insurepart.com\\\/de\\\/#website\",\"url\":\"https:\\\/\\\/www.insurepart.com\\\/de\\\/\",\"name\":\"InsurePart\",\"description\":\"Cell Phone Repair Parts; iPhone Parts Wholesale;Samsung Parts Supplier\",\"potentialAction\":[{\"@type\":\"SearchAction\",\"target\":{\"@type\":\"EntryPoint\",\"urlTemplate\":\"https:\\\/\\\/www.insurepart.com\\\/de\\\/?s={search_term_string}\"},\"query-input\":{\"@type\":\"PropertyValueSpecification\",\"valueRequired\":true,\"valueName\":\"search_term_string\"}}],\"inLanguage\":\"es\"}]}<\/script>\n<!-- \/ Yoast SEO plugin. -->","yoast_head_json":{"title":"iPad Pro 11\u2033 1st Gen Touch Screen Digitizer & LCD Display Assembly Replacement - Liquid Retina Display with ProMotion 120Hz - True Tone & P3 Wide Color - Slim Bezel Design - OEM Grade - Quality Guaranteed - Fast Shipping - InsurePart","robots":{"index":"index","follow":"follow","max-snippet":"max-snippet:-1","max-image-preview":"max-image-preview:large","max-video-preview":"max-video-preview:-1"},"canonical":"https:\/\/www.insurepart.com\/es\/producto\/for-ipad-pro-11-1st-gen-lcd\/","og_locale":"es_ES","og_type":"article","og_title":"iPad Pro 11\u2033 1st Gen Touch Screen Digitizer & LCD Display Assembly Replacement - Liquid Retina Display with ProMotion 120Hz - True Tone & P3 Wide Color - Slim Bezel Design - OEM Grade - Quality Guaranteed - Fast Shipping - InsurePart","og_description":"? Unparalleled Quality: DT-Smart's iPad screen accessories are meticulously crafted for the highest quality and reliability, ensuring an exceptional visual experience. ? Lightning-Fast Touch Response: Experience lightning-quick touchscreen responsiveness, making every interaction with your iPad effortlessly smooth and precise. ? Unmatched Hardness and Durability: Our accessories are built to withstand the rigors of daily use, offering impressive toughness and protection for your iPad's screen. ? Fingerprint and Stain Resistance: Advanced coatings on our screens resist fingerprints and repel stains, keeping your iPad screen clean and smudge-free. ? Multi-touch: The iPad touch screen supports multi-touch, allowing users to use multiple fingers to perform various gesture operations, such as zooming in, zooming out, rotating and sliding, to interact with apps and content more intuitively. ?Anti-reflective coating: iPad touch screens may also include anti-reflective coatings to reduce reflections and glare and improve visibility when used outdoors ?\ufe0f Eye Protection Mode: Reduce eye strain and enhance comfort with our integrated eye protection mode, providing a safer and more comfortable viewing experience. ?\ufe0f Easy Installation: Say goodbye to complex installations. Our user-friendly guides ensure a hassle-free process, making it a breeze to upgrade your iPad screen. ? Environmentally Friendly: We are committed to sustainability, and our products are designed with eco-friendly materials and processes, reducing environmental impact.","og_url":"https:\/\/www.insurepart.com\/es\/producto\/for-ipad-pro-11-1st-gen-lcd\/","og_site_name":"InsurePart","article_publisher":"https:\/\/www.facebook.com\/anjinleeEva","article_modified_time":"2025-12-20T04:02:32+00:00","og_image":[{"width":1000,"height":1000,"url":"https:\/\/www.insurepart.com\/wp-content\/uploads\/2023\/11\/10-13.jpg","type":"image\/jpeg"}],"twitter_card":"summary_large_image","twitter_misc":{"Tiempo de lectura":"1 minuto"},"schema":{"@context":"https:\/\/schema.org","@graph":[{"@type":"WebPage","@id":"https:\/\/www.insurepart.com\/product\/for-ipad-pro-11-1st-gen-lcd\/","url":"https:\/\/www.insurepart.com\/product\/for-ipad-pro-11-1st-gen-lcd\/","name":"iPad Pro 11\u2033 1st Gen Touch Screen Digitizer & LCD Display Assembly Replacement - Liquid Retina Display with ProMotion 120Hz - True Tone & P3 Wide Color - Slim Bezel Design - OEM Grade - Quality Guaranteed - Fast Shipping - InsurePart","isPartOf":{"@id":"https:\/\/www.insurepart.com\/de\/#website"},"primaryImageOfPage":{"@id":"https:\/\/www.insurepart.com\/product\/for-ipad-pro-11-1st-gen-lcd\/#primaryimage"},"image":{"@id":"https:\/\/www.insurepart.com\/product\/for-ipad-pro-11-1st-gen-lcd\/#primaryimage"},"thumbnailUrl":"https:\/\/www.insurepart.com\/wp-content\/uploads\/2023\/11\/10-13.jpg","datePublished":"2023-11-02T07:02:14+00:00","dateModified":"2025-12-20T04:02:32+00:00","breadcrumb":{"@id":"https:\/\/www.insurepart.com\/product\/for-ipad-pro-11-1st-gen-lcd\/#breadcrumb"},"inLanguage":"es","potentialAction":[{"@type":"ReadAction","target":["https:\/\/www.insurepart.com\/product\/for-ipad-pro-11-1st-gen-lcd\/"]}]},{"@type":"ImageObject","inLanguage":"es","@id":"https:\/\/www.insurepart.com\/product\/for-ipad-pro-11-1st-gen-lcd\/#primaryimage","url":"https:\/\/www.insurepart.com\/wp-content\/uploads\/2023\/11\/10-13.jpg","contentUrl":"https:\/\/www.insurepart.com\/wp-content\/uploads\/2023\/11\/10-13.jpg","width":1000,"height":1000},{"@type":"BreadcrumbList","@id":"https:\/\/www.insurepart.com\/product\/for-ipad-pro-11-1st-gen-lcd\/#breadcrumb","itemListElement":[{"@type":"ListItem","position":1,"name":"Home","item":"https:\/\/www.insurepart.com\/"},{"@type":"ListItem","position":2,"name":"Product","item":"https:\/\/www.insurepart.com\/product\/"},{"@type":"ListItem","position":3,"name":"iPad Pro 11\u2033 1st Gen Touch Screen Digitizer &#038; LCD Display Assembly Replacement &#8211; Liquid Retina Display with ProMotion 120Hz &#8211; True Tone &#038; P3 Wide Color &#8211; Slim Bezel Design &#8211; OEM Grade &#8211; Quality Guaranteed &#8211; Fast Shipping"}]},{"@type":"WebSite","@id":"https:\/\/www.insurepart.com\/de\/#website","url":"https:\/\/www.insurepart.com\/de\/","name":"Asegurar parte","description":"Repuestos para celulares; Venta al por mayor de repuestos para iPhone; Proveedor de repuestos para Samsung","potentialAction":[{"@type":"SearchAction","target":{"@type":"EntryPoint","urlTemplate":"https:\/\/www.insurepart.com\/de\/?s={search_term_string}"},"query-input":{"@type":"PropertyValueSpecification","valueRequired":true,"valueName":"search_term_string"}}],"inLanguage":"es"}]}},"_links":{"self":[{"href":"https:\/\/www.insurepart.com\/es\/wp-json\/wp\/v2\/product\/3902","targetHints":{"allow":["GET"]}}],"collection":[{"href":"https:\/\/www.insurepart.com\/es\/wp-json\/wp\/v2\/product"}],"about":[{"href":"https:\/\/www.insurepart.com\/es\/wp-json\/wp\/v2\/types\/product"}],"replies":[{"embeddable":true,"href":"https:\/\/www.insurepart.com\/es\/wp-json\/wp\/v2\/comments?post=3902"}],"version-history":[{"count":2,"href":"https:\/\/www.insurepart.com\/es\/wp-json\/wp\/v2\/product\/3902\/revisions"}],"predecessor-version":[{"id":23297,"href":"https:\/\/www.insurepart.com\/es\/wp-json\/wp\/v2\/product\/3902\/revisions\/23297"}],"wp:featuredmedia":[{"embeddable":true,"href":"https:\/\/www.insurepart.com\/es\/wp-json\/wp\/v2\/media\/5815"}],"wp:attachment":[{"href":"https:\/\/www.insurepart.com\/es\/wp-json\/wp\/v2\/media?parent=3902"}],"wp:term":[{"taxonomy":"product_brand","embeddable":true,"href":"https:\/\/www.insurepart.com\/es\/wp-json\/wp\/v2\/product_brand?post=3902"},{"taxonomy":"product_cat","embeddable":true,"href":"https:\/\/www.insurepart.com\/es\/wp-json\/wp\/v2\/product_cat?post=3902"},{"taxonomy":"product_tag","embeddable":true,"href":"https:\/\/www.insurepart.com\/es\/wp-json\/wp\/v2\/product_tag?post=3902"}],"curies":[{"name":"wp","href":"https:\/\/api.w.org\/{rel}","templated":true}]}}