{"id":8404,"date":"2023-12-14T11:43:11","date_gmt":"2023-12-14T03:43:11","guid":{"rendered":"https:\/\/dt-smart.com\/?post_type=product&#038;p=8404"},"modified":"2026-01-07T10:54:41","modified_gmt":"2026-01-07T02:54:41","slug":"ineezy-square-handmade-tweezers","status":"publish","type":"product","link":"https:\/\/www.insurepart.com\/es\/producto\/ineezy-square-handmade-tweezers\/","title":{"rendered":"Pinzas cuadradas hechas a mano Ineezy \u2013 Puntas de precisi\u00f3n de acero inoxidable, agarre antideslizante. Garant\u00eda de por vida, env\u00edo r\u00e1pido."},"content":{"rendered":"<p><img fetchpriority=\"high\" decoding=\"async\" class=\"alignnone size-full wp-image-8073 aligncenter\" src=\"https:\/\/dt-smart.com\/wp-content\/uploads\/2023\/12\/20210804141308_16737.png\" alt=\"\" width=\"1000\" height=\"1563\" srcset=\"https:\/\/www.insurepart.com\/wp-content\/uploads\/2023\/12\/20210804141308_16737.png 1000w, https:\/\/www.insurepart.com\/wp-content\/uploads\/2023\/12\/20210804141308_16737-300x469.png 300w, https:\/\/www.insurepart.com\/wp-content\/uploads\/2023\/12\/20210804141308_16737-150x234.png 150w, https:\/\/www.insurepart.com\/wp-content\/uploads\/2023\/12\/20210804141308_16737-800x1250.png 800w, https:\/\/www.insurepart.com\/wp-content\/uploads\/2023\/12\/20210804141308_16737-192x300.png 192w, https:\/\/www.insurepart.com\/wp-content\/uploads\/2023\/12\/20210804141308_16737-655x1024.png 655w, https:\/\/www.insurepart.com\/wp-content\/uploads\/2023\/12\/20210804141308_16737-768x1200.png 768w, https:\/\/www.insurepart.com\/wp-content\/uploads\/2023\/12\/20210804141308_16737-983x1536.png 983w, https:\/\/www.insurepart.com\/wp-content\/uploads\/2023\/12\/20210804141308_16737-8x12.png 8w\" sizes=\"(max-width: 1000px) 100vw, 1000px\" \/> <img decoding=\"async\" class=\"alignnone size-full wp-image-8074 aligncenter\" src=\"https:\/\/dt-smart.com\/wp-content\/uploads\/2023\/12\/20210804141308_96118.png\" alt=\"\" width=\"1000\" height=\"1563\" srcset=\"https:\/\/www.insurepart.com\/wp-content\/uploads\/2023\/12\/20210804141308_96118.png 1000w, https:\/\/www.insurepart.com\/wp-content\/uploads\/2023\/12\/20210804141308_96118-300x469.png 300w, https:\/\/www.insurepart.com\/wp-content\/uploads\/2023\/12\/20210804141308_96118-150x234.png 150w, https:\/\/www.insurepart.com\/wp-content\/uploads\/2023\/12\/20210804141308_96118-800x1250.png 800w, https:\/\/www.insurepart.com\/wp-content\/uploads\/2023\/12\/20210804141308_96118-192x300.png 192w, https:\/\/www.insurepart.com\/wp-content\/uploads\/2023\/12\/20210804141308_96118-655x1024.png 655w, https:\/\/www.insurepart.com\/wp-content\/uploads\/2023\/12\/20210804141308_96118-768x1200.png 768w, https:\/\/www.insurepart.com\/wp-content\/uploads\/2023\/12\/20210804141308_96118-983x1536.png 983w, https:\/\/www.insurepart.com\/wp-content\/uploads\/2023\/12\/20210804141308_96118-8x12.png 8w\" sizes=\"(max-width: 1000px) 100vw, 1000px\" \/> <img decoding=\"async\" class=\"alignnone size-full wp-image-8075 aligncenter\" src=\"https:\/\/dt-smart.com\/wp-content\/uploads\/2023\/12\/20210804141309_28474.png\" alt=\"\" width=\"1280\" height=\"2000\" srcset=\"https:\/\/www.insurepart.com\/wp-content\/uploads\/2023\/12\/20210804141309_28474.png 1280w, https:\/\/www.insurepart.com\/wp-content\/uploads\/2023\/12\/20210804141309_28474-300x469.png 300w, https:\/\/www.insurepart.com\/wp-content\/uploads\/2023\/12\/20210804141309_28474-150x234.png 150w, https:\/\/www.insurepart.com\/wp-content\/uploads\/2023\/12\/20210804141309_28474-800x1250.png 800w, https:\/\/www.insurepart.com\/wp-content\/uploads\/2023\/12\/20210804141309_28474-192x300.png 192w, https:\/\/www.insurepart.com\/wp-content\/uploads\/2023\/12\/20210804141309_28474-655x1024.png 655w, https:\/\/www.insurepart.com\/wp-content\/uploads\/2023\/12\/20210804141309_28474-768x1200.png 768w, https:\/\/www.insurepart.com\/wp-content\/uploads\/2023\/12\/20210804141309_28474-983x1536.png 983w, https:\/\/www.insurepart.com\/wp-content\/uploads\/2023\/12\/20210804141309_28474-8x12.png 8w\" sizes=\"(max-width: 1280px) 100vw, 1280px\" \/> <img loading=\"lazy\" decoding=\"async\" class=\"alignnone size-full wp-image-8076 aligncenter\" src=\"https:\/\/dt-smart.com\/wp-content\/uploads\/2023\/12\/20210804141309_49613.png\" alt=\"\" width=\"1000\" height=\"1727\" srcset=\"https:\/\/www.insurepart.com\/wp-content\/uploads\/2023\/12\/20210804141309_49613.png 1000w, https:\/\/www.insurepart.com\/wp-content\/uploads\/2023\/12\/20210804141309_49613-300x518.png 300w, https:\/\/www.insurepart.com\/wp-content\/uploads\/2023\/12\/20210804141309_49613-150x259.png 150w, https:\/\/www.insurepart.com\/wp-content\/uploads\/2023\/12\/20210804141309_49613-800x1382.png 800w, https:\/\/www.insurepart.com\/wp-content\/uploads\/2023\/12\/20210804141309_49613-174x300.png 174w, https:\/\/www.insurepart.com\/wp-content\/uploads\/2023\/12\/20210804141309_49613-593x1024.png 593w, https:\/\/www.insurepart.com\/wp-content\/uploads\/2023\/12\/20210804141309_49613-768x1326.png 768w, https:\/\/www.insurepart.com\/wp-content\/uploads\/2023\/12\/20210804141309_49613-889x1536.png 889w, https:\/\/www.insurepart.com\/wp-content\/uploads\/2023\/12\/20210804141309_49613-7x12.png 7w\" sizes=\"(max-width: 1000px) 100vw, 1000px\" \/><\/p>","protected":false},"excerpt":{"rendered":"","protected":false},"featured_media":8069,"comment_status":"open","ping_status":"closed","template":"","meta":[],"product_brand":[],"product_cat":[1164],"product_tag":[],"class_list":{"0":"post-8404","1":"product","2":"type-product","3":"status-publish","4":"has-post-thumbnail","6":"product_cat-tweezers","8":"first","9":"instock","10":"taxable","11":"shipping-taxable","12":"purchasable","13":"product-type-simple"},"yoast_head":"<!-- This site is optimized with the Yoast SEO plugin v27.3 - https:\/\/yoast.com\/product\/yoast-seo-wordpress\/ -->\n<title>Ineezy Square Handmade Tweezers - Stainless Steel Precision Tips, Non-Slip Grip. Lifetime Warranty, Fast Shipping - InsurePart<\/title>\n<meta name=\"robots\" content=\"index, follow, max-snippet:-1, max-image-preview:large, max-video-preview:-1\" \/>\n<link rel=\"canonical\" href=\"https:\/\/www.insurepart.com\/es\/producto\/ineezy-square-handmade-tweezers\/\" \/>\n<meta property=\"og:locale\" content=\"es_ES\" \/>\n<meta property=\"og:type\" content=\"article\" \/>\n<meta property=\"og:title\" content=\"Ineezy Square Handmade Tweezers - Stainless Steel Precision Tips, Non-Slip Grip. Lifetime Warranty, Fast Shipping - InsurePart\" \/>\n<meta property=\"og:url\" content=\"https:\/\/www.insurepart.com\/es\/producto\/ineezy-square-handmade-tweezers\/\" \/>\n<meta property=\"og:site_name\" content=\"InsurePart\" \/>\n<meta property=\"article:publisher\" content=\"https:\/\/www.facebook.com\/anjinleeEva\" \/>\n<meta property=\"article:modified_time\" content=\"2026-01-07T02:54:41+00:00\" \/>\n<meta property=\"og:image\" content=\"https:\/\/www.insurepart.com\/wp-content\/uploads\/2023\/12\/2-2.jpg\" \/>\n\t<meta property=\"og:image:width\" content=\"1000\" \/>\n\t<meta property=\"og:image:height\" content=\"1000\" \/>\n\t<meta property=\"og:image:type\" content=\"image\/jpeg\" \/>\n<meta name=\"twitter:card\" content=\"summary_large_image\" \/>\n<meta name=\"twitter:label1\" content=\"Tiempo de lectura\" \/>\n\t<meta name=\"twitter:data1\" content=\"1 minuto\" \/>\n<script type=\"application\/ld+json\" class=\"yoast-schema-graph\">{\"@context\":\"https:\\\/\\\/schema.org\",\"@graph\":[{\"@type\":\"WebPage\",\"@id\":\"https:\\\/\\\/www.insurepart.com\\\/product\\\/ineezy-square-handmade-tweezers\\\/\",\"url\":\"https:\\\/\\\/www.insurepart.com\\\/product\\\/ineezy-square-handmade-tweezers\\\/\",\"name\":\"Ineezy Square Handmade Tweezers - Stainless Steel Precision Tips, Non-Slip Grip. Lifetime Warranty, Fast Shipping - InsurePart\",\"isPartOf\":{\"@id\":\"https:\\\/\\\/www.insurepart.com\\\/de\\\/#website\"},\"primaryImageOfPage\":{\"@id\":\"https:\\\/\\\/www.insurepart.com\\\/product\\\/ineezy-square-handmade-tweezers\\\/#primaryimage\"},\"image\":{\"@id\":\"https:\\\/\\\/www.insurepart.com\\\/product\\\/ineezy-square-handmade-tweezers\\\/#primaryimage\"},\"thumbnailUrl\":\"https:\\\/\\\/www.insurepart.com\\\/wp-content\\\/uploads\\\/2023\\\/12\\\/2-2.jpg\",\"datePublished\":\"2023-12-14T03:43:11+00:00\",\"dateModified\":\"2026-01-07T02:54:41+00:00\",\"breadcrumb\":{\"@id\":\"https:\\\/\\\/www.insurepart.com\\\/product\\\/ineezy-square-handmade-tweezers\\\/#breadcrumb\"},\"inLanguage\":\"es\",\"potentialAction\":[{\"@type\":\"ReadAction\",\"target\":[\"https:\\\/\\\/www.insurepart.com\\\/product\\\/ineezy-square-handmade-tweezers\\\/\"]}]},{\"@type\":\"ImageObject\",\"inLanguage\":\"es\",\"@id\":\"https:\\\/\\\/www.insurepart.com\\\/product\\\/ineezy-square-handmade-tweezers\\\/#primaryimage\",\"url\":\"https:\\\/\\\/www.insurepart.com\\\/wp-content\\\/uploads\\\/2023\\\/12\\\/2-2.jpg\",\"contentUrl\":\"https:\\\/\\\/www.insurepart.com\\\/wp-content\\\/uploads\\\/2023\\\/12\\\/2-2.jpg\",\"width\":1000,\"height\":1000},{\"@type\":\"BreadcrumbList\",\"@id\":\"https:\\\/\\\/www.insurepart.com\\\/product\\\/ineezy-square-handmade-tweezers\\\/#breadcrumb\",\"itemListElement\":[{\"@type\":\"ListItem\",\"position\":1,\"name\":\"Home\",\"item\":\"https:\\\/\\\/www.insurepart.com\\\/\"},{\"@type\":\"ListItem\",\"position\":2,\"name\":\"Product\",\"item\":\"https:\\\/\\\/www.insurepart.com\\\/product\\\/\"},{\"@type\":\"ListItem\",\"position\":3,\"name\":\"Ineezy Square Handmade Tweezers &#8211; Stainless Steel Precision Tips, Non-Slip Grip. Lifetime Warranty, Fast Shipping\"}]},{\"@type\":\"WebSite\",\"@id\":\"https:\\\/\\\/www.insurepart.com\\\/de\\\/#website\",\"url\":\"https:\\\/\\\/www.insurepart.com\\\/de\\\/\",\"name\":\"InsurePart\",\"description\":\"Cell Phone Repair Parts; iPhone Parts Wholesale;Samsung Parts Supplier\",\"potentialAction\":[{\"@type\":\"SearchAction\",\"target\":{\"@type\":\"EntryPoint\",\"urlTemplate\":\"https:\\\/\\\/www.insurepart.com\\\/de\\\/?s={search_term_string}\"},\"query-input\":{\"@type\":\"PropertyValueSpecification\",\"valueRequired\":true,\"valueName\":\"search_term_string\"}}],\"inLanguage\":\"es\"}]}<\/script>\n<!-- \/ Yoast SEO plugin. -->","yoast_head_json":{"title":"Ineezy Square Handmade Tweezers - Stainless Steel Precision Tips, Non-Slip Grip. Lifetime Warranty, Fast Shipping - InsurePart","robots":{"index":"index","follow":"follow","max-snippet":"max-snippet:-1","max-image-preview":"max-image-preview:large","max-video-preview":"max-video-preview:-1"},"canonical":"https:\/\/www.insurepart.com\/es\/producto\/ineezy-square-handmade-tweezers\/","og_locale":"es_ES","og_type":"article","og_title":"Ineezy Square Handmade Tweezers - Stainless Steel Precision Tips, Non-Slip Grip. Lifetime Warranty, Fast Shipping - InsurePart","og_url":"https:\/\/www.insurepart.com\/es\/producto\/ineezy-square-handmade-tweezers\/","og_site_name":"InsurePart","article_publisher":"https:\/\/www.facebook.com\/anjinleeEva","article_modified_time":"2026-01-07T02:54:41+00:00","og_image":[{"width":1000,"height":1000,"url":"https:\/\/www.insurepart.com\/wp-content\/uploads\/2023\/12\/2-2.jpg","type":"image\/jpeg"}],"twitter_card":"summary_large_image","twitter_misc":{"Tiempo de lectura":"1 minuto"},"schema":{"@context":"https:\/\/schema.org","@graph":[{"@type":"WebPage","@id":"https:\/\/www.insurepart.com\/product\/ineezy-square-handmade-tweezers\/","url":"https:\/\/www.insurepart.com\/product\/ineezy-square-handmade-tweezers\/","name":"Ineezy Square Handmade Tweezers - Stainless Steel Precision Tips, Non-Slip Grip. Lifetime Warranty, Fast Shipping - InsurePart","isPartOf":{"@id":"https:\/\/www.insurepart.com\/de\/#website"},"primaryImageOfPage":{"@id":"https:\/\/www.insurepart.com\/product\/ineezy-square-handmade-tweezers\/#primaryimage"},"image":{"@id":"https:\/\/www.insurepart.com\/product\/ineezy-square-handmade-tweezers\/#primaryimage"},"thumbnailUrl":"https:\/\/www.insurepart.com\/wp-content\/uploads\/2023\/12\/2-2.jpg","datePublished":"2023-12-14T03:43:11+00:00","dateModified":"2026-01-07T02:54:41+00:00","breadcrumb":{"@id":"https:\/\/www.insurepart.com\/product\/ineezy-square-handmade-tweezers\/#breadcrumb"},"inLanguage":"es","potentialAction":[{"@type":"ReadAction","target":["https:\/\/www.insurepart.com\/product\/ineezy-square-handmade-tweezers\/"]}]},{"@type":"ImageObject","inLanguage":"es","@id":"https:\/\/www.insurepart.com\/product\/ineezy-square-handmade-tweezers\/#primaryimage","url":"https:\/\/www.insurepart.com\/wp-content\/uploads\/2023\/12\/2-2.jpg","contentUrl":"https:\/\/www.insurepart.com\/wp-content\/uploads\/2023\/12\/2-2.jpg","width":1000,"height":1000},{"@type":"BreadcrumbList","@id":"https:\/\/www.insurepart.com\/product\/ineezy-square-handmade-tweezers\/#breadcrumb","itemListElement":[{"@type":"ListItem","position":1,"name":"Home","item":"https:\/\/www.insurepart.com\/"},{"@type":"ListItem","position":2,"name":"Product","item":"https:\/\/www.insurepart.com\/product\/"},{"@type":"ListItem","position":3,"name":"Ineezy Square Handmade Tweezers &#8211; Stainless Steel Precision Tips, Non-Slip Grip. Lifetime Warranty, Fast Shipping"}]},{"@type":"WebSite","@id":"https:\/\/www.insurepart.com\/de\/#website","url":"https:\/\/www.insurepart.com\/de\/","name":"Asegurar parte","description":"Repuestos para celulares; Venta al por mayor de repuestos para iPhone; Proveedor de repuestos para Samsung","potentialAction":[{"@type":"SearchAction","target":{"@type":"EntryPoint","urlTemplate":"https:\/\/www.insurepart.com\/de\/?s={search_term_string}"},"query-input":{"@type":"PropertyValueSpecification","valueRequired":true,"valueName":"search_term_string"}}],"inLanguage":"es"}]}},"_links":{"self":[{"href":"https:\/\/www.insurepart.com\/es\/wp-json\/wp\/v2\/product\/8404","targetHints":{"allow":["GET"]}}],"collection":[{"href":"https:\/\/www.insurepart.com\/es\/wp-json\/wp\/v2\/product"}],"about":[{"href":"https:\/\/www.insurepart.com\/es\/wp-json\/wp\/v2\/types\/product"}],"replies":[{"embeddable":true,"href":"https:\/\/www.insurepart.com\/es\/wp-json\/wp\/v2\/comments?post=8404"}],"version-history":[{"count":2,"href":"https:\/\/www.insurepart.com\/es\/wp-json\/wp\/v2\/product\/8404\/revisions"}],"predecessor-version":[{"id":24339,"href":"https:\/\/www.insurepart.com\/es\/wp-json\/wp\/v2\/product\/8404\/revisions\/24339"}],"wp:featuredmedia":[{"embeddable":true,"href":"https:\/\/www.insurepart.com\/es\/wp-json\/wp\/v2\/media\/8069"}],"wp:attachment":[{"href":"https:\/\/www.insurepart.com\/es\/wp-json\/wp\/v2\/media?parent=8404"}],"wp:term":[{"taxonomy":"product_brand","embeddable":true,"href":"https:\/\/www.insurepart.com\/es\/wp-json\/wp\/v2\/product_brand?post=8404"},{"taxonomy":"product_cat","embeddable":true,"href":"https:\/\/www.insurepart.com\/es\/wp-json\/wp\/v2\/product_cat?post=8404"},{"taxonomy":"product_tag","embeddable":true,"href":"https:\/\/www.insurepart.com\/es\/wp-json\/wp\/v2\/product_tag?post=8404"}],"curies":[{"name":"wp","href":"https:\/\/api.w.org\/{rel}","templated":true}]}}